{"id":1273,"date":"2024-03-11T00:32:06","date_gmt":"2024-03-10T21:32:06","guid":{"rendered":"https:\/\/hotelspool.com\/?page_id=1273"},"modified":"2024-08-06T02:20:03","modified_gmt":"2024-08-05T23:20:03","slug":"dayanim-tablosu","status":"publish","type":"page","link":"https:\/\/rotaplast.com\/en\/dayanim-tablosu\/","title":{"rendered":"Poliethylene Resins"},"content":{"rendered":"<div  class='flex_column av-6fmi61-0d10a10eedef2ad188d308b0b0b40939 av_one_full  avia-builder-el-0  el_before_av_codeblock  avia-builder-el-first  first flex_column_div'     ><p>\n<style type=\"text\/css\" data-created_by=\"avia_inline_auto\" id=\"style-css-av-4n59cp-2db83c2fb2b14f4a8bbd43c7209bfc13\">\n#top .av-special-heading.av-4n59cp-2db83c2fb2b14f4a8bbd43c7209bfc13{\npadding-bottom:10px;\n}\nbody .av-special-heading.av-4n59cp-2db83c2fb2b14f4a8bbd43c7209bfc13 .av-special-heading-tag .heading-char{\nfont-size:25px;\n}\n.av-special-heading.av-4n59cp-2db83c2fb2b14f4a8bbd43c7209bfc13 .av-subheading{\nfont-size:15px;\n}\n<\/style>\n<div  class='av-special-heading av-4n59cp-2db83c2fb2b14f4a8bbd43c7209bfc13 av-special-heading-h3  avia-builder-el-1  el_before_av_textblock  avia-builder-el-first'><h3 class='av-special-heading-tag'  itemprop=\"headline\"  >Poliethylene Resins<\/h3><div class=\"special-heading-border\"><div class=\"special-heading-inner-border\"><\/div><\/div><\/div><br \/>\n<section  class='av_textblock_section av-27xgy1-0057b8feff1dabf53f295cab848bdbce'   itemscope=\"itemscope\" itemtype=\"https:\/\/schema.org\/CreativeWork\" ><div class='avia_textblock'  itemprop=\"text\" ><p>Among our products; Type the full name or a few characters of the chemical whose resistance status you want to see in the box below. The result will be listed automatically.<br \/>\nLegend: (Capital Letters indicate the results obtained in the laboratory environment,\nLowercase letters indicate estimated results. )<br \/>\nk\u00fc\u00e7\u00fck harfler ise tahmini sonu\u00e7lar\u0131 ifade eder. )<br \/>\nE (e) = Excellent<br \/>\nG (g) = Good<br \/>\nF (f) = Not Bad<br \/>\nP (p) =  Poor<br \/>\nN (n) = Not recommended<br \/>\nS (s) = Solvable<\/p>\n<\/div><\/section><\/p><\/div>","protected":false},"excerpt":{"rendered":"","protected":false},"author":1,"featured_media":0,"parent":0,"menu_order":0,"comment_status":"closed","ping_status":"closed","template":"","meta":{"footnotes":""},"class_list":["post-1273","page","type-page","status-publish","hentry"],"_links":{"self":[{"href":"https:\/\/rotaplast.com\/en\/wp-json\/wp\/v2\/pages\/1273","targetHints":{"allow":["GET"]}}],"collection":[{"href":"https:\/\/rotaplast.com\/en\/wp-json\/wp\/v2\/pages"}],"about":[{"href":"https:\/\/rotaplast.com\/en\/wp-json\/wp\/v2\/types\/page"}],"author":[{"embeddable":true,"href":"https:\/\/rotaplast.com\/en\/wp-json\/wp\/v2\/users\/1"}],"replies":[{"embeddable":true,"href":"https:\/\/rotaplast.com\/en\/wp-json\/wp\/v2\/comments?post=1273"}],"version-history":[{"count":5,"href":"https:\/\/rotaplast.com\/en\/wp-json\/wp\/v2\/pages\/1273\/revisions"}],"predecessor-version":[{"id":2224,"href":"https:\/\/rotaplast.com\/en\/wp-json\/wp\/v2\/pages\/1273\/revisions\/2224"}],"wp:attachment":[{"href":"https:\/\/rotaplast.com\/en\/wp-json\/wp\/v2\/media?parent=1273"}],"curies":[{"name":"wp","href":"https:\/\/api.w.org\/{rel}","templated":true}]}}