{"id":1276,"date":"2024-03-11T00:32:22","date_gmt":"2024-03-10T21:32:22","guid":{"rendered":"https:\/\/hotelspool.com\/?page_id=1276"},"modified":"2025-05-27T23:02:23","modified_gmt":"2025-05-27T20:02:23","slug":"kalite-politikasi","status":"publish","type":"page","link":"https:\/\/rotaplast.com\/en\/kalite-politikasi\/","title":{"rendered":"Qualty Policy"},"content":{"rendered":"<p><a href=\"https:\/\/rotaplast.com\/en\/home\/rotaplast2-4\/\" rel=\"attachment wp-att-2210\"><img loading=\"lazy\" decoding=\"async\" class=\"alignleft size-full wp-image-2210\" src=\"https:\/\/rotaplast.com\/wp-content\/uploads\/2026\/01\/Moloz-bacalari-slayder-en-guncel1.jpg\" alt=\"\" width=\"1134\" height=\"319\" srcset=\"https:\/\/rotaplast.com\/wp-content\/uploads\/2026\/01\/Moloz-bacalari-slayder-en-guncel1.jpg 1134w, https:\/\/rotaplast.com\/wp-content\/uploads\/2026\/01\/Moloz-bacalari-slayder-en-guncel1-300x84.jpg 300w, https:\/\/rotaplast.com\/wp-content\/uploads\/2026\/01\/Moloz-bacalari-slayder-en-guncel1-1030x290.jpg 1030w, https:\/\/rotaplast.com\/wp-content\/uploads\/2026\/01\/Moloz-bacalari-slayder-en-guncel1-768x216.jpg 768w, https:\/\/rotaplast.com\/wp-content\/uploads\/2026\/01\/Moloz-bacalari-slayder-en-guncel1-18x5.jpg 18w, https:\/\/rotaplast.com\/wp-content\/uploads\/2026\/01\/Moloz-bacalari-slayder-en-guncel1-705x198.jpg 705w, https:\/\/rotaplast.com\/wp-content\/uploads\/2026\/01\/Moloz-bacalari-slayder-en-guncel1-450x127.jpg 450w, https:\/\/rotaplast.com\/wp-content\/uploads\/2026\/01\/Moloz-bacalari-slayder-en-guncel1-600x169.jpg 600w\" sizes=\"auto, (max-width: 1134px) 100vw, 1134px\" \/><\/a><\/p>\n<p>&nbsp;<\/p>\n<p>ROTAPLAST PLASTIC INDUSTRY AND TRADE INC.<\/p>\n<p>ROTAPLAST adopts reliability and friendliness as the basis of its quality approach. It anticipates customer demands, bases its production on their satisfaction and uses the most advanced methods of technology, in line with the era and trends.<\/p>\n<p>Quality, responsibility and customer satisfaction are at the forefront of our principles.<br \/>\nOur company aims to be a pioneer in the sector with the \"High Quality\" approach created with the total quality management system.<\/p>\n<p>Our basic principle in the services we provide:<\/p>\n<ul>\n<li>To recognize our customers' needs in advance by prioritizing reliability and honesty,<\/li>\n<li>creating added value and ensuring high levels of customer satisfaction\u2026<\/li>\n<li>In order to be a flag bearer in developments in the sector, product quality and customer satisfaction, it focuses on personnel training in order to increase the level of personnel knowledge and competence, which is the basic element of the quality management system.<\/li>\n<\/ul>\n<p>Approve<br \/>\nGeneral Manager<\/p>","protected":false},"excerpt":{"rendered":"<p>&nbsp; \u201cROTAPLAST PLAST\u0130K SANAY\u0130 VE T\u0130CARET A.\u015e.; ROTAPLAST, G\u00fcvenilirlik ve g\u00fcler y\u00fczl\u00fcl\u00fc\u011f\u00fc kalite anlay\u0131\u015f\u0131n\u0131n temeli olarak benimser. M\u00fc\u015fteri isteklerini \u00f6nceden kestirir, onlar\u0131n memnuniyetini esas alarak ve teknolojinin en ileri y\u00f6ntemlerini kullanarak \u00e7a\u011fa ve trendlere uygun \u00fcretim yapar. Kalite, sorumluluk, m\u00fc\u015fteri memnuniyeti ilkelerimizin en ba\u015f\u0131nda gelmektedir. \u015eirketimiz toplam kalite y\u00f6netim sistemiyle olu\u015fturdu\u011fu \u201cY\u00fcksek Kalite\u201d anlay\u0131\u015f\u0131yla sekt\u00f6rde [&hellip;]<\/p>\n","protected":false},"author":1,"featured_media":0,"parent":0,"menu_order":0,"comment_status":"closed","ping_status":"closed","template":"","meta":{"footnotes":""},"class_list":["post-1276","page","type-page","status-publish","hentry"],"_links":{"self":[{"href":"https:\/\/rotaplast.com\/en\/wp-json\/wp\/v2\/pages\/1276","targetHints":{"allow":["GET"]}}],"collection":[{"href":"https:\/\/rotaplast.com\/en\/wp-json\/wp\/v2\/pages"}],"about":[{"href":"https:\/\/rotaplast.com\/en\/wp-json\/wp\/v2\/types\/page"}],"author":[{"embeddable":true,"href":"https:\/\/rotaplast.com\/en\/wp-json\/wp\/v2\/users\/1"}],"replies":[{"embeddable":true,"href":"https:\/\/rotaplast.com\/en\/wp-json\/wp\/v2\/comments?post=1276"}],"version-history":[{"count":7,"href":"https:\/\/rotaplast.com\/en\/wp-json\/wp\/v2\/pages\/1276\/revisions"}],"predecessor-version":[{"id":2392,"href":"https:\/\/rotaplast.com\/en\/wp-json\/wp\/v2\/pages\/1276\/revisions\/2392"}],"wp:attachment":[{"href":"https:\/\/rotaplast.com\/en\/wp-json\/wp\/v2\/media?parent=1276"}],"curies":[{"name":"wp","href":"https:\/\/api.w.org\/{rel}","templated":true}]}}