{"id":1279,"date":"2024-03-11T00:32:34","date_gmt":"2024-03-10T21:32:34","guid":{"rendered":"https:\/\/hotelspool.com\/?page_id=1279"},"modified":"2024-03-20T02:32:13","modified_gmt":"2024-03-19T23:32:13","slug":"referanslar","status":"publish","type":"page","link":"https:\/\/rotaplast.com\/en\/referanslar\/","title":{"rendered":"References"},"content":{"rendered":"<table border=\"0\" width=\"670\" cellspacing=\"0\" cellpadding=\"0\">\n<tbody>\n<tr>\n<td width=\"50%\">AK-AL A.\u015e.<\/td>\n<td width=\"50%\">AKBA\u015e TEKST\u0130L A.\u015e.<\/td>\n<\/tr>\n<tr>\n<td width=\"50%\">AKER BOYA A.\u015e.<\/td>\n<td width=\"50%\">AKHAN TEKST\u0130L A.\u015e.<\/td>\n<\/tr>\n<tr>\n<td width=\"50%\">AKMAN TEKST\u0130L A.\u015e.<\/td>\n<td width=\"50%\">AK-TOPS TEKST\u0130L A.\u015e.<\/td>\n<\/tr>\n<tr>\n<td width=\"50%\">ALKAN K\u0130MYA LTD.\u015eT\u0130.<\/td>\n<td width=\"50%\">ANTEL ARITMA A.\u015e.<\/td>\n<\/tr>\n<tr>\n<td width=\"50%\">ANV\u0130ROTEK ARITMA A.\u015e.<\/td>\n<td width=\"50%\">ARBOY TEKST\u0130L LTD.\u015eT\u0130<\/td>\n<\/tr>\n<tr>\n<td width=\"50%\">ARI ARITIM A.\u015e.<\/td>\n<td width=\"50%\">ARITIM M\u00dcHEND\u0130SL\u0130K LTD.\u015eT\u0130.<\/td>\n<\/tr>\n<tr>\n<td width=\"50%\">ARMES LTD.\u015eT\u0130.<\/td>\n<td width=\"50%\">ARSLANLI \u00d6RME A.\u015e.<\/td>\n<\/tr>\n<tr>\n<td width=\"50%\">ARTA\u015e<\/td>\n<td width=\"50%\">ARTES GIDA LTD.\u015eT\u0130.<\/td>\n<\/tr>\n<tr>\n<td width=\"50%\">ATA\u00c7 KOZMET\u0130K<\/td>\n<td width=\"50%\">AT\u0130TA\u015e A.\u015e.<\/td>\n<\/tr>\n<tr>\n<td width=\"50%\">ATLAS METAL A.\u015e.<\/td>\n<td width=\"50%\">AYCAN TEKST\u0130L A.\u015e.<\/td>\n<\/tr>\n<tr>\n<td width=\"50%\">AYDIN \u00d6RME A.\u015e.<\/td>\n<td width=\"50%\">AYTEM\u0130ZLER TEKST\u0130L LTD.\u015eT\u0130.<\/td>\n<\/tr>\n<tr>\n<td width=\"50%\">BAHAR\u0130YE MENSUCAT A.\u015e.<\/td>\n<td width=\"50%\">BAYDEM\u0130RLER TEKST\u0130L A.\u015e.<\/td>\n<\/tr>\n<tr>\n<td width=\"50%\">BAYKAN MODA TEKST\u0130L LTD.\u015eT\u0130.(LOTUS JEANS)<\/td>\n<td width=\"50%\">BAYSAN BOYA A.\u015e.<\/td>\n<\/tr>\n<tr>\n<td width=\"50%\">BERAY LTD.\u015eT\u0130.<\/td>\n<td width=\"50%\">BESA YAPI LTD.\u015eT\u0130.<\/td>\n<\/tr>\n<tr>\n<td width=\"50%\">BEYTEKS KONFEKS\u0130YON A.\u015e.<\/td>\n<td width=\"50%\">B\u0130LKONT TEKST\u0130L A.\u015e.<\/td>\n<\/tr>\n<tr>\n<td width=\"50%\">B\u0130O-TEK \u00c7EVRE LTD.\u015eT\u0130.<\/td>\n<td width=\"50%\">B\u0130RDAL YA\u011e A.\u015e.<\/td>\n<\/tr>\n<tr>\n<td width=\"50%\">BORSAN PLAST\u0130K LTD.\u015eT\u0130.<\/td>\n<td width=\"50%\">BOY-BO TEKST\u0130L A.\u015e.<\/td>\n<\/tr>\n<tr>\n<td width=\"50%\">BOYTEKS LTD.\u015eT\u0130.<\/td>\n<td width=\"50%\">BOZATLI METAL .A.\u015e.<\/td>\n<\/tr>\n<tr>\n<td width=\"50%\">BULTA\u015e K\u0130MYA A.\u015e.<\/td>\n<td width=\"50%\">CAAN TEKST\u0130L A.\u015e.<\/td>\n<\/tr>\n<tr>\n<td width=\"50%\">CANATA LTD.\u015eT\u0130.<\/td>\n<td width=\"50%\">CANTEK TEKST\u0130L A.\u015e.<\/td>\n<\/tr>\n<tr>\n<td width=\"50%\">CEDETA\u015e LTD.\u015eT\u0130.<\/td>\n<td width=\"50%\">CENG\u0130Z BOYACILIK A.\u015e.<\/td>\n<\/tr>\n<tr>\n<td width=\"50%\">CENKTA\u015e TEKST\u0130L LTD.\u015eT\u0130.<\/td>\n<td width=\"50%\">CER TEKST\u0130L LTD.\u015eT\u0130.<\/td>\n<\/tr>\n<tr>\n<td width=\"50%\">CESA TEKST\u0130L LTD.\u015eT\u0130.<\/td>\n<td width=\"50%\">CO\u015eKUNLAR \u0130N\u015eAAT LTD.\u015eT\u0130.<\/td>\n<\/tr>\n<tr>\n<td width=\"50%\">CULLIGAN TRC.A.\u015e.<\/td>\n<td width=\"50%\">\u00c7A\u011ePARK A.\u015e.<\/td>\n<\/tr>\n<tr>\n<td width=\"50%\">\u00c7AM SU A.\u015e.<\/td>\n<td width=\"50%\">\u00c7EVKO \u00c7EVRE LTD.\u015eT\u0130.<\/td>\n<\/tr>\n<tr>\n<td width=\"50%\">\u00c7EVRE TEKN\u0130K LTD.\u015eT\u0130.<\/td>\n<td width=\"50%\">\u00c7EVTA\u015e A.\u015e.<\/td>\n<\/tr>\n<tr>\n<td width=\"50%\">DEDE K\u0130MYA A.\u015e.<\/td>\n<td width=\"50%\">DEMAG K\u0130MYA LTD.\u015eT\u0130.<\/td>\n<\/tr>\n<tr>\n<td width=\"50%\">DEMEKS DI\u015e T\u0130CARET A.\u015e.<\/td>\n<td width=\"50%\">DEN\u0130MKO TEKST\u0130L A.\u015e. (LEVI\u2019 S JEANS)<\/td>\n<\/tr>\n<tr>\n<td width=\"50%\">D\u0130BA TEKST\u0130L LTD.\u015eT\u0130.<\/td>\n<td width=\"50%\">DO\u011eA TEM\u0130ZL\u0130K LTD.\u015eT\u0130.<\/td>\n<\/tr>\n<tr>\n<td width=\"50%\">DR\u0130TA TEKST\u0130L A.\u015e.<\/td>\n<td width=\"50%\">DURKO A.\u015e.<\/td>\n<\/tr>\n<tr>\n<td width=\"50%\">EBRU BOYAMA LTD.\u015eT\u0130.<\/td>\n<td width=\"50%\">EGEBOYA LTD.\u015eT\u0130.<\/td>\n<\/tr>\n<tr>\n<td width=\"50%\">EKOL ARITMA LTD.\u015eT\u0130.<\/td>\n<td width=\"50%\">EKOTEM BOYA A.\u015e.<\/td>\n<\/tr>\n<tr>\n<td width=\"50%\">ELEKTROK\u0130M LTD.\u015eT\u0130.<\/td>\n<td width=\"50%\">EL\u0130T BOYA APRE A.\u015e. ET\u0130-KROM A.\u015e.<\/td>\n<\/tr>\n<tr>\n<td width=\"50%\">ELVAN TEKST\u0130L A.\u015e.<\/td>\n<td width=\"50%\">ENFA ARITMA A.\u015e.<\/td>\n<\/tr>\n<tr>\n<td width=\"50%\">ENTA M\u00dcHEND\u0130SL\u0130K LTD.\u015eT\u0130.<\/td>\n<td width=\"50%\">EPSAN KOLLEKT\u0130F \u015eT\u0130.<\/td>\n<\/tr>\n<tr>\n<td width=\"50%\">EREN TEKST\u0130L A.\u015e.<\/td>\n<td width=\"50%\">ERNAMA\u015e MAK\u0130NA A.\u015e.<\/td>\n<\/tr>\n<tr>\n<td width=\"50%\">ERO\u011eLU G\u0130Y\u0130M LTD.\u015eT\u0130.<\/td>\n<td width=\"50%\">EROZAN TEKST\u0130L LTD.\u015eT\u0130.<\/td>\n<\/tr>\n<tr>\n<td width=\"50%\">ERSEL \u0130N\u015eAAT A.\u015e.<\/td>\n<td width=\"50%\">ESK\u0130\u015eEH\u0130R ANA JET \u00dcSS\u00dc<\/td>\n<\/tr>\n<tr>\n<td width=\"50%\">ESSU ARITMA A.\u015e.<\/td>\n<td width=\"50%\">EUROSAN \u0130THALAT A.\u015e.<\/td>\n<\/tr>\n<tr>\n<td width=\"50%\">EUROSPORT TEKST\u0130L LTD.\u015eT\u0130.<\/td>\n<td width=\"50%\">FARMER GIDA LTD.\u015eT\u0130.<\/td>\n<\/tr>\n<tr>\n<td width=\"50%\">FERSAH TEKST\u0130L A.\u015e.<\/td>\n<td width=\"50%\">FLUMEN TEKST\u0130L A.\u015e.<\/td>\n<\/tr>\n<tr>\n<td width=\"50%\">FRESHTEX TEKST\u0130L A.\u015e.<\/td>\n<td width=\"50%\">FRUKO ME\u015eRUBAT SANAY\u0130 A.\u015e.<\/td>\n<\/tr>\n<tr>\n<td width=\"50%\">GALS TEKST\u0130L A.\u015e.<\/td>\n<td width=\"50%\">GEN\u00c7-RENK TEKST\u0130L LTD.\u015eT\u0130.<\/td>\n<\/tr>\n<tr>\n<td width=\"50%\">GLOBAL K\u0130MYA SAN.A.\u015e.<\/td>\n<td width=\"50%\">GRUP TEKST\u0130L BOYA A.\u015e.<\/td>\n<\/tr>\n<tr>\n<td width=\"50%\">G\u00dcL\u00c7EK TEKST\u0130L BOYA LTD.\u015eT\u0130.<\/td>\n<td width=\"50%\">G\u00dcLE\u00c7 T\u0130CARET<\/td>\n<\/tr>\n<tr>\n<td width=\"50%\">G\u00dcLLE ENTEGRE TEKST\u0130L \u0130\u015eLT.A.\u015e.<\/td>\n<td width=\"50%\">G\u00dcM\u00dc\u015eSUYU HALI A.\u015e.<\/td>\n<\/tr>\n<tr>\n<td width=\"50%\">G\u00dcNE\u015e BOYA APRE A.\u015e.<\/td>\n<td width=\"50%\">G\u00dcRSAN AL\u00dcM\u0130NYUM LTD.\u015eT\u0130.<\/td>\n<\/tr>\n<tr>\n<td width=\"50%\">HAL\u0130S TEKST\u0130L LTD.\u015eT\u0130.<\/td>\n<td width=\"50%\">HAM BOYACILIK A.\u015e.<\/td>\n<\/tr>\n<tr>\n<td width=\"50%\">HAMLE TEKST\u0130L LTD.\u015eT\u0130.<\/td>\n<td width=\"50%\">HASTEKS ENTEGRE A.\u015e.<\/td>\n<\/tr>\n<tr>\n<td width=\"50%\">HATEKS \u00d6RME LTD.\u015eT\u0130.<\/td>\n<td width=\"50%\">HENATEKS BOYA A.\u015e.<\/td>\n<\/tr>\n<tr>\n<td width=\"50%\">HILTEKS TEKST\u0130L LTD.\u015eT\u0130.<\/td>\n<td width=\"50%\">H\u0130DROTEK ARITMA LTD.\u015eT\u0130.<\/td>\n<\/tr>\n<tr>\n<td width=\"50%\">\u0130NDOMA \u0130PL\u0130K A.\u015e.<\/td>\n<td width=\"50%\">\u0130REM TEKST\u0130L A.\u015e.<\/td>\n<\/tr>\n<tr>\n<td width=\"50%\">KALE-NOBEL A.\u015e.<\/td>\n<td width=\"50%\">KAPSAN \u00c7\u0130NKO LTD.\u015eT\u0130.<\/td>\n<\/tr>\n<tr>\n<td width=\"50%\">KARDEN\u0130M TEKST\u0130L A.\u015e.<\/td>\n<td width=\"50%\">KARPA DI\u015e T\u0130C. LTD.\u015eT\u0130.<\/td>\n<\/tr>\n<tr>\n<td width=\"50%\">KARTEKS TEKST\u0130L A.\u015e.<\/td>\n<td width=\"50%\">KASAR BOYA A.\u015e.<\/td>\n<\/tr>\n<tr>\n<td width=\"50%\">KAYA TEKST\u0130L LTD.\u015eT\u0130.<\/td>\n<td width=\"50%\">KENTPOL LTD.\u015eT\u0130.<\/td>\n<\/tr>\n<tr>\n<td width=\"50%\">KEY TEKST\u0130L LTD.\u015eT\u0130.<\/td>\n<td width=\"50%\">KORAY \u0130N\u015eAAT A.\u015e.<\/td>\n<\/tr>\n<tr>\n<td width=\"50%\">KOVEKA TEKST\u0130L A.\u015e.<\/td>\n<td width=\"50%\">K\u00d6SELER TEKST\u0130L LTD.\u015eT\u0130.<\/td>\n<\/tr>\n<tr>\n<td width=\"50%\">KRAL TEKST\u0130L A.\u015e.<\/td>\n<td width=\"50%\">KURT TEKST\u0130L LTD.\u015eT\u0130.<\/td>\n<\/tr>\n<tr>\n<td width=\"50%\">KUZEY \u0130N\u015eAAT LTD.\u015eT\u0130.<\/td>\n<td width=\"50%\">LEY TEKST\u0130L BOYA LTD.\u015eT\u0130.<\/td>\n<\/tr>\n<tr>\n<td width=\"50%\">MASS ARITMA LTD.\u015eT\u0130.<\/td>\n<td width=\"50%\">MATSAN \u0130LA\u00c7 LTD.\u015eT\u0130.<\/td>\n<\/tr>\n<tr>\n<td width=\"50%\">MAV\u0130 JEANS (ERAK G\u0130Y\u0130M A.\u015e.)<\/td>\n<td width=\"50%\">MEB K\u0130MYA LTD.\u015eT\u0130.<\/td>\n<\/tr>\n<tr>\n<td width=\"50%\">MEKSAN \u00c7EVRE A.\u015e.<\/td>\n<td width=\"50%\">MEM TEKST\u0130L A.\u015e.<\/td>\n<\/tr>\n<tr>\n<td width=\"50%\">MEMNUM MAK\u0130NA A.\u015e.<\/td>\n<td width=\"50%\">MESA METAL LTD.\u015eT\u0130.<\/td>\n<\/tr>\n<tr>\n<td width=\"50%\">METES \u00c7EVRE LTD.\u015eT\u0130.<\/td>\n<td width=\"50%\">M\u0130G\u0130-BOY TEKST\u0130L LTD.\u015eT\u0130.<\/td>\n<\/tr>\n<tr>\n<td width=\"50%\">M\u0130S\u0130S APRE A.\u015e.<\/td>\n<td width=\"50%\">MOT\u0130F TEKST\u0130L A.\u015e.<\/td>\n<\/tr>\n<tr>\n<td width=\"50%\">MTM LTD.\u015eT\u0130.<\/td>\n<td width=\"50%\">NABAY TEKST\u0130L A.\u015e.<\/td>\n<\/tr>\n<tr>\n<td width=\"50%\">NASKO KONFEKS\u0130YON A.\u015e.<\/td>\n<td width=\"50%\">NATURAL TEKST\u0130L A.\u015e.<\/td>\n<\/tr>\n<tr>\n<td width=\"50%\">NEMA K\u0130MYA A.\u015e.<\/td>\n<td width=\"50%\">NET C\u0130VATA A.\u015e.<\/td>\n<\/tr>\n<tr>\n<td width=\"50%\">NUHO\u011eLU \u0130N\u015eAAT A.\u015e.<\/td>\n<td width=\"50%\">NURYILDIZ TELST\u0130L A.\u015e.<\/td>\n<\/tr>\n<tr>\n<td width=\"50%\">\u00d6RMAK TEKST\u0130L A.\u015e.<\/td>\n<td width=\"50%\">\u00d6ZAY \u0130N\u015eAAT LTD.\u015eT\u0130.<\/td>\n<\/tr>\n<tr>\n<td width=\"50%\">\u00d6ZEN MENSUCAT A.\u015e.<\/td>\n<td width=\"50%\">\u00d6ZGER TEKST\u0130L BOYA A.\u015e.<\/td>\n<\/tr>\n<tr>\n<td width=\"50%\">\u00d6ZHAN K\u0130MYA A.\u015e.<\/td>\n<td width=\"50%\">\u00d6ZNALBANT TEKST\u0130L LTD.\u015eT\u0130.<\/td>\n<\/tr>\n<tr>\n<td width=\"50%\">\u00d6ZNUR KABLO LTD.\u015eT\u0130.<\/td>\n<td width=\"50%\">\u00d6Z\u015eAH\u0130N TEKST\u0130L YIKAMA LTD. \u015eT\u0130.<\/td>\n<\/tr>\n<tr>\n<td width=\"50%\">\u00d6ZTEKN\u0130K LTD.\u015eT\u0130.<\/td>\n<td width=\"50%\">PERMAK MAK\u0130NA A.\u015e.<\/td>\n<\/tr>\n<tr>\n<td width=\"50%\">POLAN DI\u015e T\u0130CARET LTD.\u015eT\u0130.<\/td>\n<td width=\"50%\">PROSES ARITMA LTD.\u015eT\u0130.<\/td>\n<\/tr>\n<tr>\n<td width=\"50%\">PROTEK TEKST\u0130L LTD.\u015eT\u0130.<\/td>\n<td width=\"50%\">PROTEKSAN LTD.\u015eT\u0130.<\/td>\n<\/tr>\n<tr>\n<td width=\"50%\">PROTEKST\u0130L DI\u015e T\u0130C. LTD. \u015eT\u0130.<\/td>\n<td width=\"50%\">R\u0130MTEKS \u00d6RME A.\u015e.<\/td>\n<\/tr>\n<tr>\n<td width=\"50%\">ROTA TEKST\u0130L A.\u015e.<\/td>\n<td width=\"50%\">SA-HA TEKST\u0130L LTD.\u015eT\u0130.<\/td>\n<\/tr>\n<tr>\n<td width=\"50%\">SAN\u0130DER \u0130LA\u00c7 LTD.\u015eT\u0130.<\/td>\n<td width=\"50%\">SAN\u0130TEK \u00c7EVRE LTD.\u015eT\u0130.<\/td>\n<\/tr>\n<tr>\n<td width=\"50%\">SAS ARITMA LTD.\u015eT\u0130.<\/td>\n<td width=\"50%\">SASA DUPONT A.\u015e.<\/td>\n<\/tr>\n<tr>\n<td width=\"50%\">SATEKS TEKST\u0130L LTD.\u015eT\u0130.<\/td>\n<td width=\"50%\">SAYSU LTD.\u015eT\u0130.<\/td>\n<\/tr>\n<tr>\n<td width=\"50%\">SEZER K\u0130MYA LTD.\u015eT\u0130.<\/td>\n<td width=\"50%\">S\u0130SMAT A.\u015e.<\/td>\n<\/tr>\n<tr>\n<td width=\"50%\">S\u0130SPA LTD.\u015eT\u0130.<\/td>\n<td width=\"50%\">S\u0130STEM YAPI A.\u015e. SUDESAN A.\u015e.<\/td>\n<\/tr>\n<tr>\n<td width=\"50%\">S\u00d6ZDEM\u0130R TEKST\u0130L A.\u015e.<\/td>\n<td width=\"50%\">STAR-PR\u0130NTEK A.\u015e.<\/td>\n<\/tr>\n<tr>\n<td width=\"50%\">STERK\u0130M K\u0130MYA LTD.\u015eT\u0130.<\/td>\n<td width=\"50%\">SUTEK ARITMA LTD.\u015eT\u0130.<\/td>\n<\/tr>\n<tr>\n<td width=\"50%\">\u015eAH\u0130NLER MENSUCAT A.\u015e.<\/td>\n<td width=\"50%\">TAMSAN MOTOR LTD.\u015eT\u0130.<\/td>\n<\/tr>\n<tr>\n<td width=\"50%\">TEKART ARITMA LTD.\u015eT\u0130.<\/td>\n<td width=\"50%\">TEKBOY TEKST\u0130L A.\u015e.<\/td>\n<\/tr>\n<tr>\n<td width=\"50%\">TEKEREKO\u011eLU TEKST\u0130L A.\u015e.<\/td>\n<td width=\"50%\">TEKN\u0130K ARITMA LTD.\u015eT\u0130.<\/td>\n<\/tr>\n<tr>\n<td width=\"50%\">TEKN\u0130K H\u0130ZMETLER LTD.\u015eT\u0130.<\/td>\n<td width=\"50%\">TEKST\u0130LYA TEKST\u0130L LTD.\u015eT\u0130.<\/td>\n<\/tr>\n<tr>\n<td width=\"50%\">TEMTA\u015e TEKST\u0130L A.\u015e.<\/td>\n<td width=\"50%\">TEN\u0130G\u00dcN TEKST\u0130L LTD.\u015eT\u0130.<\/td>\n<\/tr>\n<tr>\n<td width=\"50%\">TOLEM \u00c7EVRE LTD.\u015eT\u0130.<\/td>\n<td width=\"50%\">TOPKAPI BOYA A.\u015e.<\/td>\n<\/tr>\n<tr>\n<td width=\"50%\">TOPRAK \u0130N\u015eAAT LTD.\u015eT\u0130.<\/td>\n<td width=\"50%\">TUN\u00c7 \u0130PL\u0130K SAN.A.\u015e.<\/td>\n<\/tr>\n<tr>\n<td width=\"50%\">TURBEL GIDA A.\u015e.<\/td>\n<td width=\"50%\">TURNALAR TEKN\u0130K LTD.\u015eT\u0130.<\/td>\n<\/tr>\n<tr>\n<td width=\"50%\">TUSA\u015e U\u00c7AK MOTOR SANAY\u0130-TE\u0130<\/td>\n<td width=\"50%\">T\u00dcBA\u015e TEKST\u0130L A.\u015e.<\/td>\n<\/tr>\n<tr>\n<td width=\"50%\">T\u00dcRMA LTD.\u015eT\u0130.<\/td>\n<td width=\"50%\">ULTA\u015e ENTEGRE BOYA LTD.\u015eT\u0130.<\/td>\n<\/tr>\n<tr>\n<td width=\"50%\">ULUS TEKST\u0130L LTD.\u015eT\u0130.<\/td>\n<td width=\"50%\">UMUTLAR BOYA LTD.\u015eT\u0130.<\/td>\n<\/tr>\n<tr>\n<td width=\"50%\">\u00dcN\u0130TEKS TEKST\u0130L ve T\u0130C. A.\u015e.<\/td>\n<td width=\"50%\">\u00dcN\u0130VERSAL LTD.\u015eT\u0130.<\/td>\n<\/tr>\n<tr>\n<td width=\"50%\">\u00dcNL\u00dcER MAK\u0130NA A.\u015e.<\/td>\n<td width=\"50%\">YELKEN MADEN\u0130 E\u015eYA<\/td>\n<\/tr>\n<tr>\n<td width=\"50%\">YEN\u0130 U\u011eUR BOYAHANES\u0130<\/td>\n<td width=\"50%\">YILMAZ YIKAMA LTD.\u015eT\u0130.<\/td>\n<\/tr>\n<tr>\n<td width=\"50%\">YILTEKS LTD.\u015eT\u0130.<\/td>\n<td width=\"50%\">YKK METAL A.\u015e.<\/td>\n<\/tr>\n<\/tbody>\n<\/table>","protected":false},"excerpt":{"rendered":"<p>AK-AL A.\u015e. AKBA\u015e TEKST\u0130L A.\u015e. AKER BOYA A.\u015e. AKHAN TEKST\u0130L A.\u015e. AKMAN TEKST\u0130L A.\u015e. AK-TOPS TEKST\u0130L A.\u015e. ALKAN K\u0130MYA LTD.\u015eT\u0130. ANTEL ARITMA A.\u015e. ANV\u0130ROTEK ARITMA A.\u015e. ARBOY TEKST\u0130L LTD.\u015eT\u0130 ARI ARITIM A.\u015e. ARITIM M\u00dcHEND\u0130SL\u0130K LTD.\u015eT\u0130. ARMES LTD.\u015eT\u0130. ARSLANLI \u00d6RME A.\u015e. ARTA\u015e ARTES GIDA LTD.\u015eT\u0130. ATA\u00c7 KOZMET\u0130K AT\u0130TA\u015e A.\u015e. ATLAS METAL A.\u015e. AYCAN TEKST\u0130L A.\u015e. AYDIN [&hellip;]<\/p>\n","protected":false},"author":1,"featured_media":0,"parent":0,"menu_order":0,"comment_status":"closed","ping_status":"closed","template":"","meta":{"footnotes":""},"class_list":["post-1279","page","type-page","status-publish","hentry"],"_links":{"self":[{"href":"https:\/\/rotaplast.com\/en\/wp-json\/wp\/v2\/pages\/1279","targetHints":{"allow":["GET"]}}],"collection":[{"href":"https:\/\/rotaplast.com\/en\/wp-json\/wp\/v2\/pages"}],"about":[{"href":"https:\/\/rotaplast.com\/en\/wp-json\/wp\/v2\/types\/page"}],"author":[{"embeddable":true,"href":"https:\/\/rotaplast.com\/en\/wp-json\/wp\/v2\/users\/1"}],"replies":[{"embeddable":true,"href":"https:\/\/rotaplast.com\/en\/wp-json\/wp\/v2\/comments?post=1279"}],"version-history":[{"count":2,"href":"https:\/\/rotaplast.com\/en\/wp-json\/wp\/v2\/pages\/1279\/revisions"}],"predecessor-version":[{"id":1425,"href":"https:\/\/rotaplast.com\/en\/wp-json\/wp\/v2\/pages\/1279\/revisions\/1425"}],"wp:attachment":[{"href":"https:\/\/rotaplast.com\/en\/wp-json\/wp\/v2\/media?parent=1279"}],"curies":[{"name":"wp","href":"https:\/\/api.w.org\/{rel}","templated":true}]}}