{"id":1409,"date":"2024-03-05T18:26:45","date_gmt":"2024-03-05T15:26:45","guid":{"rendered":"https:\/\/hotelspool.com\/?post_type=product&#038;p=1409"},"modified":"2024-07-19T00:59:24","modified_gmt":"2024-07-18T21:59:24","slug":"polietilen-yatay-depo-t-300-y","status":"publish","type":"product","link":"https:\/\/rotaplast.com\/en\/product\/polietilen-yatay-depo-t-300-y\/","title":{"rendered":"POLYETHYLENE HORIZONTAL CONTAINER \nT-300 Y"},"content":{"rendered":"<p><strong>Pollethylene 300 Liter Horizontal Container<br \/>\n<\/strong>Product Code: T-300 Y<br \/>\nVolume: 300 L<br \/>\nWxL : 60x125 cm<br \/>\nH: 65 cm<br \/>\nCap Diameter: 35 cm<\/p>\n<p>&nbsp;<\/p>\n<p class=\"translation-block\">The primary component of Polyethylene, an organic hydrocarbon, is Ethylene. (C2H4)\nPolyethylene has a very strong impact resistance as a physical property.\nSince it has high chemical stability, it can be used safely in the storage of water and similar products.\nIf you would like to order our product with the code T-300 Y, produced in 300 Liters volume under the expertise of ROTAPLAST, you can call us immediately at +90 262 751 42 08 during working hours\u2026<\/p>\n<p>&nbsp;<\/p>","protected":false},"excerpt":{"rendered":"<p>Polietilen 300 Litre Yatay Depo \u00dcr\u00fcn Kodu: T-300 Y Hacim: 300 L EnXBoy: 60X125 cm Y\u00fck: 65 cm Kapak \u00c7ap\u0131: 35 mm &nbsp; Organik bir hidrokarbon olan Polietilenin birincil bile\u015feni Etilendir. (C2H4) Polietilen bir fiziksel \u00f6zellik olarak \u00e7ok g\u00fc\u00e7l\u00fc bir darbe dayan\u0131kl\u0131l\u0131\u011f\u0131na sahiptir. Kimyasal kararl\u0131l\u0131\u011f\u0131 y\u00fcksek oldu\u011fundan su ve benzeri \u00fcr\u00fcnlerin depolanmas\u0131nda g\u00fcvenle kullan\u0131l\u0131r. ROTAPLAST [&hellip;]<\/p>\n","protected":false},"featured_media":1403,"comment_status":"open","ping_status":"closed","template":"","meta":[],"product_brand":[],"product_cat":[16],"product_tag":[],"class_list":{"0":"post-1409","1":"product","2":"type-product","3":"status-publish","4":"has-post-thumbnail","6":"product_cat-genel","8":"first","9":"instock","10":"shipping-taxable","11":"product-type-simple"},"_links":{"self":[{"href":"https:\/\/rotaplast.com\/en\/wp-json\/wp\/v2\/product\/1409","targetHints":{"allow":["GET"]}}],"collection":[{"href":"https:\/\/rotaplast.com\/en\/wp-json\/wp\/v2\/product"}],"about":[{"href":"https:\/\/rotaplast.com\/en\/wp-json\/wp\/v2\/types\/product"}],"replies":[{"embeddable":true,"href":"https:\/\/rotaplast.com\/en\/wp-json\/wp\/v2\/comments?post=1409"}],"wp:featuredmedia":[{"embeddable":true,"href":"https:\/\/rotaplast.com\/en\/wp-json\/wp\/v2\/media\/1403"}],"wp:attachment":[{"href":"https:\/\/rotaplast.com\/en\/wp-json\/wp\/v2\/media?parent=1409"}],"wp:term":[{"taxonomy":"product_brand","embeddable":true,"href":"https:\/\/rotaplast.com\/en\/wp-json\/wp\/v2\/product_brand?post=1409"},{"taxonomy":"product_cat","embeddable":true,"href":"https:\/\/rotaplast.com\/en\/wp-json\/wp\/v2\/product_cat?post=1409"},{"taxonomy":"product_tag","embeddable":true,"href":"https:\/\/rotaplast.com\/en\/wp-json\/wp\/v2\/product_tag?post=1409"}],"curies":[{"name":"wp","href":"https:\/\/api.w.org\/{rel}","templated":true}]}}