{"id":1410,"date":"2024-03-05T18:26:13","date_gmt":"2024-03-05T15:26:13","guid":{"rendered":"https:\/\/hotelspool.com\/?post_type=product&#038;p=1410"},"modified":"2024-11-03T19:57:00","modified_gmt":"2024-11-03T16:57:00","slug":"polietilen-yatay-depo-t-500-y-kopya","status":"publish","type":"product","link":"https:\/\/rotaplast.com\/en\/product\/polietilen-yatay-depo-t-500-y-kopya\/","title":{"rendered":"POLYETHYLENE HORIZONTAL CONTAINER T-500 Y"},"content":{"rendered":"<p><strong>Pollethylene 500 Liter Horizontal Container<br \/>\n<\/strong>Product code: T-500 Y<br \/>\nVolume: 500 L<br \/>\nWxL : 80x120 cm<br \/>\nH: 90 cm<br \/>\nCover Diameter: 40 cm<\/p>\n<p>&nbsp;<\/p>\n<p class=\"translation-block\">The primary component of Polyethylene, an organic hydrocarbon, is Ethylene. (C2H4)\nPolyethylene has a very strong impact resistance as a physical property.\nSince it has high chemical stability, it can be used safely in the storage of water and similar products.\nIf you would like to order our product with the code T-500 Y, produced in 500 Liters volume under the expertise of ROTAPLAST, you can call us immediately at +90 262 751 42 08 during working hours\u2026<\/p>\n<p>&nbsp;<\/p>","protected":false},"excerpt":{"rendered":"<p>Polietilen 500 Litre Yatay Depo \u00dcr\u00fcn Kodu: T-500 Y Hacim: 500 L EnXBoy: 80X120 cm Y\u00fck: 90 cm Kapak \u00c7ap\u0131: 40 cm &nbsp; Organik bir hidrokarbon olan Polietilenin birincil bile\u015feni Etilendir. (C2H4) Polietilen bir fiziksel \u00f6zellik olarak \u00e7ok g\u00fc\u00e7l\u00fc bir darbe dayan\u0131kl\u0131l\u0131\u011f\u0131na sahiptir. Kimyasal kararl\u0131l\u0131\u011f\u0131 y\u00fcksek oldu\u011fundan su ve benzeri \u00fcr\u00fcnlerin depolanmas\u0131nda g\u00fcvenle kullan\u0131l\u0131r. ROTAPLAST [&hellip;]<\/p>\n","protected":false},"featured_media":1403,"comment_status":"open","ping_status":"closed","template":"","meta":[],"product_brand":[],"product_cat":[16],"product_tag":[],"class_list":{"0":"post-1410","1":"product","2":"type-product","3":"status-publish","4":"has-post-thumbnail","6":"product_cat-genel","8":"first","9":"instock","10":"shipping-taxable","11":"product-type-simple"},"_links":{"self":[{"href":"https:\/\/rotaplast.com\/en\/wp-json\/wp\/v2\/product\/1410","targetHints":{"allow":["GET"]}}],"collection":[{"href":"https:\/\/rotaplast.com\/en\/wp-json\/wp\/v2\/product"}],"about":[{"href":"https:\/\/rotaplast.com\/en\/wp-json\/wp\/v2\/types\/product"}],"replies":[{"embeddable":true,"href":"https:\/\/rotaplast.com\/en\/wp-json\/wp\/v2\/comments?post=1410"}],"wp:featuredmedia":[{"embeddable":true,"href":"https:\/\/rotaplast.com\/en\/wp-json\/wp\/v2\/media\/1403"}],"wp:attachment":[{"href":"https:\/\/rotaplast.com\/en\/wp-json\/wp\/v2\/media?parent=1410"}],"wp:term":[{"taxonomy":"product_brand","embeddable":true,"href":"https:\/\/rotaplast.com\/en\/wp-json\/wp\/v2\/product_brand?post=1410"},{"taxonomy":"product_cat","embeddable":true,"href":"https:\/\/rotaplast.com\/en\/wp-json\/wp\/v2\/product_cat?post=1410"},{"taxonomy":"product_tag","embeddable":true,"href":"https:\/\/rotaplast.com\/en\/wp-json\/wp\/v2\/product_tag?post=1410"}],"curies":[{"name":"wp","href":"https:\/\/api.w.org\/{rel}","templated":true}]}}