{"id":1413,"date":"2024-03-05T18:20:23","date_gmt":"2024-03-05T15:20:23","guid":{"rendered":"https:\/\/hotelspool.com\/?post_type=product&#038;p=1413"},"modified":"2024-09-09T12:07:25","modified_gmt":"2024-09-09T09:07:25","slug":"polietilen-yatay-depo-urun-tablo","status":"publish","type":"product","link":"https:\/\/rotaplast.com\/en\/product\/polietilen-yatay-depo-urun-tablo\/","title":{"rendered":"POLYETHYLENE Horizontal Containers Product Table"},"content":{"rendered":"<p>The primary component of Polyethylene, an organic hydrocarbon, is Ethylene. (C2H4)<br \/>\nPolyethylene has a very strong impact resistance as a physical property.<br \/>\nSince it has high chemical stability, it can be used safely in the storage of water and similar products.<br \/>\nProduced in Rotaplast expertise, the products in the 'Polyethylene Horizontal Containers' category are produced in various volumes as you can see in the table below.<br \/>\nIf you want to order from our products produced in Rotaplast expertise, call us\u00a0<strong>+90 262 751 42 08<\/strong>at working hours.<\/p>\n<p>&nbsp;<\/p>","protected":false},"excerpt":{"rendered":"<p>Organik bir hidrokarbon olan Polietilenin birincil bile\u015feni Etilendir. (C2H4) Polietilen bir fiziksel \u00f6zellik olarak \u00e7ok g\u00fc\u00e7l\u00fc bir darbe dayan\u0131kl\u0131l\u0131\u011f\u0131na sahiptir. Kimyasal kararl\u0131l\u0131\u011f\u0131 y\u00fcksek oldu\u011fundan su ve benzeri \u00fcr\u00fcnlerin depolanmas\u0131nda g\u00fcvenle kullan\u0131l\u0131r. ROTAPLAST uzmanl\u0131\u011f\u0131nda, Polietilen Yatay Depolar, kategorisindeki \u00fcr\u00fcnler, yandaki tabloda g\u00f6rebilece\u011finiz gibi \u00e7e\u015fitli hacimlerde \u00fcretilmektedir. ROTAPLAST uzmanl\u0131\u011f\u0131nda \u00fcretilen \u00fcr\u00fcnlerimizden sipari\u015f vermek isterseniz bizi hemen\u00a0+90 262 [&hellip;]<\/p>\n","protected":false},"featured_media":2372,"comment_status":"open","ping_status":"closed","template":"","meta":[],"product_brand":[],"product_cat":[56],"product_tag":[],"class_list":{"0":"post-1413","1":"product","2":"type-product","3":"status-publish","4":"has-post-thumbnail","6":"product_cat-polietilen-yatay-depolar","8":"first","9":"instock","10":"shipping-taxable","11":"product-type-simple"},"_links":{"self":[{"href":"https:\/\/rotaplast.com\/en\/wp-json\/wp\/v2\/product\/1413","targetHints":{"allow":["GET"]}}],"collection":[{"href":"https:\/\/rotaplast.com\/en\/wp-json\/wp\/v2\/product"}],"about":[{"href":"https:\/\/rotaplast.com\/en\/wp-json\/wp\/v2\/types\/product"}],"replies":[{"embeddable":true,"href":"https:\/\/rotaplast.com\/en\/wp-json\/wp\/v2\/comments?post=1413"}],"wp:featuredmedia":[{"embeddable":true,"href":"https:\/\/rotaplast.com\/en\/wp-json\/wp\/v2\/media\/2372"}],"wp:attachment":[{"href":"https:\/\/rotaplast.com\/en\/wp-json\/wp\/v2\/media?parent=1413"}],"wp:term":[{"taxonomy":"product_brand","embeddable":true,"href":"https:\/\/rotaplast.com\/en\/wp-json\/wp\/v2\/product_brand?post=1413"},{"taxonomy":"product_cat","embeddable":true,"href":"https:\/\/rotaplast.com\/en\/wp-json\/wp\/v2\/product_cat?post=1413"},{"taxonomy":"product_tag","embeddable":true,"href":"https:\/\/rotaplast.com\/en\/wp-json\/wp\/v2\/product_tag?post=1413"}],"curies":[{"name":"wp","href":"https:\/\/api.w.org\/{rel}","templated":true}]}}