{"id":1489,"date":"2024-03-21T04:05:02","date_gmt":"2024-03-21T01:05:02","guid":{"rendered":"https:\/\/hotelspool.com\/?post_type=product&#038;p=1489"},"modified":"2024-03-21T22:27:24","modified_gmt":"2024-03-21T19:27:24","slug":"metal-kaplama-banyolari","status":"publish","type":"product","link":"https:\/\/rotaplast.com\/en\/product\/metal-kaplama-banyolari\/","title":{"rendered":"Metal Plating Facilities Bath Accessories"},"content":{"rendered":"<p class=\"translation-block\">Process Application: Determination of optimum process meeting quality standards and working conditions in accordance with \u2018Minimum Waste Technology\u2019 are among our services. Designing processes resistant to contamination and providing long bath life is our primary goal. ROTAPLAST combines long years experience with new technologies and brings together the most secured, economical and fastest solution at most appropriate point.<\/p>\n<p>&nbsp;<\/p>","protected":false},"excerpt":{"rendered":"<p class=\"translation-block\">Production and support for Metal Plating Facilities and Accessories are being provided by ROTAPLAST as turnkey.<\/p>\n<p>ROTAPLAST, ba\u015far\u0131l\u0131 bir metal kaplama i\u015flemi i\u00e7in gereken her t\u00fcrl\u00fc hizmeti tek bir hat \u00fczerinde sunuyor. M\u00fchendislik, Ekipman, S\u00fcre\u00e7 ve Teknik Destek alanlar\u0131ndaki tecr\u00fcbesi sayesinde tam ba\u015far\u0131y\u0131 garanti ediyor.<\/p>\n<p class=\"translation-block\">ROTAPLAST provides complete turnkey plating system, brings all pieces from A to Z together and makes production by taking all responsibility of the project.\nSystem Design: ROTAPLAST plans and organizes a special system according to your requirements.\n1. Optimum system organization and work flow\n2. Adjusting equipment sizes and construction methods\n3. Decreasing resource waste to minimum level\n4. The most developed Ventilation Systems\n5. Layout, all details are considered, production and installation drawings<\/p>","protected":false},"featured_media":1513,"comment_status":"open","ping_status":"closed","template":"","meta":[],"product_brand":[],"product_cat":[66,30],"product_tag":[],"class_list":{"0":"post-1489","1":"product","2":"type-product","3":"status-publish","4":"has-post-thumbnail","6":"product_cat-metal-kaplama-banyolari","7":"product_cat-muhendislik-uygulamalari","9":"first","10":"instock","11":"shipping-taxable","12":"product-type-simple"},"_links":{"self":[{"href":"https:\/\/rotaplast.com\/en\/wp-json\/wp\/v2\/product\/1489","targetHints":{"allow":["GET"]}}],"collection":[{"href":"https:\/\/rotaplast.com\/en\/wp-json\/wp\/v2\/product"}],"about":[{"href":"https:\/\/rotaplast.com\/en\/wp-json\/wp\/v2\/types\/product"}],"replies":[{"embeddable":true,"href":"https:\/\/rotaplast.com\/en\/wp-json\/wp\/v2\/comments?post=1489"}],"wp:featuredmedia":[{"embeddable":true,"href":"https:\/\/rotaplast.com\/en\/wp-json\/wp\/v2\/media\/1513"}],"wp:attachment":[{"href":"https:\/\/rotaplast.com\/en\/wp-json\/wp\/v2\/media?parent=1489"}],"wp:term":[{"taxonomy":"product_brand","embeddable":true,"href":"https:\/\/rotaplast.com\/en\/wp-json\/wp\/v2\/product_brand?post=1489"},{"taxonomy":"product_cat","embeddable":true,"href":"https:\/\/rotaplast.com\/en\/wp-json\/wp\/v2\/product_cat?post=1489"},{"taxonomy":"product_tag","embeddable":true,"href":"https:\/\/rotaplast.com\/en\/wp-json\/wp\/v2\/product_tag?post=1489"}],"curies":[{"name":"wp","href":"https:\/\/api.w.org\/{rel}","templated":true}]}}