{"id":1520,"date":"2024-03-22T00:44:18","date_gmt":"2024-03-21T21:44:18","guid":{"rendered":"https:\/\/hotelspool.com\/?post_type=product&#038;p=1520"},"modified":"2024-03-22T03:36:54","modified_gmt":"2024-03-22T00:36:54","slug":"degazorler-tank-yikama-kuleleri","status":"publish","type":"product","link":"https:\/\/rotaplast.com\/en\/product\/degazorler-tank-yikama-kuleleri\/","title":{"rendered":"Degasifiers"},"content":{"rendered":"<p>ROTAPLAST; provides turnkey services, training and support after production for waste scrubbers and degasifier systems as project and production base<br \/>\nOur production is in accordance with international security standards and put into use after passing through all security tests.<br \/>\nThe most effective, fastest and most economical solutions are applied at ROTAPLAST facilities by means of combining long years experience with newest production technologies.<\/p>","protected":false},"excerpt":{"rendered":"<p>ROTAPLAST; at\u0131k gaz y\u0131kama kuleleri ve degaz\u00f6r sistemlerinde proje ve imalat baz\u0131nda anahtar teslimi hizmet ve \u00fcretim sonras\u0131 e\u011fitim ve destek vermektedir. \u00dcretimimiz t\u00fcm a\u015famalar\u0131nda uluslararas\u0131 g\u00fcvenlik sertifikalar\u0131na uyumlu ve gerekli t\u00fcm g\u00fcvenlik testlerinden ge\u00e7irilerek devreye al\u0131nmaktad\u0131r. En verimli, en h\u0131zl\u0131 ve en ekonomik \u00e7\u00f6z\u00fcmler; uzun y\u0131llar\u0131n deneyimi ile en yeni \u00fcretim teknolojilerinin bir araya [&hellip;]<\/p>\n","protected":false},"featured_media":1521,"comment_status":"open","ping_status":"closed","template":"","meta":[],"product_brand":[],"product_cat":[71],"product_tag":[],"class_list":{"0":"post-1520","1":"product","2":"type-product","3":"status-publish","4":"has-post-thumbnail","6":"product_cat-degazorler-gaz-yikama-kuleleri","8":"first","9":"instock","10":"shipping-taxable","11":"product-type-simple"},"_links":{"self":[{"href":"https:\/\/rotaplast.com\/en\/wp-json\/wp\/v2\/product\/1520","targetHints":{"allow":["GET"]}}],"collection":[{"href":"https:\/\/rotaplast.com\/en\/wp-json\/wp\/v2\/product"}],"about":[{"href":"https:\/\/rotaplast.com\/en\/wp-json\/wp\/v2\/types\/product"}],"replies":[{"embeddable":true,"href":"https:\/\/rotaplast.com\/en\/wp-json\/wp\/v2\/comments?post=1520"}],"wp:featuredmedia":[{"embeddable":true,"href":"https:\/\/rotaplast.com\/en\/wp-json\/wp\/v2\/media\/1521"}],"wp:attachment":[{"href":"https:\/\/rotaplast.com\/en\/wp-json\/wp\/v2\/media?parent=1520"}],"wp:term":[{"taxonomy":"product_brand","embeddable":true,"href":"https:\/\/rotaplast.com\/en\/wp-json\/wp\/v2\/product_brand?post=1520"},{"taxonomy":"product_cat","embeddable":true,"href":"https:\/\/rotaplast.com\/en\/wp-json\/wp\/v2\/product_cat?post=1520"},{"taxonomy":"product_tag","embeddable":true,"href":"https:\/\/rotaplast.com\/en\/wp-json\/wp\/v2\/product_tag?post=1520"}],"curies":[{"name":"wp","href":"https:\/\/api.w.org\/{rel}","templated":true}]}}