{"id":1524,"date":"2024-03-22T00:50:45","date_gmt":"2024-03-21T21:50:45","guid":{"rendered":"https:\/\/hotelspool.com\/?post_type=product&#038;p=1524"},"modified":"2024-03-22T15:42:32","modified_gmt":"2024-03-22T12:42:32","slug":"ecm-brewery-tesisleri","status":"publish","type":"product","link":"https:\/\/rotaplast.com\/en\/product\/ecm-brewery-tesisleri\/","title":{"rendered":"ECM Brewery Facilities"},"content":{"rendered":"<p>The most important part of ECM Brewery System which has been planned as a grand investment project of T\u00fcrkiye U\u00e7ak Sanayi A.\u015e., based in Eski\u015fehir, has been accomplished by Rotaplast A.\u015e.<br \/>\nWork done by Rotaplast is delivery commitment of BREWERY facility as complete turnkey in order to run ECM equipment to be imported to produce BLISK parts inside modern jet engines at TEI facilities.<br \/>\nTE\u0130, one of world\u2019s leading aircraft engine manufacturers, has accomplished production of first single piece compressor pale and disk part (blisk) with installed facility. Above mentioned production has been done for 5th stage compressor blisk part of GEnx engine giving power to Boeing 747-8 and 787 that has been one of today\u2019s most important aircraft engine development project.<br \/>\nBlisk project could be realized by utilizing latest technologies of world aviation industry. TE\u0130 with this investment has become one of exceptional companies having this technology. Better performance has been accomplished by decreasing considerable amount of weight and harmful emissions at jet engines by means of using high technology in production of new generation blisk and spools.<br \/>\nDefense Industry Undersecretary visited TE\u0130 in order to see installed facilities on site in September,2010, this investment is an indicator for current situation of our country\u2019s aviation industry.\nAs being completed this facility before due date and much better quality than expectations, Rotaplast, providing service to TUSA\u015e A.\u015e. since 2000, is proud of being one of the actors of this project that is source of pride for Turkey.<br \/>\n2000 y\u0131l\u0131ndan beri TUSA\u015e A.\u015e.\u2019ye hizmet veren Rotaplast bu tesisi de istenilen zamandan \u00f6nce ve beklentilerin \u00e7ok \u00fcst\u00fcnde bir kalitede tamamlayarak T\u00fcrkiye i\u00e7in gurur kayna\u011f\u0131 olan bu projenin \u00f6nemli akt\u00f6rlerinde biri olman\u0131n gururu i\u00e7indedir.<\/p>","protected":false},"excerpt":{"rendered":"<p>Eski\u015fehir\u2019de bulunan TUSA\u015e Motor Sanayi A.\u015e. (TE\u0130) b\u00fcnyesinde planlanan b\u00fcy\u00fck bir yat\u0131r\u0131m projesi olan ECM Brewery sisteminin en \u00f6nemli par\u00e7as\u0131n\u0131 Rotaplast A.\u015e. 2010 y\u0131l\u0131nda ba\u015far\u0131yla tamamlam\u0131\u015ft\u0131r. Rotaplast taraf\u0131ndan yap\u0131lan i\u015f , modern jet motorlar\u0131n\u0131n i\u00e7inde bulunan BL\u0130SK par\u00e7as\u0131n\u0131n TE\u0130 tesislerinde \u00fcretilebilmesi i\u00e7in yurt d\u0131\u015f\u0131ndan al\u0131nacak ECM makinesini \u00e7al\u0131\u015ft\u0131racak BREWERY tesisinin komple anahtar teslim taahh\u00fcd\u00fcd\u00fcr. Yap\u0131lan [&hellip;]<\/p>\n","protected":false},"featured_media":1525,"comment_status":"open","ping_status":"closed","template":"","meta":[],"product_brand":[],"product_cat":[65],"product_tag":[],"class_list":{"0":"post-1524","1":"product","2":"type-product","3":"status-publish","4":"has-post-thumbnail","6":"product_cat-ecm-brewery-tesisleri","8":"first","9":"instock","10":"shipping-taxable","11":"product-type-simple"},"_links":{"self":[{"href":"https:\/\/rotaplast.com\/en\/wp-json\/wp\/v2\/product\/1524","targetHints":{"allow":["GET"]}}],"collection":[{"href":"https:\/\/rotaplast.com\/en\/wp-json\/wp\/v2\/product"}],"about":[{"href":"https:\/\/rotaplast.com\/en\/wp-json\/wp\/v2\/types\/product"}],"replies":[{"embeddable":true,"href":"https:\/\/rotaplast.com\/en\/wp-json\/wp\/v2\/comments?post=1524"}],"wp:featuredmedia":[{"embeddable":true,"href":"https:\/\/rotaplast.com\/en\/wp-json\/wp\/v2\/media\/1525"}],"wp:attachment":[{"href":"https:\/\/rotaplast.com\/en\/wp-json\/wp\/v2\/media?parent=1524"}],"wp:term":[{"taxonomy":"product_brand","embeddable":true,"href":"https:\/\/rotaplast.com\/en\/wp-json\/wp\/v2\/product_brand?post=1524"},{"taxonomy":"product_cat","embeddable":true,"href":"https:\/\/rotaplast.com\/en\/wp-json\/wp\/v2\/product_cat?post=1524"},{"taxonomy":"product_tag","embeddable":true,"href":"https:\/\/rotaplast.com\/en\/wp-json\/wp\/v2\/product_tag?post=1524"}],"curies":[{"name":"wp","href":"https:\/\/api.w.org\/{rel}","templated":true}]}}