{"id":1529,"date":"2024-03-22T00:57:38","date_gmt":"2024-03-21T21:57:38","guid":{"rendered":"https:\/\/hotelspool.com\/?post_type=product&#038;p=1529"},"modified":"2024-03-22T17:41:12","modified_gmt":"2024-03-22T14:41:12","slug":"fpi-tesisleri","status":"publish","type":"product","link":"https:\/\/rotaplast.com\/en\/product\/fpi-tesisleri\/","title":{"rendered":"FPI Facilities"},"content":{"rendered":"<p>After completion of Brewery Facility Contract for TUSA\u015e A.\u015e. in 2010, Rotaplast has been awarded for contract of investment of FPI Part Transportation Loading System and Automation, again an advanced investment project, due to its reliability.<br \/>\nThis project is the first facility within TE\u0130 that all flows and acts were operated under PLC control.<br \/>\n100% of aircraft engine parts processed at CNC machines are tested at this monitoring facility. Any fracture, welding problem, wearing and other similar defects are being controlled with applied tests and therefore it is a vitally<br \/>\nimportant production step for aircraft engine.\nComplete design and production of this project, having international importance, except oven has been realized by ROTAPLAST.<br \/>\nTE\u0130 has been provided considerable economy in labor force and faster work flow by means of PLC control systems and automation installed at facility.<\/p>","protected":false},"excerpt":{"rendered":"<p>2010 y\u0131l\u0131nda TUSA\u015e A.\u015e. i\u00e7in Brewery tesisi taahh\u00fcd\u00fcn\u00fc ba\u015far\u0131yla tamamlayan Rotaplast\u2019a duyulan g\u00fcven neticesinde yine ileri teknoloji bir yat\u0131r\u0131m projesi olan FPI Par\u00e7a Ta\u015f\u0131ma Y\u00fckleme Sistemi ve Otomasyonu yat\u0131r\u0131m\u0131 da Rotaplast\u2019a ihale edilmi\u015ftir. Bu proje, TEI b\u00fcnyesinde, t\u00fcm ak\u0131\u015flar\u0131n ve hareketlerin PLC kontrol\u00fcnde i\u015flendi\u011fi ilk tesistir. CNC tezgahlarda i\u015flenen u\u00e7ak motor par\u00e7alar\u0131n\u0131n % 100\u2032\u00fc bu [&hellip;]<\/p>\n","protected":false},"featured_media":1530,"comment_status":"open","ping_status":"closed","template":"","meta":[],"product_brand":[],"product_cat":[64],"product_tag":[],"class_list":{"0":"post-1529","1":"product","2":"type-product","3":"status-publish","4":"has-post-thumbnail","6":"product_cat-fpi-tesisleri","8":"first","9":"instock","10":"shipping-taxable","11":"product-type-simple"},"_links":{"self":[{"href":"https:\/\/rotaplast.com\/en\/wp-json\/wp\/v2\/product\/1529","targetHints":{"allow":["GET"]}}],"collection":[{"href":"https:\/\/rotaplast.com\/en\/wp-json\/wp\/v2\/product"}],"about":[{"href":"https:\/\/rotaplast.com\/en\/wp-json\/wp\/v2\/types\/product"}],"replies":[{"embeddable":true,"href":"https:\/\/rotaplast.com\/en\/wp-json\/wp\/v2\/comments?post=1529"}],"wp:featuredmedia":[{"embeddable":true,"href":"https:\/\/rotaplast.com\/en\/wp-json\/wp\/v2\/media\/1530"}],"wp:attachment":[{"href":"https:\/\/rotaplast.com\/en\/wp-json\/wp\/v2\/media?parent=1529"}],"wp:term":[{"taxonomy":"product_brand","embeddable":true,"href":"https:\/\/rotaplast.com\/en\/wp-json\/wp\/v2\/product_brand?post=1529"},{"taxonomy":"product_cat","embeddable":true,"href":"https:\/\/rotaplast.com\/en\/wp-json\/wp\/v2\/product_cat?post=1529"},{"taxonomy":"product_tag","embeddable":true,"href":"https:\/\/rotaplast.com\/en\/wp-json\/wp\/v2\/product_tag?post=1529"}],"curies":[{"name":"wp","href":"https:\/\/api.w.org\/{rel}","templated":true}]}}