{"id":1533,"date":"2024-03-22T01:00:20","date_gmt":"2024-03-21T22:00:20","guid":{"rendered":"https:\/\/hotelspool.com\/?post_type=product&#038;p=1533"},"modified":"2024-03-22T17:49:47","modified_gmt":"2024-03-22T14:49:47","slug":"koku-giderme-uniteleri","status":"publish","type":"product","link":"https:\/\/rotaplast.com\/en\/product\/koku-giderme-uniteleri\/","title":{"rendered":"Deodorization Units"},"content":{"rendered":"<p>ROTAPLAST; It determines Odor Removal Units according to the needs of your facility and produces and tests them in accordance with international standards.<br \/>\nIt carries out the installation on a turnkey basis. By continuing post-installation training and support, it becomes a reference source for all your institution's needs regarding permanent security.<\/p>\n<p>Environmental pollution should not be considered as soil, water and air pollution only. Products of anaerobic decomposition (biochemical degradation in air free environment) are osmogen (giving off bad smell) products, ammonium, hydrogen sulphide as inorganic; amine aldehyde, alcohol and carbonyl mercaptan and fatty acids as organic materials. These osmogen gases may have poisonous effect at high concentrations. For example, when H2S odor can be detected by us, at those concentrations, it is not known that if it has any harm to health but when its concentration in the air is over 320 mg\/ m3, its smell can not be detected and after 1120 mg\/m3 it causes fast and sudden death. To be on the safe side for human health, it is required that this value should not be over 30 mg\/m3.\nRotaplast determines Deodorizing Units according to requirements of your facilities, performs production and applies tests, provides installation as turnkey. After installation, continuing training and support, it becomes reference guide for permanent security whenever it is necessary.<\/p>","protected":false},"excerpt":{"rendered":"<p>ROTAPLAST; Koku Giderme \u00dcnitelerini tesisinizin ihtiyac\u0131na g\u00f6re belirler, uluslararas\u0131 standartlara uygun \u00fcretimini ve testlerini yapar. Anahtar teslimi olarak kurulumunu ger\u00e7ekle\u015ftirir. \u00a0Kurulum sonras\u0131 e\u011fitim ve deste\u011fini s\u00fcrd\u00fcrerek kal\u0131c\u0131 g\u00fcvenlik konusunda kurumunuzun her t\u00fcrl\u00fc ihtiyac\u0131nda ba\u015fvuru kayna\u011f\u0131 olur. \u00c7evre kirlenmesi sadece toprak, su ve hava ortamlar\u0131n\u0131n kirlenmesi olarak g\u00f6r\u00fclmemelidir. Anaerobik ayr\u0131\u015fma (havas\u0131z ortamda biyokimyasal par\u00e7alanma) sonucu amonyak, [&hellip;]<\/p>\n","protected":false},"featured_media":1534,"comment_status":"open","ping_status":"closed","template":"","meta":[],"product_brand":[],"product_cat":[69],"product_tag":[],"class_list":{"0":"post-1533","1":"product","2":"type-product","3":"status-publish","4":"has-post-thumbnail","6":"product_cat-koku-giderme-uniteleri","8":"first","9":"instock","10":"shipping-taxable","11":"product-type-simple"},"_links":{"self":[{"href":"https:\/\/rotaplast.com\/en\/wp-json\/wp\/v2\/product\/1533","targetHints":{"allow":["GET"]}}],"collection":[{"href":"https:\/\/rotaplast.com\/en\/wp-json\/wp\/v2\/product"}],"about":[{"href":"https:\/\/rotaplast.com\/en\/wp-json\/wp\/v2\/types\/product"}],"replies":[{"embeddable":true,"href":"https:\/\/rotaplast.com\/en\/wp-json\/wp\/v2\/comments?post=1533"}],"wp:featuredmedia":[{"embeddable":true,"href":"https:\/\/rotaplast.com\/en\/wp-json\/wp\/v2\/media\/1534"}],"wp:attachment":[{"href":"https:\/\/rotaplast.com\/en\/wp-json\/wp\/v2\/media?parent=1533"}],"wp:term":[{"taxonomy":"product_brand","embeddable":true,"href":"https:\/\/rotaplast.com\/en\/wp-json\/wp\/v2\/product_brand?post=1533"},{"taxonomy":"product_cat","embeddable":true,"href":"https:\/\/rotaplast.com\/en\/wp-json\/wp\/v2\/product_cat?post=1533"},{"taxonomy":"product_tag","embeddable":true,"href":"https:\/\/rotaplast.com\/en\/wp-json\/wp\/v2\/product_tag?post=1533"}],"curies":[{"name":"wp","href":"https:\/\/api.w.org\/{rel}","templated":true}]}}