{"id":1535,"date":"2024-03-22T01:11:00","date_gmt":"2024-03-21T22:11:00","guid":{"rendered":"https:\/\/hotelspool.com\/?post_type=product&#038;p=1535"},"modified":"2024-03-22T21:17:55","modified_gmt":"2024-03-22T18:17:55","slug":"scrubber","status":"publish","type":"product","link":"https:\/\/rotaplast.com\/en\/product\/scrubber\/","title":{"rendered":"Scrubbers"},"content":{"rendered":"<p>Negative effects and importance of harmful gases produced in metal plating facilities for human and environmental health is a well known fact.<br \/>\nOur company undertakes suction systems and washing facilities required for these facilities as turnkey.<br \/>\nComplete installation of facilities, training of workers and technical support are going to be supplied by Rotaplast.<\/p>\n<p>Hoods, Air Channel Systems, Aspirators, Air Cleaning, Smoke Elimination Systems and Compounds requested for this type of facilities are provided by Rotaplast as project and turnkey base.<br \/>\nPlease click on picture on the left in order to study product and application images.<\/p>","protected":false},"excerpt":{"rendered":"<p>Metal kaplama tesislerinde olu\u015fan zararl\u0131 gazlar\u0131n insan ve \u00e7evre sa\u011fl\u0131\u011f\u0131 a\u00e7\u0131s\u0131ndan olumsuz etkileri ve \u00f6nemi bilinen bir ger\u00e7ektir. Firmam\u0131z; bu t\u00fcr tesisler i\u00e7in yap\u0131lmas\u0131 gereken gaz emi\u015f sistemleri ve gaz y\u0131kama tesislerini, scrubber imalatlar\u0131n\u0131 anahtar teslimi olarak taahh\u00fct etmektedir. Tesisin komple kurulumu, \u00e7al\u0131\u015fanlar\u0131n e\u011fitimi ve kurulan sistem i\u00e7in teknik destek ROTAPLAST taraf\u0131ndan sa\u011flanacakt\u0131r. Bu t\u00fcr [&hellip;]<\/p>\n","protected":false},"featured_media":1536,"comment_status":"open","ping_status":"closed","template":"","meta":[],"product_brand":[],"product_cat":[70],"product_tag":[],"class_list":{"0":"post-1535","1":"product","2":"type-product","3":"status-publish","4":"has-post-thumbnail","6":"product_cat-scrubber","8":"first","9":"instock","10":"shipping-taxable","11":"product-type-simple"},"_links":{"self":[{"href":"https:\/\/rotaplast.com\/en\/wp-json\/wp\/v2\/product\/1535","targetHints":{"allow":["GET"]}}],"collection":[{"href":"https:\/\/rotaplast.com\/en\/wp-json\/wp\/v2\/product"}],"about":[{"href":"https:\/\/rotaplast.com\/en\/wp-json\/wp\/v2\/types\/product"}],"replies":[{"embeddable":true,"href":"https:\/\/rotaplast.com\/en\/wp-json\/wp\/v2\/comments?post=1535"}],"wp:featuredmedia":[{"embeddable":true,"href":"https:\/\/rotaplast.com\/en\/wp-json\/wp\/v2\/media\/1536"}],"wp:attachment":[{"href":"https:\/\/rotaplast.com\/en\/wp-json\/wp\/v2\/media?parent=1535"}],"wp:term":[{"taxonomy":"product_brand","embeddable":true,"href":"https:\/\/rotaplast.com\/en\/wp-json\/wp\/v2\/product_brand?post=1535"},{"taxonomy":"product_cat","embeddable":true,"href":"https:\/\/rotaplast.com\/en\/wp-json\/wp\/v2\/product_cat?post=1535"},{"taxonomy":"product_tag","embeddable":true,"href":"https:\/\/rotaplast.com\/en\/wp-json\/wp\/v2\/product_tag?post=1535"}],"curies":[{"name":"wp","href":"https:\/\/api.w.org\/{rel}","templated":true}]}}