{"id":1542,"date":"2024-03-22T01:16:10","date_gmt":"2024-03-21T22:16:10","guid":{"rendered":"https:\/\/hotelspool.com\/?post_type=product&#038;p=1542"},"modified":"2024-03-22T21:31:52","modified_gmt":"2024-03-22T18:31:52","slug":"tank-hatlari","status":"publish","type":"product","link":"https:\/\/rotaplast.com\/en\/product\/tank-hatlari\/","title":{"rendered":"Tank Lines"},"content":{"rendered":"<p>Rotaplast designs tanks special for you according to your exact requirements. Construction materials are made of PVC, CPVC, PP, PE, steel, stainless steel and polyester. Plastic tanks are made as a combination of rotation and butt welded panels. Their sealing and security have been tested by rotaplast quality control unit before installation.<br \/>\nRobotic transportation systems are also provided together with metal plating lines. Removing harmful gases from surroundings in the project is accomplished by \u2018aspirators and air channels\u2019.<\/p>\n<p>Rotaplast has competence for design and production of full scope electrical control stand. Rotaplast assigns a project manager as your contact during project. Project manager will be involved in all details and communication from first meeting regarding engineering evaluation up to final approval and training until project is completed. Full scope installation service is provided for realizing your turnkey project.<\/p>","protected":false},"excerpt":{"rendered":"<p>ROTAPLAST; iste\u011finize bire-bir uygun olarak size \u00f6zel tanklar tasarlamaktad\u0131r. Uygun yap\u0131m malzemeleri PVC, CPVC, PP, PE, \u00e7elik, paslanmaz \u00e7elik veya polyesterden olu\u015fmaktad\u0131r. \u00a0Plastik tanklar, rotasyon ve al\u0131n kaynakl\u0131 panellerin bir kombinasyonundan olu\u015fmaktad\u0131r. S\u0131zd\u0131rmazl\u0131\u011f\u0131 ve g\u00fcvenli\u011fi, kurulum \u00f6ncesinde ROTAPLAST b\u00fcnyesinde kalite kontrol birimi taraf\u0131ndan test edilmektedir. Metal kaplama hatlar\u0131 ile birlikte robotik ta\u015f\u0131y\u0131c\u0131 sistemler de sunulmaktad\u0131r. [&hellip;]<\/p>\n","protected":false},"featured_media":1543,"comment_status":"open","ping_status":"closed","template":"","meta":[],"product_brand":[],"product_cat":[68],"product_tag":[],"class_list":{"0":"post-1542","1":"product","2":"type-product","3":"status-publish","4":"has-post-thumbnail","6":"product_cat-tank-hatlari","8":"first","9":"instock","10":"shipping-taxable","11":"product-type-simple"},"_links":{"self":[{"href":"https:\/\/rotaplast.com\/en\/wp-json\/wp\/v2\/product\/1542","targetHints":{"allow":["GET"]}}],"collection":[{"href":"https:\/\/rotaplast.com\/en\/wp-json\/wp\/v2\/product"}],"about":[{"href":"https:\/\/rotaplast.com\/en\/wp-json\/wp\/v2\/types\/product"}],"replies":[{"embeddable":true,"href":"https:\/\/rotaplast.com\/en\/wp-json\/wp\/v2\/comments?post=1542"}],"wp:featuredmedia":[{"embeddable":true,"href":"https:\/\/rotaplast.com\/en\/wp-json\/wp\/v2\/media\/1543"}],"wp:attachment":[{"href":"https:\/\/rotaplast.com\/en\/wp-json\/wp\/v2\/media?parent=1542"}],"wp:term":[{"taxonomy":"product_brand","embeddable":true,"href":"https:\/\/rotaplast.com\/en\/wp-json\/wp\/v2\/product_brand?post=1542"},{"taxonomy":"product_cat","embeddable":true,"href":"https:\/\/rotaplast.com\/en\/wp-json\/wp\/v2\/product_cat?post=1542"},{"taxonomy":"product_tag","embeddable":true,"href":"https:\/\/rotaplast.com\/en\/wp-json\/wp\/v2\/product_tag?post=1542"}],"curies":[{"name":"wp","href":"https:\/\/api.w.org\/{rel}","templated":true}]}}