{"id":1579,"date":"2024-04-21T23:50:31","date_gmt":"2024-04-21T20:50:31","guid":{"rendered":"https:\/\/hotelspool.com\/?post_type=product&#038;p=1579"},"modified":"2026-01-02T06:57:37","modified_gmt":"2026-01-02T03:57:37","slug":"polietilen-acik-agizli-tank-t-100-a","status":"publish","type":"product","link":"https:\/\/rotaplast.com\/en\/product\/polietilen-acik-agizli-tank-t-100-a\/","title":{"rendered":"POLYETHYLENE Open Top Tank T-100 A"},"content":{"rendered":"<p><strong>Polyethylene 100 L Tank<\/strong><br \/>\nProduct code: T-100 A<br \/>\nVolume: 100 L<br \/>\nDiameter: 44 cm<br \/>\nH: 65 cm<\/p>\n<p>&nbsp;<\/p>\n<p>...<br \/>\nThe primary component of Polyethylene, an organic hydrocarbon, is Ethylene. (C2H4)<br \/>\nPolyethylene has a very strong impact resistance as a physical property.<br \/>\nSince it has high chemical stability, it can be used safely in the storage of water and similar products.<\/p>","protected":false},"excerpt":{"rendered":"<p>Polietilen 100 Litre Tank \u00dcr\u00fcn Kodu: T-100 A Hacim: 100 L \u00c7ap: 44 cm Y\u00fckseklik: 65 cm &nbsp; A\u00e7\u0131klama: Organik bir hidrokarbon olan Polietilenin birincil bile\u015feni Etilendir. (C2H4) Polietilen bir fiziksel \u00f6zellik olarak \u00e7ok g\u00fc\u00e7l\u00fc bir darbe dayan\u0131kl\u0131l\u0131\u011f\u0131na sahiptir. Kimyasal kararl\u0131l\u0131\u011f\u0131 y\u00fcksek oldu\u011fundan su ve benzeri \u00fcr\u00fcnlerin depolanmas\u0131nda g\u00fcvenle kullan\u0131l\u0131r.<\/p>","protected":false},"featured_media":1935,"comment_status":"open","ping_status":"closed","template":"","meta":[],"product_brand":[],"product_cat":[92],"product_tag":[],"class_list":{"0":"post-1579","1":"product","2":"type-product","3":"status-publish","4":"has-post-thumbnail","6":"product_cat-polietilen-acik-agizli-tanklar","8":"first","9":"instock","10":"shipping-taxable","11":"product-type-simple"},"_links":{"self":[{"href":"https:\/\/rotaplast.com\/en\/wp-json\/wp\/v2\/product\/1579","targetHints":{"allow":["GET"]}}],"collection":[{"href":"https:\/\/rotaplast.com\/en\/wp-json\/wp\/v2\/product"}],"about":[{"href":"https:\/\/rotaplast.com\/en\/wp-json\/wp\/v2\/types\/product"}],"replies":[{"embeddable":true,"href":"https:\/\/rotaplast.com\/en\/wp-json\/wp\/v2\/comments?post=1579"}],"wp:featuredmedia":[{"embeddable":true,"href":"https:\/\/rotaplast.com\/en\/wp-json\/wp\/v2\/media\/1935"}],"wp:attachment":[{"href":"https:\/\/rotaplast.com\/en\/wp-json\/wp\/v2\/media?parent=1579"}],"wp:term":[{"taxonomy":"product_brand","embeddable":true,"href":"https:\/\/rotaplast.com\/en\/wp-json\/wp\/v2\/product_brand?post=1579"},{"taxonomy":"product_cat","embeddable":true,"href":"https:\/\/rotaplast.com\/en\/wp-json\/wp\/v2\/product_cat?post=1579"},{"taxonomy":"product_tag","embeddable":true,"href":"https:\/\/rotaplast.com\/en\/wp-json\/wp\/v2\/product_tag?post=1579"}],"curies":[{"name":"wp","href":"https:\/\/api.w.org\/{rel}","templated":true}]}}