{"id":1585,"date":"2024-03-23T18:10:50","date_gmt":"2024-03-23T15:10:50","guid":{"rendered":"https:\/\/hotelspool.com\/?post_type=product&#038;p=1585"},"modified":"2024-08-02T22:50:14","modified_gmt":"2024-08-02T19:50:14","slug":"polietilen-dikey-depo-t-100-ds","status":"publish","type":"product","link":"https:\/\/rotaplast.com\/en\/product\/polietilen-dikey-depo-t-100-ds\/","title":{"rendered":"Polietilen Dozaj Deposu T-100-DS"},"content":{"rendered":"<p><strong>Polyethylene 100 Liter Container<br \/>\n<\/strong>Product code: T-100 DS<br \/>\nVolume: 100 L<br \/>\n\u00c7ap: 47<br \/>\nY\u00fck: 65<br \/>\nCover Diameter: 10 cm<\/p>\n<p>The primary component of Polyethylene, an organic hydrocarbon, is Ethylene. (C2H4)<br \/>\nPolyethylene has a very strong impact resistance as a physical property.<br \/>\nKimyasal kararl\u0131l\u0131\u011f\u0131 y\u00fcksek oldu\u011fundan her t\u00fcrl\u00fc s\u0131v\u0131 depolanmas\u0131nda g\u00fcvenle kullan\u0131l\u0131r.<br \/>\nFor more informations\u00a0 <strong>Call to the Sales Representative +90 262 751 42 08\u2032 or  0505 830 22 41 <\/strong>please.<\/p>","protected":false},"excerpt":{"rendered":"<p>Polietilen 100 Litre Depo \u00dcr\u00fcn Kodu: T-100 DS Hacim: 100 L \u00c7ap: 47 Y\u00fck: 65 Kapak \u00c7ap\u0131: 10 cm Organik bir hidrokarbon olan Polietilenin birincil bile\u015feni Etilendir. (C2H4) Polietilen bir fiziksel \u00f6zellik olarak \u00e7ok g\u00fc\u00e7l\u00fc bir darbe dayan\u0131kl\u0131l\u0131\u011f\u0131na sahiptir. Kimyasal kararl\u0131l\u0131\u011f\u0131 y\u00fcksek oldu\u011fundan her t\u00fcrl\u00fc s\u0131v\u0131 depolanmas\u0131nda g\u00fcvenle kullan\u0131l\u0131r. Detayl\u0131 bilgi\u00a0 i\u00e7in\u00a0 +90 262 751 [&hellip;]<\/p>\n","protected":false},"featured_media":1359,"comment_status":"open","ping_status":"closed","template":"","meta":[],"product_brand":[],"product_cat":[16],"product_tag":[],"class_list":{"0":"post-1585","1":"product","2":"type-product","3":"status-publish","4":"has-post-thumbnail","6":"product_cat-genel","8":"first","9":"instock","10":"shipping-taxable","11":"product-type-simple"},"_links":{"self":[{"href":"https:\/\/rotaplast.com\/en\/wp-json\/wp\/v2\/product\/1585","targetHints":{"allow":["GET"]}}],"collection":[{"href":"https:\/\/rotaplast.com\/en\/wp-json\/wp\/v2\/product"}],"about":[{"href":"https:\/\/rotaplast.com\/en\/wp-json\/wp\/v2\/types\/product"}],"replies":[{"embeddable":true,"href":"https:\/\/rotaplast.com\/en\/wp-json\/wp\/v2\/comments?post=1585"}],"wp:featuredmedia":[{"embeddable":true,"href":"https:\/\/rotaplast.com\/en\/wp-json\/wp\/v2\/media\/1359"}],"wp:attachment":[{"href":"https:\/\/rotaplast.com\/en\/wp-json\/wp\/v2\/media?parent=1585"}],"wp:term":[{"taxonomy":"product_brand","embeddable":true,"href":"https:\/\/rotaplast.com\/en\/wp-json\/wp\/v2\/product_brand?post=1585"},{"taxonomy":"product_cat","embeddable":true,"href":"https:\/\/rotaplast.com\/en\/wp-json\/wp\/v2\/product_cat?post=1585"},{"taxonomy":"product_tag","embeddable":true,"href":"https:\/\/rotaplast.com\/en\/wp-json\/wp\/v2\/product_tag?post=1585"}],"curies":[{"name":"wp","href":"https:\/\/api.w.org\/{rel}","templated":true}]}}