{"id":1587,"date":"2024-06-23T18:12:53","date_gmt":"2024-06-23T15:12:53","guid":{"rendered":"https:\/\/hotelspool.com\/?post_type=product&#038;p=1587"},"modified":"2024-11-19T16:25:17","modified_gmt":"2024-11-19T13:25:17","slug":"polietilen-dozaj-deposu-t-100-ds-2","status":"publish","type":"product","link":"https:\/\/rotaplast.com\/en\/product\/polietilen-dozaj-deposu-t-100-ds-2\/","title":{"rendered":"Polyethylene Dosage Tanks Product Table and Other Products"},"content":{"rendered":"<p><strong>Polyethylene Dosage Tanks Product Table<br \/>\n<\/strong><\/p>\n<p>Polyethylene dosage tanks are produced in the dimensions shown in the table.<br \/>\nYou can see the product photos as larger by clicking on the photos<br \/>\nFor more informations\u00a0 <strong>Call to the Sales Representative +90 262 751 42 08\u2032 or  0505 830 22 41 <\/strong>please.<\/p>","protected":false},"excerpt":{"rendered":"<p>Polietilen Dozaj Depolar\u0131 \u00dcr\u00fcn Tablosu Polietilen Dozaj depolar\u0131 tabloda g\u00f6sterilen boyutlarda \u00fcretilmektedir. \u00dcr\u00fcn foto\u011fraflar\u0131n\u0131 \u00fczerlerine t\u0131klayarak daha b\u00fcy\u00fck boyutlu olarak g\u00f6rebilirsiniz. Detayl\u0131 bilgi\u00a0 i\u00e7in\u00a0 +90 262 751 42 08&#8242; ve 0505 830 22 41 den sat\u0131\u015f temsilcimizi arayabilirsiniz&#8230;.<\/p>","protected":false},"featured_media":2373,"comment_status":"open","ping_status":"closed","template":"","meta":[],"product_brand":[],"product_cat":[57],"product_tag":[],"class_list":{"0":"post-1587","1":"product","2":"type-product","3":"status-publish","4":"has-post-thumbnail","6":"product_cat-polietilen-dozaj-depolari","8":"first","9":"instock","10":"shipping-taxable","11":"product-type-simple"},"_links":{"self":[{"href":"https:\/\/rotaplast.com\/en\/wp-json\/wp\/v2\/product\/1587","targetHints":{"allow":["GET"]}}],"collection":[{"href":"https:\/\/rotaplast.com\/en\/wp-json\/wp\/v2\/product"}],"about":[{"href":"https:\/\/rotaplast.com\/en\/wp-json\/wp\/v2\/types\/product"}],"replies":[{"embeddable":true,"href":"https:\/\/rotaplast.com\/en\/wp-json\/wp\/v2\/comments?post=1587"}],"wp:featuredmedia":[{"embeddable":true,"href":"https:\/\/rotaplast.com\/en\/wp-json\/wp\/v2\/media\/2373"}],"wp:attachment":[{"href":"https:\/\/rotaplast.com\/en\/wp-json\/wp\/v2\/media?parent=1587"}],"wp:term":[{"taxonomy":"product_brand","embeddable":true,"href":"https:\/\/rotaplast.com\/en\/wp-json\/wp\/v2\/product_brand?post=1587"},{"taxonomy":"product_cat","embeddable":true,"href":"https:\/\/rotaplast.com\/en\/wp-json\/wp\/v2\/product_cat?post=1587"},{"taxonomy":"product_tag","embeddable":true,"href":"https:\/\/rotaplast.com\/en\/wp-json\/wp\/v2\/product_tag?post=1587"}],"curies":[{"name":"wp","href":"https:\/\/api.w.org\/{rel}","templated":true}]}}