{"id":1606,"date":"2024-05-15T20:37:44","date_gmt":"2024-05-15T17:37:44","guid":{"rendered":"https:\/\/hotelspool.com\/?post_type=product&#038;p=1606"},"modified":"2024-08-26T03:47:53","modified_gmt":"2024-08-26T00:47:53","slug":"polietilen-dikey-depo-t-100-ds-2-2","status":"publish","type":"product","link":"https:\/\/rotaplast.com\/en\/product\/polietilen-dikey-depo-t-100-ds-2-2\/","title":{"rendered":"POLLYETHYLENE Vertical Container T-100 DS-2"},"content":{"rendered":"<p><strong>Polyethylene 100 Liter Container<br \/>\n<\/strong>Product code: T-100 DS<br \/>\nVolume: 100 L<br \/>\nDiameter: 38 cm<br \/>\nHeight: 85 cm<br \/>\nCover Diameter: 10 cm<\/p>\n<p>The primary component of Polyethylene, an organic hydrocarbon, is Ethylene. (C2H4)<br \/>\nPolyethylene has a very strong impact resistance as a physical property.<br \/>\nSince it has high chemical stability, it can be used safely in the storage of water and similar products.<br \/>\n\u0130f you want to order from our T-100-DS2 coded product, you can call us from\u00a0<strong>+90 262 751 42 08<\/strong>at working hours\u2026<\/p>","protected":false},"excerpt":{"rendered":"<p>Polietilen 100 Litre Depo \u00dcr\u00fcn Kodu: T-100 DS-2 Hacim: 100 L \u00c7ap: 38 cm Y\u00fck: 85 cm Kapak \u00c7ap\u0131: 10 cm Organik bir hidrokarbon olan Polietilenin birincil bile\u015feni Etilendir. (C2H4) Polietilen bir fiziksel \u00f6zellik olarak \u00e7ok g\u00fc\u00e7l\u00fc bir darbe dayan\u0131kl\u0131l\u0131\u011f\u0131na sahiptir. Kimyasal kararl\u0131l\u0131\u011f\u0131 y\u00fcksek oldu\u011fundan su ve benzeri \u00fcr\u00fcnlerin depolanmas\u0131nda g\u00fcvenle kullan\u0131l\u0131r. ROTAPLAST uzmanl\u0131\u011f\u0131nda,\u00fcretilen T-100-DS2 [&hellip;]<\/p>\n","protected":false},"featured_media":1977,"comment_status":"open","ping_status":"closed","template":"","meta":[],"product_brand":[],"product_cat":[60],"product_tag":[98,94,97,96],"class_list":{"0":"post-1606","1":"product","2":"type-product","3":"status-publish","4":"has-post-thumbnail","6":"product_cat-polietilen-dikey-depolar","7":"product_tag-plastik-depo","8":"product_tag-plastik-su-deposu","9":"product_tag-polietilen-depo","10":"product_tag-su-deposu","12":"first","13":"instock","14":"shipping-taxable","15":"product-type-simple"},"_links":{"self":[{"href":"https:\/\/rotaplast.com\/en\/wp-json\/wp\/v2\/product\/1606","targetHints":{"allow":["GET"]}}],"collection":[{"href":"https:\/\/rotaplast.com\/en\/wp-json\/wp\/v2\/product"}],"about":[{"href":"https:\/\/rotaplast.com\/en\/wp-json\/wp\/v2\/types\/product"}],"replies":[{"embeddable":true,"href":"https:\/\/rotaplast.com\/en\/wp-json\/wp\/v2\/comments?post=1606"}],"wp:featuredmedia":[{"embeddable":true,"href":"https:\/\/rotaplast.com\/en\/wp-json\/wp\/v2\/media\/1977"}],"wp:attachment":[{"href":"https:\/\/rotaplast.com\/en\/wp-json\/wp\/v2\/media?parent=1606"}],"wp:term":[{"taxonomy":"product_brand","embeddable":true,"href":"https:\/\/rotaplast.com\/en\/wp-json\/wp\/v2\/product_brand?post=1606"},{"taxonomy":"product_cat","embeddable":true,"href":"https:\/\/rotaplast.com\/en\/wp-json\/wp\/v2\/product_cat?post=1606"},{"taxonomy":"product_tag","embeddable":true,"href":"https:\/\/rotaplast.com\/en\/wp-json\/wp\/v2\/product_tag?post=1606"}],"curies":[{"name":"wp","href":"https:\/\/api.w.org\/{rel}","templated":true}]}}