{"id":1609,"date":"2024-05-15T20:35:33","date_gmt":"2024-05-15T17:35:33","guid":{"rendered":"https:\/\/hotelspool.com\/?post_type=product&#038;p=1609"},"modified":"2024-08-26T03:50:46","modified_gmt":"2024-08-26T00:50:46","slug":"polietilen-dikey-depo-t-300-dk","status":"publish","type":"product","link":"https:\/\/rotaplast.com\/en\/product\/polietilen-dikey-depo-t-300-dk\/","title":{"rendered":"POLLYETHYLENE Vertical Container T-300 DK"},"content":{"rendered":"<p><strong>Pollethylene 300 Liter Container<br \/>\n<\/strong>Product Code: T-300 DK<br \/>\nVolume: 300 L<br \/>\nDiameter: 60 cm<br \/>\nH: 120 cm<br \/>\nCover Diameter: 35 cm<\/p>\n<p class=\"translation-block\">The primary component of Polyethylene, an organic hydrocarbon, is Ethylene. (C2H4)\nPolyethylene has a very strong impact resistance as a physical property.\nSince it has high chemical stability, it can be used safely in the storage of water and similar products.\n\nIf you would like to order our product with the code T-5.000 YA produced under the expertise of ROTAPLAST, you can call us at<strong> +90 262 751 42 08\u2032<\/strong> during working hours\u2026<\/p>","protected":false},"excerpt":{"rendered":"<p>Polietilen 300 Litre Depo \u00dcr\u00fcn Kodu: T-300 DK Hacim: 300 L \u00c7ap: 60 cm Y\u00fck: 120 cm Kapak \u00c7ap\u0131: 35 cm Organik bir hidrokarbon olan Polietilenin birincil bile\u015feni Etilendir. (C2H4) Polietilen bir fiziksel \u00f6zellik olarak \u00e7ok g\u00fc\u00e7l\u00fc bir darbe dayan\u0131kl\u0131l\u0131\u011f\u0131na sahiptir. Kimyasal kararl\u0131l\u0131\u011f\u0131 y\u00fcksek oldu\u011fundan su ve benzeri \u00fcr\u00fcnlerin depolanmas\u0131nda g\u00fcvenle kullan\u0131l\u0131r. ROTAPLAST uzmanl\u0131\u011f\u0131nda, \u00fcretilen [&hellip;]<\/p>\n","protected":false},"featured_media":2076,"comment_status":"open","ping_status":"closed","template":"","meta":[],"product_brand":[],"product_cat":[60],"product_tag":[98,94,97,96],"class_list":{"0":"post-1609","1":"product","2":"type-product","3":"status-publish","4":"has-post-thumbnail","6":"product_cat-polietilen-dikey-depolar","7":"product_tag-plastik-depo","8":"product_tag-plastik-su-deposu","9":"product_tag-polietilen-depo","10":"product_tag-su-deposu","12":"first","13":"instock","14":"shipping-taxable","15":"product-type-simple"},"_links":{"self":[{"href":"https:\/\/rotaplast.com\/en\/wp-json\/wp\/v2\/product\/1609","targetHints":{"allow":["GET"]}}],"collection":[{"href":"https:\/\/rotaplast.com\/en\/wp-json\/wp\/v2\/product"}],"about":[{"href":"https:\/\/rotaplast.com\/en\/wp-json\/wp\/v2\/types\/product"}],"replies":[{"embeddable":true,"href":"https:\/\/rotaplast.com\/en\/wp-json\/wp\/v2\/comments?post=1609"}],"wp:featuredmedia":[{"embeddable":true,"href":"https:\/\/rotaplast.com\/en\/wp-json\/wp\/v2\/media\/2076"}],"wp:attachment":[{"href":"https:\/\/rotaplast.com\/en\/wp-json\/wp\/v2\/media?parent=1609"}],"wp:term":[{"taxonomy":"product_brand","embeddable":true,"href":"https:\/\/rotaplast.com\/en\/wp-json\/wp\/v2\/product_brand?post=1609"},{"taxonomy":"product_cat","embeddable":true,"href":"https:\/\/rotaplast.com\/en\/wp-json\/wp\/v2\/product_cat?post=1609"},{"taxonomy":"product_tag","embeddable":true,"href":"https:\/\/rotaplast.com\/en\/wp-json\/wp\/v2\/product_tag?post=1609"}],"curies":[{"name":"wp","href":"https:\/\/api.w.org\/{rel}","templated":true}]}}