{"id":1616,"date":"2024-05-15T20:16:27","date_gmt":"2024-05-15T17:16:27","guid":{"rendered":"https:\/\/hotelspool.com\/?post_type=product&#038;p=1616"},"modified":"2024-10-27T17:33:48","modified_gmt":"2024-10-27T14:33:48","slug":"polietilen-dikey-depo-t-1500-dk","status":"publish","type":"product","link":"https:\/\/rotaplast.com\/en\/product\/polietilen-dikey-depo-t-1500-dk\/","title":{"rendered":"POLLYETHYLENE Vertical Container T-1500 DK"},"content":{"rendered":"<p><strong>Polyethylene 1500 L Container<br \/>\n<\/strong>Product code: T-1500 DK<br \/>\nVolume: 1500 L<br \/>\nDiameter: 120 cm<br \/>\nH: 165 cm<br \/>\nCover Diameter: 40 cm<\/p>\n<p class=\"translation-block\">The primary component of Polyethylene, an organic hydrocarbon, is Ethylene. (C2H4)\nPolyethylene has a very strong impact resistance as a physical property.\nSince it has high chemical stability, it can be used safely in the storage of water and similar products.\n\nIf you would like to order our product with the code T-5.000 YA produced under the expertise of ROTAPLAST, you can call us at<strong> +90 262 751 42 08\u2032<\/strong> during working hours\u2026<\/p>","protected":false},"excerpt":{"rendered":"<p>Polietilen 1500 Litre Depo \u00dcr\u00fcn Kodu: T-1500 DK Hacim: 1500 L \u00c7ap: 120 cm Y\u00fck: 165\u00a0 cm Kapak \u00c7ap\u0131: 40 cm Organik bir hidrokarbon olan Polietilenin birincil bile\u015feni Etilendir. (C2H4) Polietilen bir fiziksel \u00f6zellik olarak \u00e7ok g\u00fc\u00e7l\u00fc bir darbe dayan\u0131kl\u0131l\u0131\u011f\u0131na sahiptir. Kimyasal kararl\u0131l\u0131\u011f\u0131 y\u00fcksek oldu\u011fundan su ve benzeri \u00fcr\u00fcnlerin depolanmas\u0131nda g\u00fcvenle kullan\u0131l\u0131r. ROTAPLAST uzmanl\u0131\u011f\u0131nda, \u00fcretilen [&hellip;]<\/p>\n","protected":false},"featured_media":2255,"comment_status":"open","ping_status":"closed","template":"","meta":[],"product_brand":[],"product_cat":[60],"product_tag":[],"class_list":{"0":"post-1616","1":"product","2":"type-product","3":"status-publish","4":"has-post-thumbnail","6":"product_cat-polietilen-dikey-depolar","8":"first","9":"instock","10":"shipping-taxable","11":"product-type-simple"},"_links":{"self":[{"href":"https:\/\/rotaplast.com\/en\/wp-json\/wp\/v2\/product\/1616","targetHints":{"allow":["GET"]}}],"collection":[{"href":"https:\/\/rotaplast.com\/en\/wp-json\/wp\/v2\/product"}],"about":[{"href":"https:\/\/rotaplast.com\/en\/wp-json\/wp\/v2\/types\/product"}],"replies":[{"embeddable":true,"href":"https:\/\/rotaplast.com\/en\/wp-json\/wp\/v2\/comments?post=1616"}],"wp:featuredmedia":[{"embeddable":true,"href":"https:\/\/rotaplast.com\/en\/wp-json\/wp\/v2\/media\/2255"}],"wp:attachment":[{"href":"https:\/\/rotaplast.com\/en\/wp-json\/wp\/v2\/media?parent=1616"}],"wp:term":[{"taxonomy":"product_brand","embeddable":true,"href":"https:\/\/rotaplast.com\/en\/wp-json\/wp\/v2\/product_brand?post=1616"},{"taxonomy":"product_cat","embeddable":true,"href":"https:\/\/rotaplast.com\/en\/wp-json\/wp\/v2\/product_cat?post=1616"},{"taxonomy":"product_tag","embeddable":true,"href":"https:\/\/rotaplast.com\/en\/wp-json\/wp\/v2\/product_tag?post=1616"}],"curies":[{"name":"wp","href":"https:\/\/api.w.org\/{rel}","templated":true}]}}