{"id":1625,"date":"2024-05-15T20:07:44","date_gmt":"2024-05-15T17:07:44","guid":{"rendered":"https:\/\/hotelspool.com\/?post_type=product&#038;p=1625"},"modified":"2024-07-21T22:41:05","modified_gmt":"2024-07-21T19:41:05","slug":"polietilen-dikey-depo-t-11-000-dk","status":"publish","type":"product","link":"https:\/\/rotaplast.com\/en\/product\/polietilen-dikey-depo-t-11-000-dk\/","title":{"rendered":"POLYETHYLENE Vertical Container T-11000 DK"},"content":{"rendered":"<p><strong>Polyethylene 11 000 Liter Container<br \/>\n<\/strong>Product Code: T-11 000 DK<br \/>\nVolume: 11 000 L<br \/>\nDiameter: 290 cm<br \/>\nH: 200 cm<br \/>\nDiameter: 75 cm<\/p>\n<p class=\"translation-block\">The primary component of Polyethylene, an organic hydrocarbon, is Ethylene. (C2H4)\nPolyethylene has a very strong impact resistance as a physical property.\nSince it has high chemical stability, it can be used safely in the storage of water and similar products.\n\nIf you would like to order our product with the code T-5.000 YA produced under the expertise of ROTAPLAST, you can call us at<strong> +90 262 751 42 08\u2032<\/strong> during working hours\u2026<\/p>","protected":false},"excerpt":{"rendered":"<p>Polietilen 11 000 Litre Depo \u00dcr\u00fcn Kodu: T-11 000 DK Hacim: 11 000 L \u00c7ap: 290 cm Y\u00fck: 200\u00a0 cm Kapak \u00c7ap\u0131: 75 cm Organik bir hidrokarbon olan Polietilenin birincil bile\u015feni Etilendir. (C2H4) Polietilen bir fiziksel \u00f6zellik olarak \u00e7ok g\u00fc\u00e7l\u00fc bir darbe dayan\u0131kl\u0131l\u0131\u011f\u0131na sahiptir. Kimyasal kararl\u0131l\u0131\u011f\u0131 y\u00fcksek oldu\u011fundan su ve benzeri \u00fcr\u00fcnlerin depolanmas\u0131nda g\u00fcvenle kullan\u0131l\u0131r. [&hellip;]<\/p>\n","protected":false},"featured_media":1984,"comment_status":"open","ping_status":"closed","template":"","meta":[],"product_brand":[],"product_cat":[60],"product_tag":[],"class_list":{"0":"post-1625","1":"product","2":"type-product","3":"status-publish","4":"has-post-thumbnail","6":"product_cat-polietilen-dikey-depolar","8":"first","9":"instock","10":"shipping-taxable","11":"product-type-simple"},"_links":{"self":[{"href":"https:\/\/rotaplast.com\/en\/wp-json\/wp\/v2\/product\/1625","targetHints":{"allow":["GET"]}}],"collection":[{"href":"https:\/\/rotaplast.com\/en\/wp-json\/wp\/v2\/product"}],"about":[{"href":"https:\/\/rotaplast.com\/en\/wp-json\/wp\/v2\/types\/product"}],"replies":[{"embeddable":true,"href":"https:\/\/rotaplast.com\/en\/wp-json\/wp\/v2\/comments?post=1625"}],"wp:featuredmedia":[{"embeddable":true,"href":"https:\/\/rotaplast.com\/en\/wp-json\/wp\/v2\/media\/1984"}],"wp:attachment":[{"href":"https:\/\/rotaplast.com\/en\/wp-json\/wp\/v2\/media?parent=1625"}],"wp:term":[{"taxonomy":"product_brand","embeddable":true,"href":"https:\/\/rotaplast.com\/en\/wp-json\/wp\/v2\/product_brand?post=1625"},{"taxonomy":"product_cat","embeddable":true,"href":"https:\/\/rotaplast.com\/en\/wp-json\/wp\/v2\/product_cat?post=1625"},{"taxonomy":"product_tag","embeddable":true,"href":"https:\/\/rotaplast.com\/en\/wp-json\/wp\/v2\/product_tag?post=1625"}],"curies":[{"name":"wp","href":"https:\/\/api.w.org\/{rel}","templated":true}]}}