{"id":1649,"date":"2024-08-29T23:10:14","date_gmt":"2024-08-29T20:10:14","guid":{"rendered":"https:\/\/hotelspool.com\/?post_type=product&#038;p=1649"},"modified":"2024-11-06T21:40:41","modified_gmt":"2024-11-06T18:40:41","slug":"polietilen-acik-agizli-tanklar-urun-tablosu","status":"publish","type":"product","link":"https:\/\/rotaplast.com\/en\/product\/polietilen-acik-agizli-tanklar-urun-tablosu\/","title":{"rendered":"POLYETHYLENE Open Top Tanks Product Table"},"content":{"rendered":"<p><strong>Polyethylene Open Top Tanks<\/strong><\/p>\n<p>&nbsp;<\/p>\n<p>Polyethylene Open Top Tanks <strong>are produced<\/strong> at different volumes from 100 liters to 15,000 liters in Rotaplast's production band.<br \/>\nIn the table below, you can see the volume and size of these products.<\/p>\n<p>If you want to order from our product\nthat produced in Rotaplast Expertise, call us\u00a0<strong>+90 262 751 42 08<\/strong>at working hours.<\/p>\n<p>To discuss with the sales representative: <strong>0535 010 09 55<\/strong><br \/>\ne-mail: satisrota@rotaplast.com<\/p>","protected":false},"excerpt":{"rendered":"<p>Polietilen A\u00e7\u0131k A\u011f\u0131zl\u0131 Tanklar &nbsp; Polietilen A\u00e7\u0131k A\u011f\u0131zl\u0131 Tanklar, ROTAPLAST \u00fcretim band\u0131nda, 100 litre&#8217;den 15.000 litreye kadar farkl\u0131 hacimlerde \u00fcretilmektedir. Yandaki tabloda bu \u00fcr\u00fcnlerin hacim ve boyutlar\u0131n\u0131 g\u00f6rebilirsiniz. ROTAPLAST uzmanl\u0131\u011f\u0131nda, \u00fcretilen \u00fcr\u00fcn\u00fcm\u00fczden sipari\u015f vermek isterseniz bizi hemen\u00a0+90 262 751 42 08\u2032den mesai saatleri\u00a0 i\u00e7inde arayabilirsiniz. Sat\u0131\u015f Temsilcisi ile g\u00f6r\u00fc\u015fmek i\u00e7in: 0535 010 09 55 eposta: [&hellip;]<\/p>\n","protected":false},"featured_media":2354,"comment_status":"open","ping_status":"closed","template":"","meta":[],"product_brand":[],"product_cat":[92],"product_tag":[],"class_list":{"0":"post-1649","1":"product","2":"type-product","3":"status-publish","4":"has-post-thumbnail","6":"product_cat-polietilen-acik-agizli-tanklar","8":"first","9":"instock","10":"shipping-taxable","11":"product-type-simple"},"_links":{"self":[{"href":"https:\/\/rotaplast.com\/en\/wp-json\/wp\/v2\/product\/1649","targetHints":{"allow":["GET"]}}],"collection":[{"href":"https:\/\/rotaplast.com\/en\/wp-json\/wp\/v2\/product"}],"about":[{"href":"https:\/\/rotaplast.com\/en\/wp-json\/wp\/v2\/types\/product"}],"replies":[{"embeddable":true,"href":"https:\/\/rotaplast.com\/en\/wp-json\/wp\/v2\/comments?post=1649"}],"wp:featuredmedia":[{"embeddable":true,"href":"https:\/\/rotaplast.com\/en\/wp-json\/wp\/v2\/media\/2354"}],"wp:attachment":[{"href":"https:\/\/rotaplast.com\/en\/wp-json\/wp\/v2\/media?parent=1649"}],"wp:term":[{"taxonomy":"product_brand","embeddable":true,"href":"https:\/\/rotaplast.com\/en\/wp-json\/wp\/v2\/product_brand?post=1649"},{"taxonomy":"product_cat","embeddable":true,"href":"https:\/\/rotaplast.com\/en\/wp-json\/wp\/v2\/product_cat?post=1649"},{"taxonomy":"product_tag","embeddable":true,"href":"https:\/\/rotaplast.com\/en\/wp-json\/wp\/v2\/product_tag?post=1649"}],"curies":[{"name":"wp","href":"https:\/\/api.w.org\/{rel}","templated":true}]}}