{"id":1665,"date":"2024-04-27T03:18:01","date_gmt":"2024-04-27T00:18:01","guid":{"rendered":"https:\/\/hotelspool.com\/?post_type=product&#038;p=1665"},"modified":"2024-08-02T21:46:12","modified_gmt":"2024-08-02T18:46:12","slug":"polietilen-acik-agizli-silo-t-1-000-sa","status":"publish","type":"product","link":"https:\/\/rotaplast.com\/en\/product\/polietilen-acik-agizli-silo-t-1-000-sa\/","title":{"rendered":"POL\u0130ET\u0130LEN A\u00e7\u0131k A\u011f\u0131zl\u0131 Silo T-1.000 SA"},"content":{"rendered":"<p><strong>Polietilen 1000 Litre Silo<\/strong><br \/>\nProduct Code: <span style=\"font-weight: 400;\">T-1000 SA<\/span><br \/>\nVolume: 1000 L<br \/>\nPE \u00c7ap cm: 100<br \/>\nPE Y\u00fckseklik cm: 165<br \/>\nPE Kg: 32<br \/>\nCidar mm: 7,5<\/p>\n<p class=\"translation-block\">The primary component of Polyethylene, an organic hydrocarbon, is Ethylene. (C2H4)\nPolyethylene has a very strong impact resistance as a physical property.\nSince it has high chemical stability, it can be used safely in the storage of water and similar products.\n\nIf you would like to order our product with the code T-5.000 YA produced under the expertise of ROTAPLAST, you can call us at<strong> +90 262 751 42 08\u2032<\/strong> during working hours\u2026<\/p>","protected":false},"excerpt":{"rendered":"<p>Polietilen 1000 Litre Silo \u00dcr\u00fcn Kodu: T-1000 SA Hacim: 1000 PE \u00c7ap cm: 100 PE Y\u00fckseklik cm: 165 PE Kg: 32 Cidar mm: 7,5 Organik bir hidrokarbon olan Polietilenin birincil bile\u015feni Etilendir. (C2H4) Polietilen bir fiziksel \u00f6zellik olarak \u00e7ok g\u00fc\u00e7l\u00fc bir darbe dayan\u0131kl\u0131l\u0131\u011f\u0131na sahiptir. Kimyasal kararl\u0131l\u0131\u011f\u0131 y\u00fcksek oldu\u011fundan su ve benzeri \u00fcr\u00fcnlerin depolanmas\u0131nda g\u00fcvenle kullan\u0131l\u0131r. [&hellip;]<\/p>\n","protected":false},"featured_media":1660,"comment_status":"open","ping_status":"closed","template":"","meta":[],"product_brand":[],"product_cat":[16],"product_tag":[],"class_list":{"0":"post-1665","1":"product","2":"type-product","3":"status-publish","4":"has-post-thumbnail","6":"product_cat-genel","8":"first","9":"instock","10":"shipping-taxable","11":"product-type-simple"},"_links":{"self":[{"href":"https:\/\/rotaplast.com\/en\/wp-json\/wp\/v2\/product\/1665","targetHints":{"allow":["GET"]}}],"collection":[{"href":"https:\/\/rotaplast.com\/en\/wp-json\/wp\/v2\/product"}],"about":[{"href":"https:\/\/rotaplast.com\/en\/wp-json\/wp\/v2\/types\/product"}],"replies":[{"embeddable":true,"href":"https:\/\/rotaplast.com\/en\/wp-json\/wp\/v2\/comments?post=1665"}],"wp:featuredmedia":[{"embeddable":true,"href":"https:\/\/rotaplast.com\/en\/wp-json\/wp\/v2\/media\/1660"}],"wp:attachment":[{"href":"https:\/\/rotaplast.com\/en\/wp-json\/wp\/v2\/media?parent=1665"}],"wp:term":[{"taxonomy":"product_brand","embeddable":true,"href":"https:\/\/rotaplast.com\/en\/wp-json\/wp\/v2\/product_brand?post=1665"},{"taxonomy":"product_cat","embeddable":true,"href":"https:\/\/rotaplast.com\/en\/wp-json\/wp\/v2\/product_cat?post=1665"},{"taxonomy":"product_tag","embeddable":true,"href":"https:\/\/rotaplast.com\/en\/wp-json\/wp\/v2\/product_tag?post=1665"}],"curies":[{"name":"wp","href":"https:\/\/api.w.org\/{rel}","templated":true}]}}