{"id":1669,"date":"2024-04-27T03:10:33","date_gmt":"2024-04-27T00:10:33","guid":{"rendered":"https:\/\/hotelspool.com\/?post_type=product&#038;p=1669"},"modified":"2024-09-11T00:20:32","modified_gmt":"2024-09-10T21:20:32","slug":"polietilen-acik-agizli-silo-t-3-000-sa","status":"publish","type":"product","link":"https:\/\/rotaplast.com\/en\/product\/polietilen-acik-agizli-silo-t-3-000-sa\/","title":{"rendered":"POLYETHYLENE Open Top Silo T-3000 SA"},"content":{"rendered":"<p><strong>Polyethylene 3000 Liter Silo<\/strong><br \/>\nProduct Code: <span style=\"font-weight: 400;\">T-3000 SA<\/span><br \/>\nVolume: 3000<br \/>\nPE Diam. cm: 150<br \/>\nPE Hight cm: 210<br \/>\nPE Kg: 80<br \/>\nTickness mm: 8,5<\/p>\n<p>&nbsp;<\/p>\n<p>The primary component of Polyethylene, an organic hydrocarbon, is Ethylene. (C2H4)<br \/>\nPolyethylene has a very strong impact resistance as a physical property.<br \/>\nSince it has high chemical stability, it can be used safely in the storage of water and similar products.<br \/>\nROTAPLAST uzmanl\u0131\u011f\u0131nda, \u00fcretilen A\u00e7\u0131k A\u011f\u0131zl\u0131 Silo \u00fcr\u00fcn\u00fcm\u00fczden sipari\u015f vermek isterseniz bizi hemen <strong>+90 262 751 42 08<\/strong>' during working hours.<\/p>","protected":false},"excerpt":{"rendered":"<p>Polietilen 3000 Litre Silo \u00dcr\u00fcn Kodu: T-3000 SA Hacim: 3000 PE \u00c7ap cm: 150 PE Y\u00fckseklik cm: 210 PE Kg: 80 Cidar mm: 8,5 &nbsp; Organik bir hidrokarbon olan Polietilenin birincil bile\u015feni Etilendir. (C2H4) Polietilen bir fiziksel \u00f6zellik olarak \u00e7ok g\u00fc\u00e7l\u00fc bir darbe dayan\u0131kl\u0131l\u0131\u011f\u0131na sahiptir. Kimyasal kararl\u0131l\u0131\u011f\u0131 y\u00fcksek oldu\u011fundan su ve benzeri \u00fcr\u00fcnlerin depolanmas\u0131nda g\u00fcvenle [&hellip;]<\/p>\n","protected":false},"featured_media":2363,"comment_status":"open","ping_status":"closed","template":"","meta":[],"product_brand":[],"product_cat":[58,93],"product_tag":[],"class_list":{"0":"post-1669","1":"product","2":"type-product","3":"status-publish","4":"has-post-thumbnail","6":"product_cat-polietilen-acik-agizli-silolar","7":"product_cat-silolar","9":"first","10":"instock","11":"shipping-taxable","12":"product-type-simple"},"_links":{"self":[{"href":"https:\/\/rotaplast.com\/en\/wp-json\/wp\/v2\/product\/1669","targetHints":{"allow":["GET"]}}],"collection":[{"href":"https:\/\/rotaplast.com\/en\/wp-json\/wp\/v2\/product"}],"about":[{"href":"https:\/\/rotaplast.com\/en\/wp-json\/wp\/v2\/types\/product"}],"replies":[{"embeddable":true,"href":"https:\/\/rotaplast.com\/en\/wp-json\/wp\/v2\/comments?post=1669"}],"wp:featuredmedia":[{"embeddable":true,"href":"https:\/\/rotaplast.com\/en\/wp-json\/wp\/v2\/media\/2363"}],"wp:attachment":[{"href":"https:\/\/rotaplast.com\/en\/wp-json\/wp\/v2\/media?parent=1669"}],"wp:term":[{"taxonomy":"product_brand","embeddable":true,"href":"https:\/\/rotaplast.com\/en\/wp-json\/wp\/v2\/product_brand?post=1669"},{"taxonomy":"product_cat","embeddable":true,"href":"https:\/\/rotaplast.com\/en\/wp-json\/wp\/v2\/product_cat?post=1669"},{"taxonomy":"product_tag","embeddable":true,"href":"https:\/\/rotaplast.com\/en\/wp-json\/wp\/v2\/product_tag?post=1669"}],"curies":[{"name":"wp","href":"https:\/\/api.w.org\/{rel}","templated":true}]}}