{"id":1685,"date":"2024-05-27T01:36:16","date_gmt":"2024-05-26T22:36:16","guid":{"rendered":"https:\/\/hotelspool.com\/?post_type=product&#038;p=1685"},"modified":"2024-10-27T15:24:40","modified_gmt":"2024-10-27T12:24:40","slug":"polietilen-yeralti-depolari","status":"publish","type":"product","link":"https:\/\/rotaplast.com\/en\/product\/polietilen-yeralti-depolari\/","title":{"rendered":"POLYETHYLENE 5000 L UNDERGROUND CONTAINER"},"content":{"rendered":"<p><strong>Polyethylene 5 000 Liter Underground Container<\/strong><br \/>\nProduct Code: <span style=\"font-weight: 400;\">T-5.000 YA<\/span><br \/>\nVolume: 5000 L<br \/>\nPE Diameter 260 cm<br \/>\nPE Hight: 300 cm<br \/>\nPE Kg: 325<br \/>\nThickness: 12.0 mm<\/p>\n<p>&nbsp;<\/p>\n<p class=\"translation-block\">The primary component of Polyethylene, an organic hydrocarbon, is Ethylene. (C2H4)\nPolyethylene has a very strong impact resistance as a physical property.\nSince it has high chemical stability, it can be used safely in the storage of water and similar products.\n\nIf you would like to order our product with the code T-5.000 YA produced under the expertise of ROTAPLAST, you can call us at<strong> +90 262 751 42 08\u2032<\/strong> during working hours\u2026<\/p>","protected":false},"excerpt":{"rendered":"<p>Polietilen 5.000 Litre Yeralt\u0131 Deposu \u00dcr\u00fcn Kodu: T-5.000 YA Hacim: 5.000 PE \u00c7ap cm: 260 PE Y\u00fckseklik cm: 300 PE Kg: 325 Cidar mm: 12,0 &nbsp; Organik bir hidrokarbon olan Polietilenin birincil bile\u015feni Etilendir. (C2H4) Polietilen bir fiziksel \u00f6zellik olarak \u00e7ok g\u00fc\u00e7l\u00fc bir darbe dayan\u0131kl\u0131l\u0131\u011f\u0131na sahiptir. Kimyasal kararl\u0131l\u0131\u011f\u0131 y\u00fcksek oldu\u011fundan su ve benzeri \u00fcr\u00fcnlerin depolanmas\u0131nda [&hellip;]<\/p>\n","protected":false},"featured_media":2001,"comment_status":"open","ping_status":"closed","template":"","meta":[],"product_brand":[],"product_cat":[82,86],"product_tag":[],"class_list":{"0":"post-1685","1":"product","2":"type-product","3":"status-publish","4":"has-post-thumbnail","6":"product_cat-depolar","7":"product_cat-polietilen-yeralti-depolari","9":"first","10":"instock","11":"shipping-taxable","12":"product-type-simple"},"_links":{"self":[{"href":"https:\/\/rotaplast.com\/en\/wp-json\/wp\/v2\/product\/1685","targetHints":{"allow":["GET"]}}],"collection":[{"href":"https:\/\/rotaplast.com\/en\/wp-json\/wp\/v2\/product"}],"about":[{"href":"https:\/\/rotaplast.com\/en\/wp-json\/wp\/v2\/types\/product"}],"replies":[{"embeddable":true,"href":"https:\/\/rotaplast.com\/en\/wp-json\/wp\/v2\/comments?post=1685"}],"wp:featuredmedia":[{"embeddable":true,"href":"https:\/\/rotaplast.com\/en\/wp-json\/wp\/v2\/media\/2001"}],"wp:attachment":[{"href":"https:\/\/rotaplast.com\/en\/wp-json\/wp\/v2\/media?parent=1685"}],"wp:term":[{"taxonomy":"product_brand","embeddable":true,"href":"https:\/\/rotaplast.com\/en\/wp-json\/wp\/v2\/product_brand?post=1685"},{"taxonomy":"product_cat","embeddable":true,"href":"https:\/\/rotaplast.com\/en\/wp-json\/wp\/v2\/product_cat?post=1685"},{"taxonomy":"product_tag","embeddable":true,"href":"https:\/\/rotaplast.com\/en\/wp-json\/wp\/v2\/product_tag?post=1685"}],"curies":[{"name":"wp","href":"https:\/\/api.w.org\/{rel}","templated":true}]}}