{"id":1695,"date":"2024-05-28T02:03:13","date_gmt":"2024-05-27T23:03:13","guid":{"rendered":"https:\/\/hotelspool.com\/?post_type=product&#038;p=1695"},"modified":"2024-06-28T00:05:32","modified_gmt":"2024-06-27T21:05:32","slug":"paslanmaz-depo-xx-lt","status":"publish","type":"product","link":"https:\/\/rotaplast.com\/en\/product\/paslanmaz-depo-xx-lt\/","title":{"rendered":"STAINLESS CONTAINER  DS-5000 S"},"content":{"rendered":"<p><strong>\u00a0Stainless Container 5000 L<\/strong><br \/>\nProduct Code: <span style=\"font-weight: 400;\">XX<\/span><br \/>\nVolume: 5000 L<br \/>\nPE Diameter 260 cm<br \/>\nPE Hight: 300 cm<br \/>\nPE Kg: 325<br \/>\nThickness: 12.0 mm<\/p>\n<p>&nbsp;<\/p>\n<p><strong>Basic features of stainless containers:<\/strong><\/p>\n<ul>\n<li><strong>Corrosion resistance:<\/strong> Stainless steel tends to rust less than normal steel when it comes into contact with oxygen.<\/li>\n<li><strong>Hygiene:<\/strong> Stainless steel surfaces are smooth and easily cleaned, so it is easier to provide hygiene. Suitable for storage of sensitive substances such as food, medicine or chemical products.<\/li>\n<li><strong>Durability:<\/strong> Stainless steel is resistant to impacts and abrasion.<\/li>\n<li><strong>Various Applications:<\/strong> Stainless stores, water, dairy products, alcoholic beverages, oils, chemicals, drugs and many more can be used for the storage of different fluids.<\/li>\n<li><strong>Heat resistance:<\/strong>\u00a0Stainless steel can withstand high temperatures, which are suitable for applications that require high temperature storage.<\/li>\n<li><strong>Environmentally Friendly:<\/strong>\u00a0Stainless steel is a recyclable material, which provides an advantage in terms of sustainability.<\/li>\n<\/ul>\n<p><strong>The area of \u200b\u200buse is extremely wide.<\/strong><\/p>\n<p>Food and beverage industry, chemical industry, pharmaceutical industry, oil and gas industry, water treatment plants, energy production, agriculture and animal husbandry, maritime and ships, cosmetic industry, stainless tanks for the storage of chemicals in swimming pools and processing water.<\/p>\n<p>For your order call us: <strong>+90 262 751 42 08<\/strong>' during working hours.<\/p>","protected":false},"excerpt":{"rendered":"<p>\u00a0xx Litre Paslanmaz Depo \u00dcr\u00fcn Kodu: XX Hacim: 5.000 PE \u00c7ap cm: 260 PE Y\u00fckseklik cm: 300 PE Kg: 325 Cidar mm: 12,0 &nbsp; Paslanmaz depolar\u0131n temel \u00f6zellikleri: Korozyon Direnci: Paslanmaz \u00e7elik, oksijenle temas etti\u011finde normal \u00e7eli\u011fe g\u00f6re daha az paslanma e\u011filimindedir. Hijyen: Paslanmaz \u00e7elik y\u00fczeyler p\u00fcr\u00fczs\u00fcz ve kolay temizlenebilir oldu\u011fundan hijyen sa\u011flamak kolayla\u015f\u0131r. G\u0131da, [&hellip;]<\/p>\n","protected":false},"featured_media":1874,"comment_status":"open","ping_status":"closed","template":"","meta":[],"product_brand":[],"product_cat":[82,87],"product_tag":[],"class_list":{"0":"post-1695","1":"product","2":"type-product","3":"status-publish","4":"has-post-thumbnail","6":"product_cat-depolar","7":"product_cat-paslanmaz-depolar","9":"first","10":"instock","11":"shipping-taxable","12":"product-type-simple"},"_links":{"self":[{"href":"https:\/\/rotaplast.com\/en\/wp-json\/wp\/v2\/product\/1695","targetHints":{"allow":["GET"]}}],"collection":[{"href":"https:\/\/rotaplast.com\/en\/wp-json\/wp\/v2\/product"}],"about":[{"href":"https:\/\/rotaplast.com\/en\/wp-json\/wp\/v2\/types\/product"}],"replies":[{"embeddable":true,"href":"https:\/\/rotaplast.com\/en\/wp-json\/wp\/v2\/comments?post=1695"}],"wp:featuredmedia":[{"embeddable":true,"href":"https:\/\/rotaplast.com\/en\/wp-json\/wp\/v2\/media\/1874"}],"wp:attachment":[{"href":"https:\/\/rotaplast.com\/en\/wp-json\/wp\/v2\/media?parent=1695"}],"wp:term":[{"taxonomy":"product_brand","embeddable":true,"href":"https:\/\/rotaplast.com\/en\/wp-json\/wp\/v2\/product_brand?post=1695"},{"taxonomy":"product_cat","embeddable":true,"href":"https:\/\/rotaplast.com\/en\/wp-json\/wp\/v2\/product_cat?post=1695"},{"taxonomy":"product_tag","embeddable":true,"href":"https:\/\/rotaplast.com\/en\/wp-json\/wp\/v2\/product_tag?post=1695"}],"curies":[{"name":"wp","href":"https:\/\/api.w.org\/{rel}","templated":true}]}}