{"id":1744,"date":"2024-06-04T12:50:23","date_gmt":"2024-06-04T09:50:23","guid":{"rendered":"https:\/\/hotelspool.com\/?post_type=product&#038;p=1744"},"modified":"2026-01-02T07:04:40","modified_gmt":"2026-01-02T04:04:40","slug":"polietilen-kapali-agizli-silo-t-100-sk","status":"publish","type":"product","link":"https:\/\/rotaplast.com\/en\/product\/polietilen-kapali-agizli-silo-t-100-sk\/","title":{"rendered":"POLYETHYLENE Closed Top Silo T-1000 SK"},"content":{"rendered":"<p><strong>Polyethylene 1000 Liter Closed Top Silo<\/strong><br \/>\nProduct Code: <span style=\"font-weight: 400;\">T-1000 SK<\/span><br \/>\nVolume: 1000 L<br \/>\nH-Conical 56 cm<br \/>\nH-Straid: 120 cm<\/p>\n<p>&nbsp;<\/p>\n<p>Polyethylene has a very strong impact resistance as a physical property.<br \/>\nSince it has high chemical stability, it can be used safely in the storage of water and similar products.<\/p>","protected":false},"excerpt":{"rendered":"<p>Polietilen 1000 Litre Kapal\u0131 A\u011f\u0131zl\u0131 Silo \u00dcr\u00fcn Kodu: T-1000 SK Hacim: 1000 Hkonik cm: 56 Hd\u00fcz: 120 &nbsp; Polietilen bir fiziksel \u00f6zellik olarak \u00e7ok g\u00fc\u00e7l\u00fc bir darbe dayan\u0131kl\u0131l\u0131\u011f\u0131na sahiptir. Kimyasal kararl\u0131l\u0131\u011f\u0131 y\u00fcksek oldu\u011fundan su ve benzeri \u00fcr\u00fcnlerin depolanmas\u0131nda g\u00fcvenle kullan\u0131l\u0131r.<\/p>","protected":false},"featured_media":2230,"comment_status":"open","ping_status":"closed","template":"","meta":[],"product_brand":[],"product_cat":[82,61,93],"product_tag":[],"class_list":{"0":"post-1744","1":"product","2":"type-product","3":"status-publish","4":"has-post-thumbnail","6":"product_cat-depolar","7":"product_cat-polietilen-kapali-agizli-silolar","8":"product_cat-silolar","10":"first","11":"instock","12":"shipping-taxable","13":"product-type-simple"},"_links":{"self":[{"href":"https:\/\/rotaplast.com\/en\/wp-json\/wp\/v2\/product\/1744","targetHints":{"allow":["GET"]}}],"collection":[{"href":"https:\/\/rotaplast.com\/en\/wp-json\/wp\/v2\/product"}],"about":[{"href":"https:\/\/rotaplast.com\/en\/wp-json\/wp\/v2\/types\/product"}],"replies":[{"embeddable":true,"href":"https:\/\/rotaplast.com\/en\/wp-json\/wp\/v2\/comments?post=1744"}],"wp:featuredmedia":[{"embeddable":true,"href":"https:\/\/rotaplast.com\/en\/wp-json\/wp\/v2\/media\/2230"}],"wp:attachment":[{"href":"https:\/\/rotaplast.com\/en\/wp-json\/wp\/v2\/media?parent=1744"}],"wp:term":[{"taxonomy":"product_brand","embeddable":true,"href":"https:\/\/rotaplast.com\/en\/wp-json\/wp\/v2\/product_brand?post=1744"},{"taxonomy":"product_cat","embeddable":true,"href":"https:\/\/rotaplast.com\/en\/wp-json\/wp\/v2\/product_cat?post=1744"},{"taxonomy":"product_tag","embeddable":true,"href":"https:\/\/rotaplast.com\/en\/wp-json\/wp\/v2\/product_tag?post=1744"}],"curies":[{"name":"wp","href":"https:\/\/api.w.org\/{rel}","templated":true}]}}