{"id":1745,"date":"2024-06-04T02:25:35","date_gmt":"2024-06-03T23:25:35","guid":{"rendered":"https:\/\/hotelspool.com\/?post_type=product&#038;p=1745"},"modified":"2024-07-22T00:38:20","modified_gmt":"2024-07-21T21:38:20","slug":"polietilen-kapali-agizli-silo-t-12000-sk","status":"publish","type":"product","link":"https:\/\/rotaplast.com\/en\/product\/polietilen-kapali-agizli-silo-t-12000-sk\/","title":{"rendered":"POL\u0130ET\u0130LEN Kapal\u0131 A\u011f\u0131zl\u0131 Silo T-12000 SK"},"content":{"rendered":"<p><strong>Polietilen 12000 Litre Kapal\u0131 A\u011f\u0131zl\u0131 Silo<\/strong><br \/>\nProduct Code: <span style=\"font-weight: 400;\">T-12000 SK<\/span><br \/>\nHacim: 100<br \/>\nPE Diameter 260 cm<br \/>\nPE Y\u00fckseklik (cm): 335<br \/>\nKAPAK (cm):75<br \/>\nPE Kg: 325<\/p>\n<p>&nbsp;<\/p>\n<p class=\"translation-block\">The primary component of Polyethylene, an organic hydrocarbon, is Ethylene. (C2H4)\nPolyethylene has a very strong impact resistance as a physical property.\nSince it has high chemical stability, it can be used safely in the storage of water and similar products.\n\nIf you would like to order our product with the code T-5.000 YA produced under the expertise of ROTAPLAST, you can call us at<strong> +90 262 751 42 08\u2032<\/strong> during working hours\u2026<\/p>","protected":false},"excerpt":{"rendered":"<p>Polietilen 12000 Litre Kapal\u0131 A\u011f\u0131zl\u0131 Silo \u00dcr\u00fcn Kodu: T-12000 SK Hacim: 100 PE \u00c7ap cm: 260 PE Y\u00fckseklik (cm): 335 KAPAK (cm):75 PE Kg: 325 &nbsp; Organik bir hidrokarbon olan Polietilenin birincil bile\u015feni Etilendir. (C2H4) Polietilen bir fiziksel \u00f6zellik olarak \u00e7ok g\u00fc\u00e7l\u00fc bir darbe dayan\u0131kl\u0131l\u0131\u011f\u0131na sahiptir. Kimyasal kararl\u0131l\u0131\u011f\u0131 y\u00fcksek oldu\u011fundan su ve benzeri \u00fcr\u00fcnlerin depolanmas\u0131nda [&hellip;]<\/p>\n","protected":false},"featured_media":1741,"comment_status":"open","ping_status":"closed","template":"","meta":[],"product_brand":[],"product_cat":[16],"product_tag":[],"class_list":{"0":"post-1745","1":"product","2":"type-product","3":"status-publish","4":"has-post-thumbnail","6":"product_cat-genel","8":"first","9":"instock","10":"shipping-taxable","11":"product-type-simple"},"_links":{"self":[{"href":"https:\/\/rotaplast.com\/en\/wp-json\/wp\/v2\/product\/1745","targetHints":{"allow":["GET"]}}],"collection":[{"href":"https:\/\/rotaplast.com\/en\/wp-json\/wp\/v2\/product"}],"about":[{"href":"https:\/\/rotaplast.com\/en\/wp-json\/wp\/v2\/types\/product"}],"replies":[{"embeddable":true,"href":"https:\/\/rotaplast.com\/en\/wp-json\/wp\/v2\/comments?post=1745"}],"wp:featuredmedia":[{"embeddable":true,"href":"https:\/\/rotaplast.com\/en\/wp-json\/wp\/v2\/media\/1741"}],"wp:attachment":[{"href":"https:\/\/rotaplast.com\/en\/wp-json\/wp\/v2\/media?parent=1745"}],"wp:term":[{"taxonomy":"product_brand","embeddable":true,"href":"https:\/\/rotaplast.com\/en\/wp-json\/wp\/v2\/product_brand?post=1745"},{"taxonomy":"product_cat","embeddable":true,"href":"https:\/\/rotaplast.com\/en\/wp-json\/wp\/v2\/product_cat?post=1745"},{"taxonomy":"product_tag","embeddable":true,"href":"https:\/\/rotaplast.com\/en\/wp-json\/wp\/v2\/product_tag?post=1745"}],"curies":[{"name":"wp","href":"https:\/\/api.w.org\/{rel}","templated":true}]}}