{"id":1764,"date":"2024-06-04T15:32:00","date_gmt":"2024-06-04T12:32:00","guid":{"rendered":"https:\/\/hotelspool.com\/?post_type=product&#038;p=1764"},"modified":"2024-06-04T15:32:19","modified_gmt":"2024-06-04T12:32:19","slug":"koops-kutusu-tkk-80","status":"publish","type":"product","link":"https:\/\/rotaplast.com\/en\/product\/koops-kutusu-tkk-80\/","title":{"rendered":"Kops Box TKK-80"},"content":{"rendered":"<p><strong>Polyethylene 80 Liter Kops Box<\/strong><br \/>\nProduct Code: <span style=\"font-weight: 400;\">TKK-80<\/span><br \/>\nVolume: 80<br \/>\nW: 36<br \/>\nLenght (cm): 50<br \/>\nHight (cm): 47<\/p>\n<p>&nbsp;<\/p>\n<p>Cops boxes are produced in various sizes and volumes.<br \/>\nThe primary component of Polyethylene, an organic hydrocarbon, is Ethylene. (C2H4)<br \/>\nPolyethylene has a very strong impact resistance as a physical property.<br \/>\nSince it has high chemical stability, it can be used safely in the storage of water and similar products.<br \/>\nIf you want to order from our product\nthat produced in Rotaplast Expertise, call us\u00a0<strong>+90 262 751 42 08<\/strong>' during working hours.<\/p>","protected":false},"excerpt":{"rendered":"<p>Polietilen 80 Litre Kops Kutusu \u00dcr\u00fcn Kodu: TKK-80 Hacim: 80 En: 36 Boy (cm): 50 Y\u00fckseklik (cm): 47 &nbsp; Kops kutular\u0131 \u00e7e\u015fitli \u00f6l\u00e7\u00fc ve hacimlerde \u00fcretilmektedir. Organik bir hidrokarbon olan Polietilenin birincil bile\u015feni Etilendir. (C2H4) Polietilen bir fiziksel \u00f6zellik olarak \u00e7ok g\u00fc\u00e7l\u00fc bir darbe dayan\u0131kl\u0131l\u0131\u011f\u0131na sahiptir. Kimyasal kararl\u0131l\u0131\u011f\u0131 y\u00fcksek oldu\u011fundan su ve benzeri \u00fcr\u00fcnlerin depolanmas\u0131nda [&hellip;]<\/p>\n","protected":false},"featured_media":1765,"comment_status":"open","ping_status":"closed","template":"","meta":[],"product_brand":[],"product_cat":[82,48],"product_tag":[],"class_list":{"0":"post-1764","1":"product","2":"type-product","3":"status-publish","4":"has-post-thumbnail","6":"product_cat-depolar","7":"product_cat-telef-kovasi-kops-kutusu-iplik-kovasi","9":"first","10":"instock","11":"shipping-taxable","12":"product-type-simple"},"_links":{"self":[{"href":"https:\/\/rotaplast.com\/en\/wp-json\/wp\/v2\/product\/1764","targetHints":{"allow":["GET"]}}],"collection":[{"href":"https:\/\/rotaplast.com\/en\/wp-json\/wp\/v2\/product"}],"about":[{"href":"https:\/\/rotaplast.com\/en\/wp-json\/wp\/v2\/types\/product"}],"replies":[{"embeddable":true,"href":"https:\/\/rotaplast.com\/en\/wp-json\/wp\/v2\/comments?post=1764"}],"wp:featuredmedia":[{"embeddable":true,"href":"https:\/\/rotaplast.com\/en\/wp-json\/wp\/v2\/media\/1765"}],"wp:attachment":[{"href":"https:\/\/rotaplast.com\/en\/wp-json\/wp\/v2\/media?parent=1764"}],"wp:term":[{"taxonomy":"product_brand","embeddable":true,"href":"https:\/\/rotaplast.com\/en\/wp-json\/wp\/v2\/product_brand?post=1764"},{"taxonomy":"product_cat","embeddable":true,"href":"https:\/\/rotaplast.com\/en\/wp-json\/wp\/v2\/product_cat?post=1764"},{"taxonomy":"product_tag","embeddable":true,"href":"https:\/\/rotaplast.com\/en\/wp-json\/wp\/v2\/product_tag?post=1764"}],"curies":[{"name":"wp","href":"https:\/\/api.w.org\/{rel}","templated":true}]}}