{"id":1768,"date":"2024-06-04T15:28:35","date_gmt":"2024-06-04T12:28:35","guid":{"rendered":"https:\/\/hotelspool.com\/?post_type=product&#038;p=1768"},"modified":"2024-08-04T02:29:09","modified_gmt":"2024-08-03T23:29:09","slug":"kops-kutusu","status":"publish","type":"product","link":"https:\/\/rotaplast.com\/en\/product\/kops-kutusu\/","title":{"rendered":"Waste Buckets &amp; Kops Boxes &amp; Spinning Cans"},"content":{"rendered":"<p>Waste Buckets &amp; Kops Boxes &amp; Spinning Cans produces in several dimensions and volumes.<br \/>\nPlease check the table for various sizes.<\/p>\n<p>Polyethylene has a very strong impact resistance as a physical property.<br \/>\nSince its chemical stability is high, it is safely used in the storage of various chemicals, water and similar products.<br \/>\nIf you want to order from our products produced in Rotaplast expertise, call us <strong>+90 262 751 42 08<\/strong>' during working hours.<\/p>","protected":false},"excerpt":{"rendered":"<p>Telef Kovalar\u0131, Kops kutular\u0131 ve \u0130plik Kovalar\u0131 \u00e7e\u015fitli \u00f6l\u00e7\u00fc ve hacimlerde \u00fcretilmektedir. Boyutlarla ilgili bilgi edinmek i\u00e7in yandaki tablolar\u0131 inceleyiniz. Polietilen bir fiziksel \u00f6zellik olarak \u00e7ok g\u00fc\u00e7l\u00fc bir darbe dayan\u0131kl\u0131l\u0131\u011f\u0131na sahiptir. Kimyasal kararl\u0131l\u0131\u011f\u0131 y\u00fcksek oldu\u011fundan \u00e7e\u015fitli \u00fcr\u00fcnlerin ta\u015f\u0131nmas\u0131nda ve depolanmas\u0131nda g\u00fcvenle kullan\u0131l\u0131r. ROTAPLAST uzmanl\u0131\u011f\u0131nda, \u00fcretilen \u00fcr\u00fcnlerimizden sipari\u015f vermek isterseniz bizi hemen +90 262 751 42 [&hellip;]<\/p>\n","protected":false},"featured_media":2177,"comment_status":"open","ping_status":"closed","template":"","meta":[],"product_brand":[],"product_cat":[82,48],"product_tag":[],"class_list":{"0":"post-1768","1":"product","2":"type-product","3":"status-publish","4":"has-post-thumbnail","6":"product_cat-depolar","7":"product_cat-telef-kovasi-kops-kutusu-iplik-kovasi","9":"first","10":"instock","11":"shipping-taxable","12":"product-type-simple"},"_links":{"self":[{"href":"https:\/\/rotaplast.com\/en\/wp-json\/wp\/v2\/product\/1768","targetHints":{"allow":["GET"]}}],"collection":[{"href":"https:\/\/rotaplast.com\/en\/wp-json\/wp\/v2\/product"}],"about":[{"href":"https:\/\/rotaplast.com\/en\/wp-json\/wp\/v2\/types\/product"}],"replies":[{"embeddable":true,"href":"https:\/\/rotaplast.com\/en\/wp-json\/wp\/v2\/comments?post=1768"}],"wp:featuredmedia":[{"embeddable":true,"href":"https:\/\/rotaplast.com\/en\/wp-json\/wp\/v2\/media\/2177"}],"wp:attachment":[{"href":"https:\/\/rotaplast.com\/en\/wp-json\/wp\/v2\/media?parent=1768"}],"wp:term":[{"taxonomy":"product_brand","embeddable":true,"href":"https:\/\/rotaplast.com\/en\/wp-json\/wp\/v2\/product_brand?post=1768"},{"taxonomy":"product_cat","embeddable":true,"href":"https:\/\/rotaplast.com\/en\/wp-json\/wp\/v2\/product_cat?post=1768"},{"taxonomy":"product_tag","embeddable":true,"href":"https:\/\/rotaplast.com\/en\/wp-json\/wp\/v2\/product_tag?post=1768"}],"curies":[{"name":"wp","href":"https:\/\/api.w.org\/{rel}","templated":true}]}}