{"id":1861,"date":"2024-06-26T00:09:25","date_gmt":"2024-06-25T21:09:25","guid":{"rendered":"https:\/\/hotelspool.com\/?post_type=product&#038;p=1861"},"modified":"2026-01-02T07:03:16","modified_gmt":"2026-01-02T04:03:16","slug":"polyester-depo","status":"publish","type":"product","link":"https:\/\/rotaplast.com\/en\/product\/polyester-depo\/","title":{"rendered":"Horizontal Polyester Container PD-Y 8000"},"content":{"rendered":"<p><strong>Horizontal Polyester 8000 L Container<\/strong><br \/>\nProduct Code: <span style=\"font-weight: 400;\">PD-Y 8000<\/span><br \/>\nVolume: 8000 L<br \/>\nDiameter: 165 cm<br \/>\nLength: 380 cm<br \/>\nHight: 180 cm<br \/>\nCover: 40 cm<br \/>\nCuff: 2\"<br \/>\nWorking Temperature: -10 ; +60 Degree Celsius<br \/>\n&#8212;<\/p>\n<p>&nbsp;<\/p>\n<p>Polyestercontainers are produced in various dimensions and volumes.\nSince its chemical stability is high, it is safely used in the storage of water and similar products of various chemicals.<br \/>\nSince its chemical stability is high, it is safely used in the storage of various chemicals, water and similar products.<\/p>","protected":false},"excerpt":{"rendered":"<p>Yatay Polyester 8000 Litre Depo \u00dcr\u00fcn Kodu: PD-Y 8000 Hacim: 8000 L En (\u00c7ap): 165 Boy (cm):380 Y\u00fckseklik (cm): 180 Kapak (cm): 40 Man\u015fon: 2&#8243; \u00c7al\u0131\u015fma S\u0131cakl\u0131\u011f\u0131: -10 &#8211; +60 &#8212; &nbsp; Polyester depolar \u00e7e\u015fitli \u00f6l\u00e7\u00fc ve hacimlerde \u00fcretilmektedir. Kimyasal kararl\u0131l\u0131\u011f\u0131 y\u00fcksek oldu\u011fundan \u00e7ok \u00e7e\u015fitli kimyasal maddelerin su ve benzeri \u00fcr\u00fcnlerin depolanmas\u0131nda g\u00fcvenle kullan\u0131l\u0131r.<\/p>","protected":false},"featured_media":1868,"comment_status":"open","ping_status":"closed","template":"","meta":[],"product_brand":[],"product_cat":[82,59],"product_tag":[],"class_list":{"0":"post-1861","1":"product","2":"type-product","3":"status-publish","4":"has-post-thumbnail","6":"product_cat-depolar","7":"product_cat-polyester-depolar","9":"first","10":"instock","11":"shipping-taxable","12":"product-type-simple"},"_links":{"self":[{"href":"https:\/\/rotaplast.com\/en\/wp-json\/wp\/v2\/product\/1861","targetHints":{"allow":["GET"]}}],"collection":[{"href":"https:\/\/rotaplast.com\/en\/wp-json\/wp\/v2\/product"}],"about":[{"href":"https:\/\/rotaplast.com\/en\/wp-json\/wp\/v2\/types\/product"}],"replies":[{"embeddable":true,"href":"https:\/\/rotaplast.com\/en\/wp-json\/wp\/v2\/comments?post=1861"}],"wp:featuredmedia":[{"embeddable":true,"href":"https:\/\/rotaplast.com\/en\/wp-json\/wp\/v2\/media\/1868"}],"wp:attachment":[{"href":"https:\/\/rotaplast.com\/en\/wp-json\/wp\/v2\/media?parent=1861"}],"wp:term":[{"taxonomy":"product_brand","embeddable":true,"href":"https:\/\/rotaplast.com\/en\/wp-json\/wp\/v2\/product_brand?post=1861"},{"taxonomy":"product_cat","embeddable":true,"href":"https:\/\/rotaplast.com\/en\/wp-json\/wp\/v2\/product_cat?post=1861"},{"taxonomy":"product_tag","embeddable":true,"href":"https:\/\/rotaplast.com\/en\/wp-json\/wp\/v2\/product_tag?post=1861"}],"curies":[{"name":"wp","href":"https:\/\/api.w.org\/{rel}","templated":true}]}}