{"id":1901,"date":"2024-07-05T15:31:53","date_gmt":"2024-07-05T12:31:53","guid":{"rendered":"https:\/\/hotelspool.com\/?post_type=product&#038;p=1901"},"modified":"2025-06-05T18:50:34","modified_gmt":"2025-06-05T15:50:34","slug":"acik-kenarli-tekstil-tasima-arabasi-tek-ar-120-240","status":"publish","type":"product","link":"https:\/\/rotaplast.com\/en\/product\/acik-kenarli-tekstil-tasima-arabasi-tek-ar-120-240\/","title":{"rendered":"Open Sided Textile Trolleys TEK-AR-120\/240"},"content":{"rendered":"<p><strong>Open Sided Textile Troleys\u00a0<\/strong><br \/>\nProduct Code: <span style=\"font-weight: 400;\">TEK-AR -120\/240<\/span><br \/>\nVolume (L): 2300<br \/>\nW1\/W2(cm): 120<br \/>\nL1\/L2 (cm): 240<br \/>\nDepth: (cm) 80<\/p>\n<p>&nbsp;<\/p>\n<p><span class=\"s1\">Open sided textile troleys are useful, light, flexible, economic and long -lasting.<br \/>\nIt is resistant to impacts and <\/span><span class=\"s1\">does not contain carcinogenic substances.<br \/>\n<\/span><span class=\"s1\">UV is added. <\/span><span class=\"s1\">It does not react <\/span>with chemicals.<br \/>\n<span class=\"s1\">It does not hold algae, bacteria, fungus and mold do not form.<\/span><\/p>\n<p><span class=\"s1\">Plastic body monoblock species. There is no combination and add -on such as welding, rivet, pinch, soldering.<span class=\"Apple-converted-space\">\u00a0 Owing to this feature<\/span> It does not damage sensitive products like fabric placed in it.<\/span><\/p>\n<p>If you want to order from our product\nthat produced in Rotaplast Expertise, call us\u00a0<strong>+90 262 751 42 08<\/strong>' during working hours.<\/p>","protected":false},"excerpt":{"rendered":"<p>A\u00e7\u0131k Kenarl\u0131 Tekstil Ta\u015f\u0131ma Arabas\u0131\u00a0 \u00dcr\u00fcn Kodu: TEK-AR -120\/240 Hacim (L): 2300 W1\/W2(cm): 120 L1\/L2 (cm): 240 Derinlik (cm): 80 &nbsp; Rotaplast tecr\u00fcbesi ile \u00fcretilen A\u00e7\u0131k Kenarl\u0131 Tekstil Ta\u015f\u0131ma arabalar\u0131 kullan\u0131\u015fl\u0131, hafif, esnek, ekonomik ve uzun \u00f6m\u00fcrl\u00fcd\u00fcr. Darbelere dayan\u0131kl\u0131d\u0131r ve kanserojen madde i\u00e7ermez. UV katk\u0131l\u0131d\u0131r. Kimyasallarla reaksiyona girmez. Yosun tutmaz, bakteri, mantar ve k\u00fcf olu\u015fmaz. [&hellip;]<\/p>\n","protected":false},"featured_media":1958,"comment_status":"open","ping_status":"closed","template":"","meta":[],"product_brand":[],"product_cat":[52,36],"product_tag":[],"class_list":{"0":"post-1901","1":"product","2":"type-product","3":"status-publish","4":"has-post-thumbnail","6":"product_cat-acik-kenarli-tekstil-arabalari","7":"product_cat-polietilen-urunler","9":"first","10":"instock","11":"shipping-taxable","12":"product-type-simple"},"_links":{"self":[{"href":"https:\/\/rotaplast.com\/en\/wp-json\/wp\/v2\/product\/1901","targetHints":{"allow":["GET"]}}],"collection":[{"href":"https:\/\/rotaplast.com\/en\/wp-json\/wp\/v2\/product"}],"about":[{"href":"https:\/\/rotaplast.com\/en\/wp-json\/wp\/v2\/types\/product"}],"replies":[{"embeddable":true,"href":"https:\/\/rotaplast.com\/en\/wp-json\/wp\/v2\/comments?post=1901"}],"wp:featuredmedia":[{"embeddable":true,"href":"https:\/\/rotaplast.com\/en\/wp-json\/wp\/v2\/media\/1958"}],"wp:attachment":[{"href":"https:\/\/rotaplast.com\/en\/wp-json\/wp\/v2\/media?parent=1901"}],"wp:term":[{"taxonomy":"product_brand","embeddable":true,"href":"https:\/\/rotaplast.com\/en\/wp-json\/wp\/v2\/product_brand?post=1901"},{"taxonomy":"product_cat","embeddable":true,"href":"https:\/\/rotaplast.com\/en\/wp-json\/wp\/v2\/product_cat?post=1901"},{"taxonomy":"product_tag","embeddable":true,"href":"https:\/\/rotaplast.com\/en\/wp-json\/wp\/v2\/product_tag?post=1901"}],"curies":[{"name":"wp","href":"https:\/\/api.w.org\/{rel}","templated":true}]}}