{"id":1907,"date":"2024-07-12T02:37:55","date_gmt":"2024-07-11T23:37:55","guid":{"rendered":"https:\/\/hotelspool.com\/?post_type=product&#038;p=1907"},"modified":"2026-04-16T05:09:25","modified_gmt":"2026-04-16T02:09:25","slug":"moloz-atma-bacalari","status":"publish","type":"product","link":"https:\/\/rotaplast.com\/en\/product\/moloz-atma-bacalari\/","title":{"rendered":"Telescopic Construction Waste Pipes"},"content":{"rendered":"<p>The most valuable product in construction works is time.<br \/>\nThe rubbles are one of the factors that slow down and grow time in construction areas.<\/p>\n<p>It is important to evacuate these wastes safely and quickly.<br \/>\nROTAPLAST enables you to transport and dispose of the rubble formed in construction sites in a way that complies with work safety, with the most suitable and economical model.\nConstruction worker at the top of a building, throwing all kind of trash easly into a plastic drainpipe<\/p>\n<p><strong>What is a rubble throwing chimney and what does it do?<\/strong><br \/>\nIt is used for safe transportation of rubble garbage accumulated in construction areas with concrete, marble, tiles, glass, brick, cement, sand or iron with a container below the high floors.\n\nThe building height does not matter. Special connections are made to the floors. In this way, it eliminates the risk of accidents that may occur during the outward transfer of rubbles.\nIn addition, Plastic drainage tubes  (rubble throwing chimneys)  are easy to carry with low weights and fast assembly.<br \/>\nVarious names are used in the industry for debris disposal chimneys.<br \/>\nSome of these are:<br \/>\nTHROWING RUBBLE<br \/>\nRUBBLE DISCHARGE TOWER<br \/>\nGARBAGE SHOT<br \/>\nDEBRIS DISPOSAL PIPES<br \/>\nRUBBLE PIPE<br \/>\nRUBBLE SLIDE<br \/>\nDEBRIS TRANSFER DEVICE<br \/>\nTELESCOPIC DEBRIS THROWING PIPE<\/p>\n<h3 class=\"wp-block-heading\">What are the advantages of rubble throwing chimney?<\/h3>\n<p>It is one of the most innovative and most popular inventions of the plastic drainage tubes for the construction sector.<\/p>\n<ul>\n<li>Debris disposal chimneys are easy and quick to install.<\/li>\n<li>They are ideal solutions for safe and clean rubble evacuation.<\/li>\n<li>It allows rubble throwing and evacuation processes from any height.<\/li>\n<li>It is extremely economical compared to other rubble evacuation applications.<\/li>\n<li>Using rubble disposal chimneys saves time, money and personnel.<\/li>\n<li>Minimizes environmental pollution.<\/li>\n<li>It provides extremely high security in terms of occupational safety and worker health.<\/li>\n<li>The rubble chute system is not disposable. It can be moved to different structures and used repeatedly.<\/li>\n<li>It is produced from high impact resistance, UV resistant polyethylene.<\/li>\n<li>It can be used safely in all climate conditions.<\/li>\n<li>It can be used in all structures regardless of the height and in each floor range.<\/li>\n<li>Perhaps the most important is the positive ratio between the \"price of Rubble Disposal Chimneys\" and the work they do. If supplied through the manufacturer ROTAPLAST, this product will be the most economical solution to the rubble disposal problem in your construction in terms of both time and cost.<\/li>\n<\/ul>\n<p>&nbsp;<\/p>\n<ul>\n<li><b>Structure:<br \/>\n<\/b>The rubble disposal chimneys (Rubble Chute towers) system consists of three main parts: Chamber, Chute and Fixing Frame. Since it is produced from linear polyethylene material, it can be used repeatedly and does not wear out easily. It can be dismantled from a building, easily transported to another building and assembled.<\/li>\n<li>Contact us immediately to get price information and detailed information about the rubble disposal chimneys produced under ROTAPLAST expertise. <strong>0535 010 09 55<\/strong> or <strong>+90 262 751 42 08<\/strong>' during working hours.<\/li>\n<\/ul>\n<p>You can send a e -mail to satisrota@rotaplast.com.<\/p>\n<p>Please watch the installation application:<br \/>\n<a href=\"https:\/\/www.youtube.com\/watch?v=QA4M7tE6oUw\"><img loading=\"lazy\" decoding=\"async\" class=\"alignnone size-full wp-image-1920\" src=\"https:\/\/hotelspool.com\/wp-content\/uploads\/2024\/07\/moloz-atma-bacasi-uygulama.jpg\" alt=\"\" width=\"686\" height=\"449\" srcset=\"https:\/\/rotaplast.com\/wp-content\/uploads\/2024\/07\/moloz-atma-bacasi-uygulama.jpg 686w, https:\/\/rotaplast.com\/wp-content\/uploads\/2024\/07\/moloz-atma-bacasi-uygulama-300x196.jpg 300w, https:\/\/rotaplast.com\/wp-content\/uploads\/2024\/07\/moloz-atma-bacasi-uygulama-18x12.jpg 18w, https:\/\/rotaplast.com\/wp-content\/uploads\/2024\/07\/moloz-atma-bacasi-uygulama-450x295.jpg 450w, https:\/\/rotaplast.com\/wp-content\/uploads\/2024\/07\/moloz-atma-bacasi-uygulama-600x393.jpg 600w\" sizes=\"auto, (max-width: 686px) 100vw, 686px\" \/><\/a><\/p>\n<p>Moloz Atma Bacas\u0131 Videosu<\/p>","protected":false},"excerpt":{"rendered":"<p>\u0130n\u015faat i\u015flerinde en de\u011ferli \u00fcr\u00fcn zamand\u0131r. Molozlar, in\u015faat\u00a0 alanlar\u0131nda i\u015fi yava\u015flatan ve zaman \u00f6\u011f\u00fcten fakt\u00f6rlerin ba\u015f\u0131nda gelir. Bu at\u0131klar\u0131n g\u00fcvenli ve h\u0131zl\u0131 bir \u015fekilde tahliye edilmesi \u00f6nemlidir. ROTAPLAST,\u00a0 in\u015faat alanlar\u0131nda olu\u015fan molozlar\u0131n i\u015f g\u00fcvenli\u011fine uygun bir \u015fekilde ta\u015f\u0131nmas\u0131n\u0131 ve bertaraf edilmesini en uygun ve en ekonomik modelle ger\u00e7ekle\u015ftirmenizi sa\u011flar. Moloz atma bacas\u0131 nedir ve ne [&hellip;]<\/p>\n","protected":false},"featured_media":1908,"comment_status":"open","ping_status":"closed","template":"","meta":[],"product_brand":[108],"product_cat":[88,36],"product_tag":[116,118,113,117,99,110,101,114,112,111,115,102,100,109,119,120,103],"class_list":{"0":"post-1907","1":"product","2":"type-product","3":"status-publish","4":"has-post-thumbnail","6":"product_brand-rotaplast","7":"product_cat-moloz-atma-bacalari","8":"product_cat-polietilen-urunler","9":"product_tag-insaat-atigi","10":"product_tag-moloz-aktarma","11":"product_tag-moloz-atiklari","12":"product_tag-moloz-atimi","13":"product_tag-moloz-atma-bacalari","14":"product_tag-moloz-atma-bacasi","15":"product_tag-moloz-atma-bacasi-fiyati","16":"product_tag-moloz-borusu","17":"product_tag-moloz-copsut","18":"product_tag-moloz-dokme-kulesi","19":"product_tag-moloz-kaydiragi","20":"product_tag-moloz-kulesi","21":"product_tag-moloz-sut-kuleleri","22":"product_tag-molozsut","23":"product_tag-molozsut-fiyat","24":"product_tag-molozsut-fiyatlari","25":"product_tag-plastik-moloz-atma-bacasi-bilgi","27":"first","28":"instock","29":"shipping-taxable","30":"product-type-simple"},"_links":{"self":[{"href":"https:\/\/rotaplast.com\/en\/wp-json\/wp\/v2\/product\/1907","targetHints":{"allow":["GET"]}}],"collection":[{"href":"https:\/\/rotaplast.com\/en\/wp-json\/wp\/v2\/product"}],"about":[{"href":"https:\/\/rotaplast.com\/en\/wp-json\/wp\/v2\/types\/product"}],"replies":[{"embeddable":true,"href":"https:\/\/rotaplast.com\/en\/wp-json\/wp\/v2\/comments?post=1907"}],"wp:featuredmedia":[{"embeddable":true,"href":"https:\/\/rotaplast.com\/en\/wp-json\/wp\/v2\/media\/1908"}],"wp:attachment":[{"href":"https:\/\/rotaplast.com\/en\/wp-json\/wp\/v2\/media?parent=1907"}],"wp:term":[{"taxonomy":"product_brand","embeddable":true,"href":"https:\/\/rotaplast.com\/en\/wp-json\/wp\/v2\/product_brand?post=1907"},{"taxonomy":"product_cat","embeddable":true,"href":"https:\/\/rotaplast.com\/en\/wp-json\/wp\/v2\/product_cat?post=1907"},{"taxonomy":"product_tag","embeddable":true,"href":"https:\/\/rotaplast.com\/en\/wp-json\/wp\/v2\/product_tag?post=1907"}],"curies":[{"name":"wp","href":"https:\/\/api.w.org\/{rel}","templated":true}]}}