{"id":2013,"date":"2024-07-22T02:54:18","date_gmt":"2024-07-21T23:54:18","guid":{"rendered":"https:\/\/hotelspool.com\/?post_type=product&#038;p=2013"},"modified":"2024-08-02T23:35:37","modified_gmt":"2024-08-02T20:35:37","slug":"koseli-tekstil-tasima-arabasi-tek-ar-180","status":"publish","type":"product","link":"https:\/\/rotaplast.com\/en\/product\/koseli-tekstil-tasima-arabasi-tek-ar-180\/","title":{"rendered":"K\u00f6\u015feli Tekstil Ta\u015f\u0131ma Arabas\u0131 TEK-AR 180"},"content":{"rendered":"<p><strong>Cornered Textile Trolleys\u00a0<\/strong><br \/>\nProduct Code: <span style=\"font-weight: 400;\">TEK-AR 180<\/span><br \/>\nVolume (L): 1320<br \/>\nW1\/W2(cm): 110\/100<br \/>\nL1\/L2 (cm): 110\/100<br \/>\nDepth (cm): 120<\/p>\n<p>&nbsp;<\/p>\n<p><span class=\"s1\">The conical cornered textile trolleys produced with Rotaplast experience are useful, light, flexible, economic and long life.<br \/>\nIt is resistant to impacts and <\/span><span class=\"s1\">does not contain carcinogenic substances.<br \/>\n<\/span><span class=\"s1\">UV is added. <\/span><span class=\"s1\">It does not react <\/span>with chemicals.<br \/>\n<span class=\"s1\">It does not hold algae, bacteria, fungus and mold do not form.<\/span><\/p>\n<p><span class=\"s1\">Plastic body monoblock species. There is no combination and add -on such as welding, rivet, pinch, soldering.<span class=\"Apple-converted-space\">\u00a0 Owing to this feature<\/span> It does not damage sensitive products like fabric placed in it.<\/span><\/p>\n<p>If you want to order from our product\nthat produced in Rotaplast Expertise, call us\u00a0<strong>+90 262 751 42 08<\/strong>' during working hours.<\/p>","protected":false},"excerpt":{"rendered":"<p>K\u00f6\u015feli Tekstil Ta\u015f\u0131ma Arabas\u0131\u00a0 \u00dcr\u00fcn Kodu: TEK-AR 180 Hacim (L): 1320 W1\/W2(cm): 110\/100 L1\/L2 (cm): 110\/100 Derinlik (cm): 120 &nbsp; Rotaplast tecr\u00fcbesi ile \u00fcretilen K\u00f6\u015feli Tekstil Ta\u015f\u0131ma arabalar\u0131 kullan\u0131\u015fl\u0131, hafif, esnek, ekonomik ve uzun \u00f6m\u00fcrl\u00fcd\u00fcr. Darbelere dayan\u0131kl\u0131d\u0131r ve kanserojen madde i\u00e7ermez. UV katk\u0131l\u0131d\u0131r. Kimyasallarla reaksiyona girmez. Yosun tutmaz, bakteri, mantar ve k\u00fcf olu\u015fmaz. Plastik g\u00f6vde [&hellip;]<\/p>\n","protected":false},"featured_media":1893,"comment_status":"open","ping_status":"closed","template":"","meta":[],"product_brand":[],"product_cat":[16],"product_tag":[],"class_list":{"0":"post-2013","1":"product","2":"type-product","3":"status-publish","4":"has-post-thumbnail","6":"product_cat-genel","8":"first","9":"instock","10":"shipping-taxable","11":"product-type-simple"},"_links":{"self":[{"href":"https:\/\/rotaplast.com\/en\/wp-json\/wp\/v2\/product\/2013","targetHints":{"allow":["GET"]}}],"collection":[{"href":"https:\/\/rotaplast.com\/en\/wp-json\/wp\/v2\/product"}],"about":[{"href":"https:\/\/rotaplast.com\/en\/wp-json\/wp\/v2\/types\/product"}],"replies":[{"embeddable":true,"href":"https:\/\/rotaplast.com\/en\/wp-json\/wp\/v2\/comments?post=2013"}],"wp:featuredmedia":[{"embeddable":true,"href":"https:\/\/rotaplast.com\/en\/wp-json\/wp\/v2\/media\/1893"}],"wp:attachment":[{"href":"https:\/\/rotaplast.com\/en\/wp-json\/wp\/v2\/media?parent=2013"}],"wp:term":[{"taxonomy":"product_brand","embeddable":true,"href":"https:\/\/rotaplast.com\/en\/wp-json\/wp\/v2\/product_brand?post=2013"},{"taxonomy":"product_cat","embeddable":true,"href":"https:\/\/rotaplast.com\/en\/wp-json\/wp\/v2\/product_cat?post=2013"},{"taxonomy":"product_tag","embeddable":true,"href":"https:\/\/rotaplast.com\/en\/wp-json\/wp\/v2\/product_tag?post=2013"}],"curies":[{"name":"wp","href":"https:\/\/api.w.org\/{rel}","templated":true}]}}