{"id":2039,"date":"2024-07-23T01:23:03","date_gmt":"2024-07-22T22:23:03","guid":{"rendered":"https:\/\/hotelspool.com\/?post_type=product&#038;p=2039"},"modified":"2024-07-23T01:35:36","modified_gmt":"2024-07-22T22:35:36","slug":"silindirik-tekstil-tasima-arabasi-tek-ar-125-sr1","status":"publish","type":"product","link":"https:\/\/rotaplast.com\/en\/product\/silindirik-tekstil-tasima-arabasi-tek-ar-125-sr1\/","title":{"rendered":"Cylindrical Textile Trolleys TEK-AR 125 SR1"},"content":{"rendered":"<p><strong>Conical Cylindrical Textile Trolley\u00a0<\/strong><br \/>\nProduct Code: <span style=\"font-weight: 400;\">TEK- 125 SR1<\/span><br \/>\nVolume (L): 750<br \/>\nW1\/W2(cm): 125<br \/>\nL1\/L2 (cm): 62<\/p>\n<p>&nbsp;<\/p>\n<p><span class=\"s1\">Cylindrical textiletrolleys produced with Rotaplast experience are useful, light, flexible, economic and long life.<br \/>\nIt is resistant to impacts and <\/span><span class=\"s1\">does not contain carcinogenic substances.<br \/>\n<\/span><span class=\"s1\">UV is added. <\/span><span class=\"s1\">It does not react <\/span>with chemicals.<br \/>\n<span class=\"s1\">It does not hold algae, bacteria, fungus and mold do not form.<\/span><\/p>\n<p><span class=\"s1\">Plastic body monoblock species. There is no combination and add -on such as welding, rivet, pinch, soldering.<span class=\"Apple-converted-space\">\u00a0 Owing to this feature<\/span> It does not damage sensitive products like fabric placed in it.<\/span><\/p>\n<p>If you want to order from our product\nthat produced in Rotaplast Expertise, call us\u00a0<strong>+90 262 751 42 08<\/strong>' during working hours.<\/p>","protected":false},"excerpt":{"rendered":"<p>Silindirik Tekstil Ta\u015f\u0131ma Arabas\u0131\u00a0 \u00dcr\u00fcn Kodu: TEK- 125 SR1 Hacim (L): 750 W1\/W2(cm): 125 L1\/L2 (cm): 62 &nbsp; Rotaplast tecr\u00fcbesi ile \u00fcretilen Silindirik Tekstil Ta\u015f\u0131ma arabalar\u0131 kullan\u0131\u015fl\u0131, hafif, esnek, ekonomik ve uzun \u00f6m\u00fcrl\u00fcd\u00fcr. Darbelere dayan\u0131kl\u0131d\u0131r ve kanserojen madde i\u00e7ermez. UV katk\u0131l\u0131d\u0131r. Kimyasallarla reaksiyona girmez. Yosun tutmaz, bakteri, mantar ve k\u00fcf olu\u015fmaz. Plastik g\u00f6vde monobloktur. Kaynak, [&hellip;]<\/p>\n","protected":false},"featured_media":2040,"comment_status":"open","ping_status":"closed","template":"","meta":[],"product_brand":[],"product_cat":[36,50],"product_tag":[],"class_list":{"0":"post-2039","1":"product","2":"type-product","3":"status-publish","4":"has-post-thumbnail","6":"product_cat-polietilen-urunler","7":"product_cat-silindirik-tekstil-arabalari","9":"first","10":"instock","11":"shipping-taxable","12":"product-type-simple"},"_links":{"self":[{"href":"https:\/\/rotaplast.com\/en\/wp-json\/wp\/v2\/product\/2039","targetHints":{"allow":["GET"]}}],"collection":[{"href":"https:\/\/rotaplast.com\/en\/wp-json\/wp\/v2\/product"}],"about":[{"href":"https:\/\/rotaplast.com\/en\/wp-json\/wp\/v2\/types\/product"}],"replies":[{"embeddable":true,"href":"https:\/\/rotaplast.com\/en\/wp-json\/wp\/v2\/comments?post=2039"}],"wp:featuredmedia":[{"embeddable":true,"href":"https:\/\/rotaplast.com\/en\/wp-json\/wp\/v2\/media\/2040"}],"wp:attachment":[{"href":"https:\/\/rotaplast.com\/en\/wp-json\/wp\/v2\/media?parent=2039"}],"wp:term":[{"taxonomy":"product_brand","embeddable":true,"href":"https:\/\/rotaplast.com\/en\/wp-json\/wp\/v2\/product_brand?post=2039"},{"taxonomy":"product_cat","embeddable":true,"href":"https:\/\/rotaplast.com\/en\/wp-json\/wp\/v2\/product_cat?post=2039"},{"taxonomy":"product_tag","embeddable":true,"href":"https:\/\/rotaplast.com\/en\/wp-json\/wp\/v2\/product_tag?post=2039"}],"curies":[{"name":"wp","href":"https:\/\/api.w.org\/{rel}","templated":true}]}}