{"id":2056,"date":"2024-07-24T23:02:49","date_gmt":"2024-07-24T20:02:49","guid":{"rendered":"https:\/\/hotelspool.com\/?post_type=product&#038;p=2056"},"modified":"2025-05-14T21:10:46","modified_gmt":"2025-05-14T18:10:46","slug":"konik-silindirik-tekstil-tasima-arabalari-urun-tablosu","status":"publish","type":"product","link":"https:\/\/rotaplast.com\/en\/product\/konik-silindirik-tekstil-tasima-arabalari-urun-tablosu\/","title":{"rendered":"Conical Cylindirical Textile Trolleys Products Table"},"content":{"rendered":"<p><span class=\"s1\">Conical Cylindrical Textile Troleys produced with Rotaplast experience are produced in various sizes. You can examine these products from the table.<br \/>\nConical Cylindrical Textile Troleys produced from polyethylene are useful, light, flexible, economic and long life.<br \/>\nIt is resistant to impacts and <\/span><span class=\"s1\">does not contain carcinogenic substances.<br \/>\n<\/span><span class=\"s1\">UV is added. <\/span><span class=\"s1\">It does not react <\/span>with chemicals.<br \/>\n<span class=\"s1\">It does not hold algae, bacteria, fungus and mold do not form.<\/span><\/p>\n<p><span class=\"s1\">Plastic body monoblock species. There is no combination and add -on such as welding, rivet, pinch, soldering.<span class=\"Apple-converted-space\">\u00a0 Owing to this feature<\/span> It does not damage sensitive products like fabric placed in it.<\/span><\/p>\n<p>If you want to order from our product\nthat produced in Rotaplast Expertise, call us\u00a0<strong>+90 262 751 42 08<\/strong>' during working hours.<\/p>","protected":false},"excerpt":{"rendered":"<p>Rotaplast tecr\u00fcbesi ile \u00fcretilen Konik Silindirik Tekstil Ta\u015f\u0131ma arabalar\u0131 \u00e7e\u015fitli boyutlarda \u00fcretilmektedir. Bu \u00fcr\u00fcnleri yandaki tablodan inceleyebilirsiniz. Pol\u0131etilenden \u00fcretilen Silindirik Tekstil Ta\u015f\u0131ma arabalar\u0131 kullan\u0131\u015fl\u0131, hafif, esnek, ekonomik ve uzun \u00f6m\u00fcrl\u00fcd\u00fcr. Darbelere dayan\u0131kl\u0131d\u0131r ve kanserojen madde i\u00e7ermez. UV katk\u0131l\u0131d\u0131r. Kimyasallarla reaksiyona girmez. Yosun tutmaz, bakteri, mantar ve k\u00fcf olu\u015fmaz. Plastik g\u00f6vde monobloktur. Kaynak, per\u00e7in, punto, lehim [&hellip;]<\/p>\n","protected":false},"featured_media":2377,"comment_status":"open","ping_status":"closed","template":"","meta":[],"product_brand":[],"product_cat":[49,36],"product_tag":[],"class_list":{"0":"post-2056","1":"product","2":"type-product","3":"status-publish","4":"has-post-thumbnail","6":"product_cat-konik-silindirik-tekstil-arabalari","7":"product_cat-polietilen-urunler","9":"first","10":"instock","11":"shipping-taxable","12":"product-type-simple"},"_links":{"self":[{"href":"https:\/\/rotaplast.com\/en\/wp-json\/wp\/v2\/product\/2056","targetHints":{"allow":["GET"]}}],"collection":[{"href":"https:\/\/rotaplast.com\/en\/wp-json\/wp\/v2\/product"}],"about":[{"href":"https:\/\/rotaplast.com\/en\/wp-json\/wp\/v2\/types\/product"}],"replies":[{"embeddable":true,"href":"https:\/\/rotaplast.com\/en\/wp-json\/wp\/v2\/comments?post=2056"}],"wp:featuredmedia":[{"embeddable":true,"href":"https:\/\/rotaplast.com\/en\/wp-json\/wp\/v2\/media\/2377"}],"wp:attachment":[{"href":"https:\/\/rotaplast.com\/en\/wp-json\/wp\/v2\/media?parent=2056"}],"wp:term":[{"taxonomy":"product_brand","embeddable":true,"href":"https:\/\/rotaplast.com\/en\/wp-json\/wp\/v2\/product_brand?post=2056"},{"taxonomy":"product_cat","embeddable":true,"href":"https:\/\/rotaplast.com\/en\/wp-json\/wp\/v2\/product_cat?post=2056"},{"taxonomy":"product_tag","embeddable":true,"href":"https:\/\/rotaplast.com\/en\/wp-json\/wp\/v2\/product_tag?post=2056"}],"curies":[{"name":"wp","href":"https:\/\/api.w.org\/{rel}","templated":true}]}}