{"id":2066,"date":"2024-07-27T17:31:00","date_gmt":"2024-07-27T14:31:00","guid":{"rendered":"https:\/\/hotelspool.com\/?post_type=product&#038;p=2066"},"modified":"2024-09-11T00:11:19","modified_gmt":"2024-09-10T21:11:19","slug":"halat-boyama-kovasi-hb-3000","status":"publish","type":"product","link":"https:\/\/rotaplast.com\/en\/product\/halat-boyama-kovasi-hb-3000\/","title":{"rendered":"Rope painting bucket HB-3000"},"content":{"rendered":"<p><strong>Rope Painting Bucket\u00a0<\/strong><br \/>\nProduct Code: <span style=\"font-weight: 400;\">HB-3000<\/span><br \/>\nVolume: (L) 3000<br \/>\nDiameter (cm) 138<br \/>\nDeep (cm): 200<\/p>\n<p>&nbsp;<\/p>\n<p><span class=\"s1\">Rope painting buckets produced with Rotaplast experience are useful, light, flexible, economic and long -lasting.<br \/>\nIt is resistant to impacts and <\/span><span class=\"s1\">does not contain carcinogenic substances.<br \/>\n<\/span><span class=\"s1\">UV is added. <\/span><span class=\"s1\">It does not react <\/span>with chemicals.<br \/>\n<span class=\"s1\">It does not hold algae, bacteria, fungus and mold do not form.<\/span><\/p>\n<p><span class=\"s1\">Plastic body monoblock species. There is no combination and add -on such as welding, rivet, pinch, soldering.<span class=\"Apple-converted-space\">\u00a0 Owing to this feature<\/span> It does not damage sensitive products like fabric placed in it.<\/span><\/p>\n<p>If you want to order from our product\nthat produced in Rotaplast Expertise, call us\u00a0<strong>+90 262 751 42 08<\/strong>' during working hours.<\/p>","protected":false},"excerpt":{"rendered":"<p>Halat Boyama Kovas\u0131\u00a0 \u00dcr\u00fcn Kodu: HB-3000 Hacim (L): 3000 \u00c7ap (cm): 138 Derinlik(cm) : 200 &nbsp; Rotaplast tecr\u00fcbesi ile \u00fcretilen Halat Boyama Kovalar\u0131 kullan\u0131\u015fl\u0131, hafif, esnek, ekonomik ve uzun \u00f6m\u00fcrl\u00fcd\u00fcr. Darbelere dayan\u0131kl\u0131d\u0131r ve kanserojen madde i\u00e7ermez. UV katk\u0131l\u0131d\u0131r. Kimyasallarla reaksiyona girmez. Yosun tutmaz, bakteri, mantar ve k\u00fcf olu\u015fmaz. Plastik g\u00f6vde monobloktur. Kaynak, per\u00e7in, punto, lehim [&hellip;]<\/p>\n","protected":false},"featured_media":2067,"comment_status":"open","ping_status":"closed","template":"","meta":[],"product_brand":[],"product_cat":[51,36],"product_tag":[],"class_list":{"0":"post-2066","1":"product","2":"type-product","3":"status-publish","4":"has-post-thumbnail","6":"product_cat-halat-boyama-kovalari","7":"product_cat-polietilen-urunler","9":"first","10":"instock","11":"shipping-taxable","12":"product-type-simple"},"_links":{"self":[{"href":"https:\/\/rotaplast.com\/en\/wp-json\/wp\/v2\/product\/2066","targetHints":{"allow":["GET"]}}],"collection":[{"href":"https:\/\/rotaplast.com\/en\/wp-json\/wp\/v2\/product"}],"about":[{"href":"https:\/\/rotaplast.com\/en\/wp-json\/wp\/v2\/types\/product"}],"replies":[{"embeddable":true,"href":"https:\/\/rotaplast.com\/en\/wp-json\/wp\/v2\/comments?post=2066"}],"wp:featuredmedia":[{"embeddable":true,"href":"https:\/\/rotaplast.com\/en\/wp-json\/wp\/v2\/media\/2067"}],"wp:attachment":[{"href":"https:\/\/rotaplast.com\/en\/wp-json\/wp\/v2\/media?parent=2066"}],"wp:term":[{"taxonomy":"product_brand","embeddable":true,"href":"https:\/\/rotaplast.com\/en\/wp-json\/wp\/v2\/product_brand?post=2066"},{"taxonomy":"product_cat","embeddable":true,"href":"https:\/\/rotaplast.com\/en\/wp-json\/wp\/v2\/product_cat?post=2066"},{"taxonomy":"product_tag","embeddable":true,"href":"https:\/\/rotaplast.com\/en\/wp-json\/wp\/v2\/product_tag?post=2066"}],"curies":[{"name":"wp","href":"https:\/\/api.w.org\/{rel}","templated":true}]}}