{"id":2098,"date":"2024-07-31T14:43:15","date_gmt":"2024-07-31T11:43:15","guid":{"rendered":"https:\/\/hotelspool.com\/?post_type=product&#038;p=2098"},"modified":"2026-01-02T02:57:24","modified_gmt":"2026-01-01T23:57:24","slug":"konfeksiyon-parca-tasima-arabasi","status":"publish","type":"product","link":"https:\/\/rotaplast.com\/en\/product\/konfeksiyon-parca-tasima-arabasi\/","title":{"rendered":"Garment Trolley"},"content":{"rendered":"<p><strong>Garment Trolley\u00a0<\/strong><br \/>\nProduct Code: <span style=\"font-weight: 400;\">LD-01<\/span><br \/>\nVolume (L):<br \/>\nW (cm):<br \/>\nDepth:<\/p>\n<p>&nbsp;<\/p>\n<p><span class=\"s1\">The garment trolleys produced with Rotaplast experience are useful, light, flexible, economic and long life.<br \/>\nIt is resistant to impacts and <\/span><span class=\"s1\">does not contain carcinogenic substances.<br \/>\n<\/span><span class=\"s1\">UV is added. <\/span><span class=\"s1\">It does not react <\/span>with chemicals.<br \/>\n<span class=\"s1\">It does not hold algae, bacteria, fungus and mold do not form.<\/span><\/p>\n<p><span class=\"s1\">Plastic body monoblock species. There is no combination and add -on such as welding, rivet, pinch, soldering.<span class=\"Apple-converted-space\">\u00a0 Owing to this feature<\/span> It does not damage sensitive products like fabric placed in it.<\/span><\/p>","protected":false},"excerpt":{"rendered":"<p>Konfeksiyon Par\u00e7a Ta\u015f\u0131ma Arabas\u0131\u00a0 \u00dcr\u00fcn Kodu: LD-01 Hacim (L): en (cm): Derinlik: &nbsp; Rotaplast tecr\u00fcbesi ile \u00fcretilen Konfeksiyon Par\u00e7a Ta\u015f\u0131ma arabalar\u0131 kullan\u0131\u015fl\u0131, hafif, esnek, ekonomik ve uzun \u00f6m\u00fcrl\u00fcd\u00fcr. Darbelere dayan\u0131kl\u0131d\u0131r ve kanserojen madde i\u00e7ermez. UV katk\u0131l\u0131d\u0131r. Kimyasallarla reaksiyona girmez. Yosun tutmaz, bakteri, mantar ve k\u00fcf olu\u015fmaz. Plastik g\u00f6vde monobloktur. Kaynak, per\u00e7in, punto, lehim gibi birle\u015ftirme [&hellip;]<\/p>\n","protected":false},"featured_media":2099,"comment_status":"open","ping_status":"closed","template":"","meta":[],"product_brand":[],"product_cat":[83,36],"product_tag":[],"class_list":{"0":"post-2098","1":"product","2":"type-product","3":"status-publish","4":"has-post-thumbnail","6":"product_cat-konfeksiyon-parca-tasima-arabalari","7":"product_cat-polietilen-urunler","9":"first","10":"instock","11":"shipping-taxable","12":"product-type-simple"},"_links":{"self":[{"href":"https:\/\/rotaplast.com\/en\/wp-json\/wp\/v2\/product\/2098","targetHints":{"allow":["GET"]}}],"collection":[{"href":"https:\/\/rotaplast.com\/en\/wp-json\/wp\/v2\/product"}],"about":[{"href":"https:\/\/rotaplast.com\/en\/wp-json\/wp\/v2\/types\/product"}],"replies":[{"embeddable":true,"href":"https:\/\/rotaplast.com\/en\/wp-json\/wp\/v2\/comments?post=2098"}],"wp:featuredmedia":[{"embeddable":true,"href":"https:\/\/rotaplast.com\/en\/wp-json\/wp\/v2\/media\/2099"}],"wp:attachment":[{"href":"https:\/\/rotaplast.com\/en\/wp-json\/wp\/v2\/media?parent=2098"}],"wp:term":[{"taxonomy":"product_brand","embeddable":true,"href":"https:\/\/rotaplast.com\/en\/wp-json\/wp\/v2\/product_brand?post=2098"},{"taxonomy":"product_cat","embeddable":true,"href":"https:\/\/rotaplast.com\/en\/wp-json\/wp\/v2\/product_cat?post=2098"},{"taxonomy":"product_tag","embeddable":true,"href":"https:\/\/rotaplast.com\/en\/wp-json\/wp\/v2\/product_tag?post=2098"}],"curies":[{"name":"wp","href":"https:\/\/api.w.org\/{rel}","templated":true}]}}