{"id":2107,"date":"2024-07-31T15:03:20","date_gmt":"2024-07-31T12:03:20","guid":{"rendered":"https:\/\/hotelspool.com\/?post_type=product&#038;p=2107"},"modified":"2024-11-08T03:40:51","modified_gmt":"2024-11-08T00:40:51","slug":"benzin-istasyonu-sumplari","status":"publish","type":"product","link":"https:\/\/rotaplast.com\/en\/product\/benzin-istasyonu-sumplari\/","title":{"rendered":"Gas Station Sumps"},"content":{"rendered":"<p><strong>Gas Station Sumps<\/strong><br \/>\nProduct Code:<\/p>\n<p>&nbsp;<\/p>\n<p><span class=\"s1\">The gas station Sumps produced with Rotaplast experience are useful, light, flexible, economic and long -lasting.<br \/>\nIt is resistant to impacts.<\/span><span class=\"s1\"><br \/>\n<\/span><span class=\"s1\">UV is added. <\/span><span class=\"s1\">It does not react <\/span>with chemicals.<br \/>\n<span class=\"s1\">It does not hold algae, bacteria, fungus and mold do not form.<\/span><\/p>\n<p><span class=\"s1\">Plastic body monoblock species. There is no combination and add -on such as welding, rivet, pinch, soldering.<span class=\"Apple-converted-space\">\u00a0 Owing to this feature<\/span> it does not damage the chemical and sensitive products it contacts.<\/span><\/p>\n<p>If you want to order from our product\nthat produced in Rotaplast Expertise, call us\u00a0<strong>+90 262 751 42 08<\/strong>' during working hours.<\/p>","protected":false},"excerpt":{"rendered":"<p>Benzin \u0130stasyonu Sumplar\u0131 \u00dcr\u00fcn Kodu: &nbsp; Rotaplast tecr\u00fcbesi ile \u00fcretilen Benzin \u0130stasyon Sumplar\u0131 kullan\u0131\u015fl\u0131, hafif, esnek, ekonomik ve uzun \u00f6m\u00fcrl\u00fcd\u00fcr. Darbelere dayan\u0131kl\u0131d\u0131r. UV katk\u0131l\u0131d\u0131r. Kimyasallarla reaksiyona girmez. Yosun tutmaz, bakteri, mantar ve k\u00fcf olu\u015fmaz. Plastik g\u00f6vde monobloktur. Kaynak, per\u00e7in, punto, lehim gibi birle\u015ftirme ve eklenti bulunmaz.\u00a0 Bu \u00f6zelli\u011fi sayesinde temas etti\u011fi kimyasal ve hassas \u00fcr\u00fcnlere [&hellip;]<\/p>\n","protected":false},"featured_media":2108,"comment_status":"open","ping_status":"closed","template":"","meta":[],"product_brand":[],"product_cat":[84,36],"product_tag":[],"class_list":{"0":"post-2107","1":"product","2":"type-product","3":"status-publish","4":"has-post-thumbnail","6":"product_cat-benzin-istasyonu-sumplari","7":"product_cat-polietilen-urunler","9":"first","10":"instock","11":"shipping-taxable","12":"product-type-simple"},"_links":{"self":[{"href":"https:\/\/rotaplast.com\/en\/wp-json\/wp\/v2\/product\/2107","targetHints":{"allow":["GET"]}}],"collection":[{"href":"https:\/\/rotaplast.com\/en\/wp-json\/wp\/v2\/product"}],"about":[{"href":"https:\/\/rotaplast.com\/en\/wp-json\/wp\/v2\/types\/product"}],"replies":[{"embeddable":true,"href":"https:\/\/rotaplast.com\/en\/wp-json\/wp\/v2\/comments?post=2107"}],"wp:featuredmedia":[{"embeddable":true,"href":"https:\/\/rotaplast.com\/en\/wp-json\/wp\/v2\/media\/2108"}],"wp:attachment":[{"href":"https:\/\/rotaplast.com\/en\/wp-json\/wp\/v2\/media?parent=2107"}],"wp:term":[{"taxonomy":"product_brand","embeddable":true,"href":"https:\/\/rotaplast.com\/en\/wp-json\/wp\/v2\/product_brand?post=2107"},{"taxonomy":"product_cat","embeddable":true,"href":"https:\/\/rotaplast.com\/en\/wp-json\/wp\/v2\/product_cat?post=2107"},{"taxonomy":"product_tag","embeddable":true,"href":"https:\/\/rotaplast.com\/en\/wp-json\/wp\/v2\/product_tag?post=2107"}],"curies":[{"name":"wp","href":"https:\/\/api.w.org\/{rel}","templated":true}]}}