{"id":2124,"date":"2024-08-01T23:30:57","date_gmt":"2024-08-01T20:30:57","guid":{"rendered":"https:\/\/hotelspool.com\/?post_type=product&#038;p=2124"},"modified":"2024-11-06T12:22:17","modified_gmt":"2024-11-06T09:22:17","slug":"trafik-bariyerleri","status":"publish","type":"product","link":"https:\/\/rotaplast.com\/en\/product\/trafik-bariyerleri\/","title":{"rendered":"Traffic Barriers"},"content":{"rendered":"<p><strong>Traffic Barriers<\/strong><\/p>\n<p>Traffic barriers produced with Rotaplast experience are useful, flexible, economic and long -lasting.<br \/>\nIt is designed as resistant to impacts and impact absorbing.<br \/>\nIt does not hold algae, bacteria, fungus and mold do not form.<\/p>\n<p>If you want to order from our product, you can call on +90 262 751 42 08' within working hours\u2026<\/p>","protected":false},"excerpt":{"rendered":"<p>Trafik Bariyerleri Rotaplast tecr\u00fcbesi ile \u00fcretilen Trafik Bariyerleri, kullan\u0131\u015fl\u0131, esnek, ekonomik ve uzun \u00f6m\u00fcrl\u00fcd\u00fcr. Darbelere dayan\u0131kl\u0131 ve darbe emici olarak tasarlanm\u0131\u015ft\u0131r. Yosun tutmaz, bakteri, mantar ve k\u00fcf olu\u015fmaz. ROTAPLAST uzmanl\u0131\u011f\u0131nda, \u00fcretilen \u00fcr\u00fcn\u00fcm\u00fczden sipari\u015f vermek isterseniz bizi hemen +90 262 751 42 08\u2032den mesai saatleri i\u00e7inde arayabilirsiniz\u2026<\/p>","protected":false},"featured_media":2125,"comment_status":"open","ping_status":"closed","template":"","meta":[],"product_brand":[],"product_cat":[36,55],"product_tag":[],"class_list":{"0":"post-2124","1":"product","2":"type-product","3":"status-publish","4":"has-post-thumbnail","6":"product_cat-polietilen-urunler","7":"product_cat-trafik-bariyerleri","9":"first","10":"instock","11":"shipping-taxable","12":"product-type-simple"},"_links":{"self":[{"href":"https:\/\/rotaplast.com\/en\/wp-json\/wp\/v2\/product\/2124","targetHints":{"allow":["GET"]}}],"collection":[{"href":"https:\/\/rotaplast.com\/en\/wp-json\/wp\/v2\/product"}],"about":[{"href":"https:\/\/rotaplast.com\/en\/wp-json\/wp\/v2\/types\/product"}],"replies":[{"embeddable":true,"href":"https:\/\/rotaplast.com\/en\/wp-json\/wp\/v2\/comments?post=2124"}],"wp:featuredmedia":[{"embeddable":true,"href":"https:\/\/rotaplast.com\/en\/wp-json\/wp\/v2\/media\/2125"}],"wp:attachment":[{"href":"https:\/\/rotaplast.com\/en\/wp-json\/wp\/v2\/media?parent=2124"}],"wp:term":[{"taxonomy":"product_brand","embeddable":true,"href":"https:\/\/rotaplast.com\/en\/wp-json\/wp\/v2\/product_brand?post=2124"},{"taxonomy":"product_cat","embeddable":true,"href":"https:\/\/rotaplast.com\/en\/wp-json\/wp\/v2\/product_cat?post=2124"},{"taxonomy":"product_tag","embeddable":true,"href":"https:\/\/rotaplast.com\/en\/wp-json\/wp\/v2\/product_tag?post=2124"}],"curies":[{"name":"wp","href":"https:\/\/api.w.org\/{rel}","templated":true}]}}