{"id":2129,"date":"2024-04-27T03:11:11","date_gmt":"2024-04-27T00:11:11","guid":{"rendered":"https:\/\/hotelspool.com\/?post_type=product&#038;p=2129"},"modified":"2024-09-10T11:05:15","modified_gmt":"2024-09-10T08:05:15","slug":"polietilen-acik-agizli-silo-urun-tablosu","status":"publish","type":"product","link":"https:\/\/rotaplast.com\/en\/product\/polietilen-acik-agizli-silo-urun-tablosu\/","title":{"rendered":"Polyethylen Open Top Silos Product Table and Photos"},"content":{"rendered":"<p>&nbsp;<\/p>\n<p><span style=\"font-weight: 400;\">\u00a0<\/span><\/p>\n<p>Polietilen A\u00e7\u0131k\u00a0 A\u011f\u0131zl\u0131 Silolar, yandaki tabloda g\u00f6sterilen boyutlarda \u00fcretilmektedir.<br \/>\n\u00d6rnek \u00fcr\u00fcnlerin foto\u011fraflar\u0131n\u0131, \u00fczerlerine t\u0131klayarak daha b\u00fcy\u00fck boyutlu olarak g\u00f6rebilirsiniz<\/p>\n<p>ROTAPLAST uzmanl\u0131\u011f\u0131nda, \u00fcretilen \u00fcr\u00fcnlerimizle ilgili daha detayl\u0131 bilgi almak ve sipari\u015f vermek isterseniz m\u00fc\u015fteri temsilcimizi,\u00a0 <strong>0 262 751 42 08<\/strong> or <strong><b>0 535 010 09 55&#8242; <\/b><\/strong>' during working hours.<\/p>","protected":false},"excerpt":{"rendered":"<p>&nbsp; \u00a0 Polietilen A\u00e7\u0131k\u00a0 A\u011f\u0131zl\u0131 Silolar, yandaki tabloda g\u00f6sterilen boyutlarda \u00fcretilmektedir. \u00d6rnek \u00fcr\u00fcnlerin foto\u011fraflar\u0131n\u0131, \u00fczerlerine t\u0131klayarak daha b\u00fcy\u00fck boyutlu olarak g\u00f6rebilirsiniz ROTAPLAST uzmanl\u0131\u011f\u0131nda, \u00fcretilen \u00fcr\u00fcnlerimizle ilgili daha detayl\u0131 bilgi almak ve sipari\u015f vermek isterseniz m\u00fc\u015fteri temsilcimizi,\u00a0 0 262 751 42 08 ve 0 535 010 09 55&#8242; den mesai saatleri\u00a0 i\u00e7inde arayabilirsiniz\u2026<\/p>","protected":false},"featured_media":2365,"comment_status":"open","ping_status":"closed","template":"","meta":[],"product_brand":[],"product_cat":[58,93],"product_tag":[],"class_list":{"0":"post-2129","1":"product","2":"type-product","3":"status-publish","4":"has-post-thumbnail","6":"product_cat-polietilen-acik-agizli-silolar","7":"product_cat-silolar","9":"first","10":"instock","11":"shipping-taxable","12":"product-type-simple"},"_links":{"self":[{"href":"https:\/\/rotaplast.com\/en\/wp-json\/wp\/v2\/product\/2129","targetHints":{"allow":["GET"]}}],"collection":[{"href":"https:\/\/rotaplast.com\/en\/wp-json\/wp\/v2\/product"}],"about":[{"href":"https:\/\/rotaplast.com\/en\/wp-json\/wp\/v2\/types\/product"}],"replies":[{"embeddable":true,"href":"https:\/\/rotaplast.com\/en\/wp-json\/wp\/v2\/comments?post=2129"}],"wp:featuredmedia":[{"embeddable":true,"href":"https:\/\/rotaplast.com\/en\/wp-json\/wp\/v2\/media\/2365"}],"wp:attachment":[{"href":"https:\/\/rotaplast.com\/en\/wp-json\/wp\/v2\/media?parent=2129"}],"wp:term":[{"taxonomy":"product_brand","embeddable":true,"href":"https:\/\/rotaplast.com\/en\/wp-json\/wp\/v2\/product_brand?post=2129"},{"taxonomy":"product_cat","embeddable":true,"href":"https:\/\/rotaplast.com\/en\/wp-json\/wp\/v2\/product_cat?post=2129"},{"taxonomy":"product_tag","embeddable":true,"href":"https:\/\/rotaplast.com\/en\/wp-json\/wp\/v2\/product_tag?post=2129"}],"curies":[{"name":"wp","href":"https:\/\/api.w.org\/{rel}","templated":true}]}}