{"id":2137,"date":"2024-08-04T12:49:54","date_gmt":"2024-08-04T09:49:54","guid":{"rendered":"https:\/\/hotelspool.com\/?post_type=product&#038;p=2137"},"modified":"2024-08-30T00:22:44","modified_gmt":"2024-08-29T21:22:44","slug":"polietilen-kapali-agizli-silo-urun-tablosu-ve-urunler","status":"publish","type":"product","link":"https:\/\/rotaplast.com\/en\/product\/polietilen-kapali-agizli-silo-urun-tablosu-ve-urunler\/","title":{"rendered":"POLYETHYLENE Closed Top Silos Product Table and Other Product."},"content":{"rendered":"<p><strong>POLYETHYLENE Closed Top Silos Product Table<\/strong><br \/>\nPolietilen Kapal\u0131 A\u011f\u0131zl\u0131 Silolar Tabloda g\u00f6sterilen boyutlarda \u00fcretilmektedir.<br \/>\nYou can see the product photos as larger by clicking on the photos<\/p>\n<p>If you want to order from our product\nthat produced in Rotaplast Expertise, call us\u00a0<strong>+90 262 751 42 08<\/strong>' during working hours.<\/p>","protected":false},"excerpt":{"rendered":"<p>Polietilen Kapal\u0131 A\u011f\u0131zl\u0131 Silo \u00dcr\u00fcn Tablosu Polietilen Kapal\u0131 A\u011f\u0131zl\u0131 Silolar Tabloda g\u00f6sterilen boyutlarda \u00fcretilmektedir. \u00dcr\u00fcn foto\u011fraflar\u0131n\u0131 \u00fczerlerine t\u0131klayarak daha b\u00fcy\u00fck boyutlu olarak g\u00f6rebilirsiniz. ROTAPLAST uzmanl\u0131\u011f\u0131nda, \u00fcretilen \u00fcr\u00fcn\u00fcm\u00fczden sipari\u015f vermek isterseniz bizi hemen\u00a0+90 262 751 42 08\u2032den mesai saatleri\u00a0 i\u00e7inde arayabilirsiniz\u2026<\/p>","protected":false},"featured_media":2355,"comment_status":"open","ping_status":"closed","template":"","meta":[],"product_brand":[],"product_cat":[61,93],"product_tag":[],"class_list":{"0":"post-2137","1":"product","2":"type-product","3":"status-publish","4":"has-post-thumbnail","6":"product_cat-polietilen-kapali-agizli-silolar","7":"product_cat-silolar","9":"first","10":"instock","11":"shipping-taxable","12":"product-type-simple"},"_links":{"self":[{"href":"https:\/\/rotaplast.com\/en\/wp-json\/wp\/v2\/product\/2137","targetHints":{"allow":["GET"]}}],"collection":[{"href":"https:\/\/rotaplast.com\/en\/wp-json\/wp\/v2\/product"}],"about":[{"href":"https:\/\/rotaplast.com\/en\/wp-json\/wp\/v2\/types\/product"}],"replies":[{"embeddable":true,"href":"https:\/\/rotaplast.com\/en\/wp-json\/wp\/v2\/comments?post=2137"}],"wp:featuredmedia":[{"embeddable":true,"href":"https:\/\/rotaplast.com\/en\/wp-json\/wp\/v2\/media\/2355"}],"wp:attachment":[{"href":"https:\/\/rotaplast.com\/en\/wp-json\/wp\/v2\/media?parent=2137"}],"wp:term":[{"taxonomy":"product_brand","embeddable":true,"href":"https:\/\/rotaplast.com\/en\/wp-json\/wp\/v2\/product_brand?post=2137"},{"taxonomy":"product_cat","embeddable":true,"href":"https:\/\/rotaplast.com\/en\/wp-json\/wp\/v2\/product_cat?post=2137"},{"taxonomy":"product_tag","embeddable":true,"href":"https:\/\/rotaplast.com\/en\/wp-json\/wp\/v2\/product_tag?post=2137"}],"curies":[{"name":"wp","href":"https:\/\/api.w.org\/{rel}","templated":true}]}}