{"id":2165,"date":"2024-08-03T01:00:07","date_gmt":"2024-08-02T22:00:07","guid":{"rendered":"https:\/\/hotelspool.com\/?post_type=product&#038;p=2165"},"modified":"2024-09-10T11:08:33","modified_gmt":"2024-09-10T08:08:33","slug":"konik-koseli-tekstil-tasima-arabalari-urun-tablosu-ve-urun-resimleri","status":"publish","type":"product","link":"https:\/\/rotaplast.com\/en\/product\/konik-koseli-tekstil-tasima-arabalari-urun-tablosu-ve-urun-resimleri\/","title":{"rendered":"Conical Cornered Textile Trolleys Products Table and Product Pictures"},"content":{"rendered":"<p><span class=\"s1\">Conical Cornered Textile Trolleys are produced in various sizes.<br \/>\nYou can see these product sizes from the table on the side. You can see the product images in more detail by clicking on the pictures.<\/span><\/p>\n<p><span class=\"s1\">Conical cornered textile trolleys produced with Rotaplast experience are useful, light, flexible, economic and long -lasting.<br \/>\nIt is resistant to impacts and <\/span><span class=\"s1\">does not contain carcinogenic substances.<br \/>\n<\/span><span class=\"s1\">UV is added. <\/span><span class=\"s1\">It does not react <\/span>with chemicals.<br \/>\n<span class=\"s1\">It does not hold algae, bacteria, fungus and mold do not form.<\/span><\/p>\n<p><span class=\"s1\">Plastic body monoblock species. There is no combination and add -on such as welding, rivet, pinch, soldering.<span class=\"Apple-converted-space\">\u00a0 Owing to this feature<\/span> It does not damage sensitive products like fabric placed in it.<\/span><\/p>\n<p>If you want to order from our product\nthat produced in Rotaplast Expertise, call us\u00a0<strong>+90 262 751 42 08<\/strong>' during working hours.<\/p>","protected":false},"excerpt":{"rendered":"<p>K\u00f6\u015feli Tekstil Ta\u015f\u0131ma arabalar\u0131 \u00e7e\u015fitli boyutlarda \u00fcretilmektedir. Bu \u00fcr\u00fcn boyutlar\u0131n\u0131 yandaki tablodan izleyebilirsiniz. \u00dcr\u00fcn g\u00f6rsellerini resimlerin \u00fczerine t\u0131klayarak daha detayl\u0131 g\u00f6rebilirsiniz. Rotaplast tecr\u00fcbesi ile \u00fcretilen Konik K\u00f6\u015feli Tekstil Ta\u015f\u0131ma arabalar\u0131 kullan\u0131\u015fl\u0131, hafif, esnek, ekonomik ve uzun \u00f6m\u00fcrl\u00fcd\u00fcr. Darbelere dayan\u0131kl\u0131d\u0131r ve kanserojen madde i\u00e7ermez. UV katk\u0131l\u0131d\u0131r. Kimyasallarla reaksiyona girmez. Yosun tutmaz, bakteri, mantar ve k\u00fcf olu\u015fmaz. [&hellip;]<\/p>\n","protected":false},"featured_media":2376,"comment_status":"open","ping_status":"closed","template":"","meta":[],"product_brand":[],"product_cat":[53,36],"product_tag":[],"class_list":{"0":"post-2165","1":"product","2":"type-product","3":"status-publish","4":"has-post-thumbnail","6":"product_cat-konik-koseli-tekstil-arabalari","7":"product_cat-polietilen-urunler","9":"first","10":"instock","11":"shipping-taxable","12":"product-type-simple"},"_links":{"self":[{"href":"https:\/\/rotaplast.com\/en\/wp-json\/wp\/v2\/product\/2165","targetHints":{"allow":["GET"]}}],"collection":[{"href":"https:\/\/rotaplast.com\/en\/wp-json\/wp\/v2\/product"}],"about":[{"href":"https:\/\/rotaplast.com\/en\/wp-json\/wp\/v2\/types\/product"}],"replies":[{"embeddable":true,"href":"https:\/\/rotaplast.com\/en\/wp-json\/wp\/v2\/comments?post=2165"}],"wp:featuredmedia":[{"embeddable":true,"href":"https:\/\/rotaplast.com\/en\/wp-json\/wp\/v2\/media\/2376"}],"wp:attachment":[{"href":"https:\/\/rotaplast.com\/en\/wp-json\/wp\/v2\/media?parent=2165"}],"wp:term":[{"taxonomy":"product_brand","embeddable":true,"href":"https:\/\/rotaplast.com\/en\/wp-json\/wp\/v2\/product_brand?post=2165"},{"taxonomy":"product_cat","embeddable":true,"href":"https:\/\/rotaplast.com\/en\/wp-json\/wp\/v2\/product_cat?post=2165"},{"taxonomy":"product_tag","embeddable":true,"href":"https:\/\/rotaplast.com\/en\/wp-json\/wp\/v2\/product_tag?post=2165"}],"curies":[{"name":"wp","href":"https:\/\/api.w.org\/{rel}","templated":true}]}}