{"id":2188,"date":"2024-08-05T14:45:09","date_gmt":"2024-08-05T11:45:09","guid":{"rendered":"https:\/\/hotelspool.com\/?post_type=product&#038;p=2188"},"modified":"2024-08-05T14:53:38","modified_gmt":"2024-08-05T11:53:38","slug":"buzagi-kulubesi","status":"publish","type":"product","link":"https:\/\/rotaplast.com\/en\/product\/buzagi-kulubesi\/","title":{"rendered":"Calf Hutch"},"content":{"rendered":"<p><strong>Calf Hutch<\/strong><br \/>\nProduct Code:<\/p>\n<p>&nbsp;<\/p>\n<p>Calf hutches produced with Rotaplast experience are convenient, flexible, economic and long -lasting.<br \/>\nIt is designed as resistant to impacts and impact absorbing.<br \/>\nIt does not hold algae, does not form bacteria, fungi and mold and is easily cleaned.<\/p>\n<p>If you want to get more detail or order from ROTAPLAST products, you can call us on +90 262 751 42 08<\/p>","protected":false},"excerpt":{"rendered":"<p>Buza\u011f\u0131 Kul\u00fcbesi \u00dcr\u00fcn Kodu: &nbsp; Rotaplast tecr\u00fcbesi ile \u00fcretilen buza\u011f\u0131 kul\u00fcbeleri, kullan\u0131\u015fl\u0131, esnek, ekonomik ve uzun \u00f6m\u00fcrl\u00fcd\u00fcr. Darbelere dayan\u0131kl\u0131 ve darbe emici olarak tasarlanm\u0131\u015ft\u0131r. Yosun tutmaz, bakteri, mantar ve k\u00fcf olu\u015fturmaz ve kolay temizlenir. ROTAPLAST uzmanl\u0131\u011f\u0131nda, \u00fcretilen \u00fcr\u00fcn hakk\u0131nda daha detayl\u0131 bilgi almak ve \u00fcr\u00fcn\u00fcm\u00fczden sipari\u015f vermek isterseniz bizi hemen +90 262 751 42 08\u2032den [&hellip;]<\/p>\n","protected":false},"featured_media":2189,"comment_status":"open","ping_status":"closed","template":"","meta":[],"product_brand":[],"product_cat":[89,36],"product_tag":[],"class_list":{"0":"post-2188","1":"product","2":"type-product","3":"status-publish","4":"has-post-thumbnail","6":"product_cat-buzagi-kulubesi","7":"product_cat-polietilen-urunler","9":"first","10":"instock","11":"shipping-taxable","12":"product-type-simple"},"_links":{"self":[{"href":"https:\/\/rotaplast.com\/en\/wp-json\/wp\/v2\/product\/2188","targetHints":{"allow":["GET"]}}],"collection":[{"href":"https:\/\/rotaplast.com\/en\/wp-json\/wp\/v2\/product"}],"about":[{"href":"https:\/\/rotaplast.com\/en\/wp-json\/wp\/v2\/types\/product"}],"replies":[{"embeddable":true,"href":"https:\/\/rotaplast.com\/en\/wp-json\/wp\/v2\/comments?post=2188"}],"wp:featuredmedia":[{"embeddable":true,"href":"https:\/\/rotaplast.com\/en\/wp-json\/wp\/v2\/media\/2189"}],"wp:attachment":[{"href":"https:\/\/rotaplast.com\/en\/wp-json\/wp\/v2\/media?parent=2188"}],"wp:term":[{"taxonomy":"product_brand","embeddable":true,"href":"https:\/\/rotaplast.com\/en\/wp-json\/wp\/v2\/product_brand?post=2188"},{"taxonomy":"product_cat","embeddable":true,"href":"https:\/\/rotaplast.com\/en\/wp-json\/wp\/v2\/product_cat?post=2188"},{"taxonomy":"product_tag","embeddable":true,"href":"https:\/\/rotaplast.com\/en\/wp-json\/wp\/v2\/product_tag?post=2188"}],"curies":[{"name":"wp","href":"https:\/\/api.w.org\/{rel}","templated":true}]}}