{"id":2194,"date":"2024-08-05T18:12:57","date_gmt":"2024-08-05T15:12:57","guid":{"rendered":"https:\/\/hotelspool.com\/?post_type=product&#038;p=2194"},"modified":"2024-08-05T20:20:19","modified_gmt":"2024-08-05T17:20:19","slug":"mobil-tuvalet","status":"publish","type":"product","link":"https:\/\/rotaplast.com\/en\/product\/mobil-tuvalet\/","title":{"rendered":"Mobile Toilet"},"content":{"rendered":"<p><strong>Mobile Toilet<\/strong><br \/>\nProduct Code:<\/p>\n<p>Polietilen seyyar tuvalet; \u015fenlik, festival, konser gibi a\u00e7\u0131k hava organizasyonlar\u0131 ba\u015fta olmak \u00fczere bir\u00e7ok alanda kullan\u0131lan bir ekonomik ve h\u0131zl\u0131 \u00e7\u00f6z\u00fcm arac\u0131.<br \/>\nROTAPLAST tecr\u00fcbesi ile \u00fcretilen mobil tuvalet, UV katk\u0131l\u0131 polietilen yap\u0131s\u0131yla hem g\u00fc\u00e7l\u00fc, dayan\u0131kl\u0131, k\u00fcflenme ve mikrobik kontaminasyona y\u00fcksek diren\u00e7li bir malzeme; hem de kolay ta\u015f\u0131nabilir, pratik bir \u00e7\u00f6z\u00fcm olarak hizmetinize sunuluyor.<\/p>\n<p>For more information, call<strong> +90 262. 751 42 08<\/strong> or contact the sales representative on the phone no: <strong>0535 010 09 55<\/strong> . <strong>.<\/strong> .<\/p>","protected":false},"excerpt":{"rendered":"<p>Mobil Tuvalet \u00dcr\u00fcn Kodu: Polietilen seyyar tuvalet; \u015fenlik, festival, konser gibi a\u00e7\u0131k hava organizasyonlar\u0131 ba\u015fta olmak \u00fczere bir\u00e7ok alanda kullan\u0131lan bir ekonomik ve h\u0131zl\u0131 \u00e7\u00f6z\u00fcm arac\u0131. ROTAPLAST tecr\u00fcbesi ile \u00fcretilen mobil tuvalet, UV katk\u0131l\u0131 polietilen yap\u0131s\u0131yla hem g\u00fc\u00e7l\u00fc, dayan\u0131kl\u0131, k\u00fcflenme ve mikrobik kontaminasyona y\u00fcksek diren\u00e7li bir malzeme; hem de kolay ta\u015f\u0131nabilir, pratik bir \u00e7\u00f6z\u00fcm olarak [&hellip;]<\/p>\n","protected":false},"featured_media":2195,"comment_status":"open","ping_status":"closed","template":"","meta":[],"product_brand":[],"product_cat":[90,36],"product_tag":[],"class_list":{"0":"post-2194","1":"product","2":"type-product","3":"status-publish","4":"has-post-thumbnail","6":"product_cat-mobil-tuvalet","7":"product_cat-polietilen-urunler","9":"first","10":"instock","11":"shipping-taxable","12":"product-type-simple"},"_links":{"self":[{"href":"https:\/\/rotaplast.com\/en\/wp-json\/wp\/v2\/product\/2194","targetHints":{"allow":["GET"]}}],"collection":[{"href":"https:\/\/rotaplast.com\/en\/wp-json\/wp\/v2\/product"}],"about":[{"href":"https:\/\/rotaplast.com\/en\/wp-json\/wp\/v2\/types\/product"}],"replies":[{"embeddable":true,"href":"https:\/\/rotaplast.com\/en\/wp-json\/wp\/v2\/comments?post=2194"}],"wp:featuredmedia":[{"embeddable":true,"href":"https:\/\/rotaplast.com\/en\/wp-json\/wp\/v2\/media\/2195"}],"wp:attachment":[{"href":"https:\/\/rotaplast.com\/en\/wp-json\/wp\/v2\/media?parent=2194"}],"wp:term":[{"taxonomy":"product_brand","embeddable":true,"href":"https:\/\/rotaplast.com\/en\/wp-json\/wp\/v2\/product_brand?post=2194"},{"taxonomy":"product_cat","embeddable":true,"href":"https:\/\/rotaplast.com\/en\/wp-json\/wp\/v2\/product_cat?post=2194"},{"taxonomy":"product_tag","embeddable":true,"href":"https:\/\/rotaplast.com\/en\/wp-json\/wp\/v2\/product_tag?post=2194"}],"curies":[{"name":"wp","href":"https:\/\/api.w.org\/{rel}","templated":true}]}}