{"id":2199,"date":"2024-08-05T19:15:07","date_gmt":"2024-08-05T16:15:07","guid":{"rendered":"https:\/\/hotelspool.com\/?post_type=product&#038;p=2199"},"modified":"2024-08-05T20:16:26","modified_gmt":"2024-08-05T17:16:26","slug":"mobil-tuvalet-kopya","status":"publish","type":"product","link":"https:\/\/rotaplast.com\/en\/product\/mobil-tuvalet-kopya\/","title":{"rendered":"Marina and Ponton Fragly Puff"},"content":{"rendered":"<p><strong>Polyethylene marina and ponton floating pontoon<\/strong><br \/>\nProduct Code:<\/p>\n<p>Marina pontoons and floats, moorings and similar marking and safety products used in maritime sector are produced in Rotaplast production facilities with the combination of experience and technology and presented to the use of mariners to the use of mariners to the use of mariners as highest level products of its class.<br \/>\nThe scaffolding elements produced in Rotaplast facilities facilitate your project with various conference and application options, keeping your project costs low.<br \/>\nIt is easy to assemble and disassembled ..<br \/>\nAdditional can be made or moved to another place if requested.<\/p>\n<p>For more information, call<strong> +90 262. 751 42 08<\/strong> or contact the sales representative on the phone no: <strong>0535 010 09 55<\/strong> .<\/p>","protected":false},"excerpt":{"rendered":"<p>Polietilen Marina ve Ponton Y\u00fczd\u00fcr\u00fcc\u00fc Duba \u00dcr\u00fcn Kodu: Rotaplast tesislerinde \u00fcretilen Marina ponton ve y\u00fczd\u00fcr\u00fcc\u00fc dubalar\u0131, \u015famand\u0131ra ve denizcilik alan\u0131nda benzeri i\u015faretleme ve g\u00fcvenlik \u00fcr\u00fcnleri, tecr\u00fcbe ve teknolojinin birle\u015fimi ile s\u0131n\u0131f\u0131n\u0131n en \u00fcst d\u00fczeyinde \u00fcr\u00fcnler olarak denizcilerin kullan\u0131m\u0131na sunulmaktad\u0131r. Rotaplast tesislerinde \u00fcretilen iskele elemanlar\u0131 \u00e7e\u015fitli kon\ufb01g\u00fcrasyon ve uygulama se\u00e7enekleri ile projenizi kolayla\u015ft\u0131r\u0131r, proje maliyetlerinizi d\u00fc\u015f\u00fck [&hellip;]<\/p>\n","protected":false},"featured_media":2200,"comment_status":"open","ping_status":"closed","template":"","meta":[],"product_brand":[],"product_cat":[63,36],"product_tag":[],"class_list":{"0":"post-2199","1":"product","2":"type-product","3":"status-publish","4":"has-post-thumbnail","6":"product_cat-deniz-urunleri","7":"product_cat-polietilen-urunler","9":"first","10":"instock","11":"shipping-taxable","12":"product-type-simple"},"_links":{"self":[{"href":"https:\/\/rotaplast.com\/en\/wp-json\/wp\/v2\/product\/2199","targetHints":{"allow":["GET"]}}],"collection":[{"href":"https:\/\/rotaplast.com\/en\/wp-json\/wp\/v2\/product"}],"about":[{"href":"https:\/\/rotaplast.com\/en\/wp-json\/wp\/v2\/types\/product"}],"replies":[{"embeddable":true,"href":"https:\/\/rotaplast.com\/en\/wp-json\/wp\/v2\/comments?post=2199"}],"wp:featuredmedia":[{"embeddable":true,"href":"https:\/\/rotaplast.com\/en\/wp-json\/wp\/v2\/media\/2200"}],"wp:attachment":[{"href":"https:\/\/rotaplast.com\/en\/wp-json\/wp\/v2\/media?parent=2199"}],"wp:term":[{"taxonomy":"product_brand","embeddable":true,"href":"https:\/\/rotaplast.com\/en\/wp-json\/wp\/v2\/product_brand?post=2199"},{"taxonomy":"product_cat","embeddable":true,"href":"https:\/\/rotaplast.com\/en\/wp-json\/wp\/v2\/product_cat?post=2199"},{"taxonomy":"product_tag","embeddable":true,"href":"https:\/\/rotaplast.com\/en\/wp-json\/wp\/v2\/product_tag?post=2199"}],"curies":[{"name":"wp","href":"https:\/\/api.w.org\/{rel}","templated":true}]}}