{"id":2358,"date":"2024-08-30T00:59:48","date_gmt":"2024-08-29T21:59:48","guid":{"rendered":"https:\/\/rotaplast.com\/?post_type=product&#038;p=2358"},"modified":"2024-11-15T02:18:59","modified_gmt":"2024-11-14T23:18:59","slug":"polietilen-kapakli-dikey-depolar-urun-tablosu","status":"publish","type":"product","link":"https:\/\/rotaplast.com\/en\/product\/polietilen-kapakli-dikey-depolar-urun-tablosu\/","title":{"rendered":"POL\u0130ET\u0130LEN Kapakl\u0131 Dikey Depolar \u00dcr\u00fcn Tablosu"},"content":{"rendered":"<p><strong>Polietilen Kapakl\u0131 Dikey Depolar \u00dcr\u00fcn Tablosu<br \/>\n<\/strong>Polietilen Kapakl\u0131 Dikey Depolar \u00e7e\u015fitli hacim ve boyutlarda \u00fcretilmektedir. Boyut bilgilerini yandaki tablodan izleyebilirsiniz. \u00dcr\u00fcnler hakk\u0131nda daha fazla detaya, bu sayfada listelenen g\u00f6rsellere t\u0131klayarak ula\u015fabilirsiniz.<br \/>\n<strong>are produced<\/strong>\u00a0uzmanl\u0131\u011f\u0131nda, \u00fcretilen\u00a0<b>Dikey Depolar\u00a0<\/b>\u00a0kategorisindeki \u00fcr\u00fcnlerle ilgili bilgi ve sipari\u015f talepleriniz i\u00e7in bizi\u00a0<strong>+90 262 751 42 08\u00a0 ve <b>+90 535 010 09 55 <\/b><\/strong>&#8216;den mesai saatleri\u00a0 i\u00e7inde arayabilirsiniz\u2026.<\/p>","protected":false},"excerpt":{"rendered":"<p>Polietilen Kapakl\u0131 Dikey Depolar \u00dcr\u00fcn Tablosu Polietilen Kapakl\u0131 Dikey Depolar \u00e7e\u015fitli hacim ve boyutlarda \u00fcretilmektedir. Boyut bilgilerini yandaki tablodan izleyebilirsiniz. \u00dcr\u00fcnler hakk\u0131nda daha fazla detaya, bu sayfada listelenen g\u00f6rsellere t\u0131klayarak ula\u015fabilirsiniz. ROTAPLAST\u00a0uzmanl\u0131\u011f\u0131nda, \u00fcretilen\u00a0Dikey Depolar\u00a0\u00a0kategorisindeki \u00fcr\u00fcnlerle ilgili bilgi ve sipari\u015f talepleriniz i\u00e7in bizi\u00a0+90 262 751 42 08\u00a0 ve +90 535 010 09 55 &#8216;den mesai saatleri\u00a0 [&hellip;]<\/p>\n","protected":false},"featured_media":2357,"comment_status":"open","ping_status":"closed","template":"","meta":[],"product_brand":[],"product_cat":[60],"product_tag":[105,106,98,94,97,104,96,107],"class_list":{"0":"post-2358","1":"product","2":"type-product","3":"status-publish","4":"has-post-thumbnail","6":"product_cat-polietilen-dikey-depolar","7":"product_tag-dikey-depo","8":"product_tag-dikey-su-deposu","9":"product_tag-plastik-depo","10":"product_tag-plastik-su-deposu","11":"product_tag-polietilen-depo","12":"product_tag-polietilen-dikey-depo","13":"product_tag-su-deposu","14":"product_tag-su-deposu-fiyatlari","16":"first","17":"instock","18":"shipping-taxable","19":"product-type-simple"},"_links":{"self":[{"href":"https:\/\/rotaplast.com\/en\/wp-json\/wp\/v2\/product\/2358","targetHints":{"allow":["GET"]}}],"collection":[{"href":"https:\/\/rotaplast.com\/en\/wp-json\/wp\/v2\/product"}],"about":[{"href":"https:\/\/rotaplast.com\/en\/wp-json\/wp\/v2\/types\/product"}],"replies":[{"embeddable":true,"href":"https:\/\/rotaplast.com\/en\/wp-json\/wp\/v2\/comments?post=2358"}],"wp:featuredmedia":[{"embeddable":true,"href":"https:\/\/rotaplast.com\/en\/wp-json\/wp\/v2\/media\/2357"}],"wp:attachment":[{"href":"https:\/\/rotaplast.com\/en\/wp-json\/wp\/v2\/media?parent=2358"}],"wp:term":[{"taxonomy":"product_brand","embeddable":true,"href":"https:\/\/rotaplast.com\/en\/wp-json\/wp\/v2\/product_brand?post=2358"},{"taxonomy":"product_cat","embeddable":true,"href":"https:\/\/rotaplast.com\/en\/wp-json\/wp\/v2\/product_cat?post=2358"},{"taxonomy":"product_tag","embeddable":true,"href":"https:\/\/rotaplast.com\/en\/wp-json\/wp\/v2\/product_tag?post=2358"}],"curies":[{"name":"wp","href":"https:\/\/api.w.org\/{rel}","templated":true}]}}