{"id":262,"date":"2024-05-15T20:39:16","date_gmt":"2024-05-15T17:39:16","guid":{"rendered":"http:\/\/wp\/enfold-shop\/product\/blue-blouse\/"},"modified":"2026-01-02T07:06:48","modified_gmt":"2026-01-02T04:06:48","slug":"t-50-ds-polietilen-dikey-depo","status":"publish","type":"product","link":"https:\/\/rotaplast.com\/en\/product\/t-50-ds-polietilen-dikey-depo\/","title":{"rendered":"POLLYETHYLENE Vertical Container T-50 DS"},"content":{"rendered":"<p><strong>Polyethylene 50 Liter Container<br \/>\n<\/strong>Product Code: T-50 DS<br \/>\nVolume: 50 L<br \/>\nDiameter: 38<br \/>\nHeight: 48<br \/>\nCover Diameter: 10 cm<\/p>\n<p>The primary component of Polyethylene, an organic hydrocarbon, is Ethylene. (C2H4)<br \/>\nPolyethylene has a very strong impact resistance as a physical property.<br \/>\nSince it has high chemical stability, it can be used safely in the storage of water and similar products.<\/p>","protected":false},"excerpt":{"rendered":"<p>Polietilen 50 Litre Depo \u00dcr\u00fcn Kodu: T-50 DS Hacim: 50 L \u00c7ap: 38 Y\u00fck: 48 Kapak \u00c7ap\u0131: 10 cm Organik bir hidrokarbon olan Polietilenin birincil bile\u015feni Etilendir. (C2H4) Polietilen bir fiziksel \u00f6zellik olarak \u00e7ok g\u00fc\u00e7l\u00fc bir darbe dayan\u0131kl\u0131l\u0131\u011f\u0131na sahiptir. Kimyasal kararl\u0131l\u0131\u011f\u0131 y\u00fcksek oldu\u011fundan su ve benzeri \u00fcr\u00fcnlerin depolanmas\u0131nda g\u00fcvenle kullan\u0131l\u0131r.<\/p>","protected":false},"featured_media":2250,"comment_status":"open","ping_status":"closed","template":"","meta":[],"product_brand":[],"product_cat":[60,57],"product_tag":[],"class_list":{"0":"post-262","1":"product","2":"type-product","3":"status-publish","4":"has-post-thumbnail","6":"product_cat-polietilen-dikey-depolar","7":"product_cat-polietilen-dozaj-depolari","8":"pa_brand-giorgio-adriani","9":"pa_color-blue","10":"pa_color-green","11":"pa_color-white","12":"pa_size-medium","13":"pa_size-x-large","15":"first","16":"instock","17":"shipping-taxable","18":"product-type-simple"},"_links":{"self":[{"href":"https:\/\/rotaplast.com\/en\/wp-json\/wp\/v2\/product\/262","targetHints":{"allow":["GET"]}}],"collection":[{"href":"https:\/\/rotaplast.com\/en\/wp-json\/wp\/v2\/product"}],"about":[{"href":"https:\/\/rotaplast.com\/en\/wp-json\/wp\/v2\/types\/product"}],"replies":[{"embeddable":true,"href":"https:\/\/rotaplast.com\/en\/wp-json\/wp\/v2\/comments?post=262"}],"wp:featuredmedia":[{"embeddable":true,"href":"https:\/\/rotaplast.com\/en\/wp-json\/wp\/v2\/media\/2250"}],"wp:attachment":[{"href":"https:\/\/rotaplast.com\/en\/wp-json\/wp\/v2\/media?parent=262"}],"wp:term":[{"taxonomy":"product_brand","embeddable":true,"href":"https:\/\/rotaplast.com\/en\/wp-json\/wp\/v2\/product_brand?post=262"},{"taxonomy":"product_cat","embeddable":true,"href":"https:\/\/rotaplast.com\/en\/wp-json\/wp\/v2\/product_cat?post=262"},{"taxonomy":"product_tag","embeddable":true,"href":"https:\/\/rotaplast.com\/en\/wp-json\/wp\/v2\/product_tag?post=262"}],"curies":[{"name":"wp","href":"https:\/\/api.w.org\/{rel}","templated":true}]}}